{"id":562,"date":"2025-09-23T18:37:57","date_gmt":"2025-09-23T16:37:57","guid":{"rendered":"http:\/\/margheritawinnik.art\/?page_id=562"},"modified":"2025-12-01T11:40:36","modified_gmt":"2025-12-01T10:40:36","slug":"relikwiarz","status":"publish","type":"page","link":"https:\/\/margheritawinnik.art\/en\/relikwiarz\/","title":{"rendered":"Relikwiarz"},"content":{"rendered":"<div data-elementor-type=\"wp-page\" data-elementor-id=\"562\" class=\"elementor elementor-562\" data-elementor-post-type=\"page\">\n\t\t\t\t\t\t<section class=\"elementor-section elementor-top-section elementor-element elementor-element-4d225a6 elementor-section-full_width elementor-section-height-default elementor-section-height-default\" data-id=\"4d225a6\" data-element_type=\"section\">\n\t\t\t\t\t\t<div class=\"elementor-container elementor-column-gap-no\">\n\t\t\t\t\t<div class=\"elementor-column elementor-col-100 elementor-top-column elementor-element elementor-element-42d7374\" data-id=\"42d7374\" data-element_type=\"column\">\n\t\t\t<div class=\"elementor-widget-wrap elementor-element-populated\">\n\t\t\t\t\t\t<div class=\"elementor-element elementor-element-54e2c0b elementor-align-left elementor-widget elementor-widget-bdevs-breadcrumb\" data-id=\"54e2c0b\" data-element_type=\"widget\" data-widget_type=\"bdevs-breadcrumb.default\">\n\t\t\t\t<div class=\"elementor-widget-container\">\n\t\t\t\t\t\n\t\t<section class=\"bg-3\">\n            <div class=\"container inner-spacer\">\n                <!-- divider start -->\n                <div class=\"inner-divider\"><\/div>\n                <!-- divider end -->\n                <!-- row start -->\n                <div class=\"row\">\n                    <!-- col start -->\n                    <div class=\"col-lg-12\">\n                        <!-- section title start -->\n                        <h1 class=\"main-title main-title-dark\">\n                            <span>RELIC CHASUBLE OF THE BLOOD<\/span><br>\n                         OF SAINT JOHN PAUL II \n                        <\/h1>\n                        <!-- section title end -->\n                        <!-- divider start -->\n                        <div class=\"inner-divider-half\"><\/div>\n                        <!-- divider end -->\n                        <!-- section subtitle start -->\n                        <h1 class=\"section-header section-header-dark\">\n                            Cathedral of St. John the Baptist in Wroc\u0142aw, Poland \n                        <\/h1>\n                        <!-- section subtitle end -->\n                    <\/div>\n                    <!-- col end -->\n                <\/div>\n                <!-- row end -->\n                <!-- divider start -->\n                <div class=\"inner-divider\"><\/div>\n                <!-- divider end -->\n            <\/div>\n        <\/section>\n        <!-- section end -->\n        <!-- section start -->\n        <div class=\"home-page\" id=\"home\">\n            <!-- hero bg start -->\n            <div class=\"hero-fullscreen\">\n                <!-- parallax start -->\n                <div class=\"parallax-window\" data-image-src=\"http:\/\/margheritawinnik.art\/wp-content\/uploads\/2025\/11\/1763412873275.jpg\" data-parallax=\"scroll\"><\/div>\n                <!-- parallax end -->\n            <\/div>\n            <!-- hero bg end -->\n        <\/div>\n        <!-- page wrapper start -->\n        <div class=\"page-wrapper\">\n\t\t\t\n\t\t\t\n\t\t\t\n\t\t\t\n\t\t\t\t\t\t\t\t<\/div>\n\t\t\t\t<\/div>\n\t\t\t\t\t<\/div>\n\t\t<\/div>\n\t\t\t\t\t<\/div>\n\t\t<\/section>\n\t\t\t\t<section class=\"elementor-section elementor-top-section elementor-element elementor-element-8b8c55a elementor-section-full_width elementor-section-height-default elementor-section-height-default\" data-id=\"8b8c55a\" data-element_type=\"section\">\n\t\t\t\t\t\t<div class=\"elementor-container elementor-column-gap-no\">\n\t\t\t\t\t<div class=\"elementor-column elementor-col-100 elementor-top-column elementor-element elementor-element-71a2f81\" data-id=\"71a2f81\" data-element_type=\"column\">\n\t\t\t<div class=\"elementor-widget-wrap elementor-element-populated\">\n\t\t\t\t\t\t<section class=\"elementor-section elementor-inner-section elementor-element elementor-element-c86b160 elementor-section-boxed elementor-section-height-default elementor-section-height-default\" data-id=\"c86b160\" data-element_type=\"section\">\n\t\t\t\t\t\t<div class=\"elementor-container elementor-column-gap-default\">\n\t\t\t\t\t<div class=\"elementor-column elementor-col-33 elementor-inner-column elementor-element elementor-element-3acb3f6\" data-id=\"3acb3f6\" data-element_type=\"column\">\n\t\t\t<div class=\"elementor-widget-wrap elementor-element-populated\">\n\t\t\t\t\t\t<div class=\"elementor-element elementor-element-0dabaf4 elementor-widget elementor-widget-image\" data-id=\"0dabaf4\" data-element_type=\"widget\" data-widget_type=\"image.default\">\n\t\t\t\t<div class=\"elementor-widget-container\">\n\t\t\t\t\t\t\t\t\t\t\t\t\t\t\t<img fetchpriority=\"high\" decoding=\"async\" width=\"216\" height=\"300\" src=\"https:\/\/margheritawinnik.art\/wp-content\/uploads\/2025\/11\/nw-216x300.jpg\" class=\"attachment-medium size-medium wp-image-928\" alt=\"\" srcset=\"https:\/\/margheritawinnik.art\/wp-content\/uploads\/2025\/11\/nw-216x300.jpg 216w, https:\/\/margheritawinnik.art\/wp-content\/uploads\/2025\/11\/nw.jpg 652w\" sizes=\"(max-width: 216px) 100vw, 216px\" \/>\t\t\t\t\t\t\t\t\t\t\t\t\t\t\t<\/div>\n\t\t\t\t<\/div>\n\t\t\t\t\t<\/div>\n\t\t<\/div>\n\t\t\t\t<div class=\"elementor-column elementor-col-66 elementor-inner-column elementor-element elementor-element-f791261\" data-id=\"f791261\" data-element_type=\"column\">\n\t\t\t<div class=\"elementor-widget-wrap elementor-element-populated\">\n\t\t\t\t\t\t<div class=\"elementor-element elementor-element-55ea342 elementor-widget elementor-widget-heading\" data-id=\"55ea342\" data-element_type=\"widget\" data-widget_type=\"heading.default\">\n\t\t\t\t<div class=\"elementor-widget-container\">\n\t\t\t\t\t<h1 class=\"elementor-heading-title elementor-size-default\">Nowe \u017bycie: Listopad 2022<\/h1>\t\t\t\t<\/div>\n\t\t\t\t<\/div>\n\t\t\t\t<div class=\"elementor-element elementor-element-a79baaf elementor-widget elementor-widget-heading\" data-id=\"a79baaf\" data-element_type=\"widget\" data-widget_type=\"heading.default\">\n\t\t\t\t<div class=\"elementor-widget-container\">\n\t\t\t\t\t<h4 class=\"elementor-heading-title elementor-size-default\">Temat Numeru:<\/h4>\t\t\t\t<\/div>\n\t\t\t\t<\/div>\n\t\t\t\t<div class=\"elementor-element elementor-element-7bbd580 elementor-widget elementor-widget-heading\" data-id=\"7bbd580\" data-element_type=\"widget\" data-widget_type=\"heading.default\">\n\t\t\t\t<div class=\"elementor-widget-container\">\n\t\t\t\t\t<h1 class=\"elementor-heading-title elementor-size-default\">Relikwiarz krwi \n\u015bw. Jana Paw\u0142a II<\/h1>\t\t\t\t<\/div>\n\t\t\t\t<\/div>\n\t\t\t\t<div class=\"elementor-element elementor-element-3305328 elementor-widget elementor-widget-heading\" data-id=\"3305328\" data-element_type=\"widget\" data-widget_type=\"heading.default\">\n\t\t\t\t<div class=\"elementor-widget-container\">\n\t\t\t\t\t<h5 class=\"elementor-heading-title elementor-size-default\">Ma\u0142gorzata Maria Winnik<\/h5>\t\t\t\t<\/div>\n\t\t\t\t<\/div>\n\t\t\t\t<div class=\"elementor-element elementor-element-d28af08 elementor-widget elementor-widget-button\" data-id=\"d28af08\" data-element_type=\"widget\" data-widget_type=\"button.default\">\n\t\t\t\t<div class=\"elementor-widget-container\">\n\t\t\t\t\t\t\t\t\t<div class=\"elementor-button-wrapper\">\n\t\t\t\t\t<a class=\"elementor-button elementor-button-link elementor-size-sm\" href=\"http:\/\/]\/wp-content\/uploads\/2025\/11\/NoweZycie.pdf\">\n\t\t\t\t\t\t<span class=\"elementor-button-content-wrapper\">\n\t\t\t\t\t\t\t\t\t<span class=\"elementor-button-text\">\u015aci\u0105gnij PDF<\/span>\n\t\t\t\t\t<\/span>\n\t\t\t\t\t<\/a>\n\t\t\t\t<\/div>\n\t\t\t\t\t\t\t\t<\/div>\n\t\t\t\t<\/div>\n\t\t\t\t\t<\/div>\n\t\t<\/div>\n\t\t\t\t\t<\/div>\n\t\t<\/section>\n\t\t\t\t<div class=\"elementor-element elementor-element-3d717d8 elementor-align-left elementor-widget elementor-widget-bdevs-project\" data-id=\"3d717d8\" data-element_type=\"widget\" id=\"praca-project\" data-widget_type=\"bdevs-project.default\">\n\t\t\t\t<div class=\"elementor-widget-container\">\n\t\t\t\t\t        <!-- page wrapper start -->\n        <div class=\"page-wrapper\">\n            <!-- section start -->\n            <section class=\"bg-2\">\n                <div class=\"container inner-spacer\">\n                    <!-- divider start -->\n                    <div class=\"inner-divider\"><\/div>\n                    <!-- divider end -->\n\n                    \t                <!-- row start -->\n\t                <div class=\"row\">\n\t                    <!-- col start -->\n\t                    <div class=\"col-lg-12\">\n\t                        <!-- section title start -->\n\t                        <h2 class=\"section-heading section-heading-dark\">\n\t                            \t                        <\/h2>\n\t                        <!-- section title end -->\n\t                    <\/div>\n\t                    <!-- col end -->\n\t                <\/div>\n\t                <!-- row end -->\n\t                <!-- divider start -->\n\t                <div class=\"inner-divider-half\"><\/div>\n\t                <!-- divider end -->\n\t            \t\n\t            \t\t                <!-- row start -->\n\t                <div class=\"row\">\n\t                    <!-- col start -->\n\t                    <div class=\"col-lg-12\">\n\t                        <!-- section subtitle start -->\n\t                        <h1 class=\"section-header section-header-dark\">\n\t                            \t                        <\/h1>\n\t                        <!-- section subtitle end -->\n\t                    <\/div>\n\t                    <!-- col end -->\n\t                <\/div>\n\t                <!-- row end -->\n\t                <!-- divider start -->\n\t                <div class=\"inner-divider\"><\/div>\n\t                <!-- divider end -->\n\t            \t                <\/div>\n            <\/section>\n            <!-- section end -->\n            <!-- project start -->\n\n            \n            <!-- section start -->\n            <section class=\"bg-3\">\n                <div class=\"container inner-spacer\">\n                    <!-- divider start -->\n                    <div class=\"inner-divider\"><\/div>\n                    <!-- divider end -->\n                    <!-- row start -->\n                    <div class=\"row\">\n                        <!-- col start -->\n                        <div class=\"col-lg-12\">\n                            <!-- section title start -->\n                            <div class=\"subtitle\"><\/div>\n                            <!-- section title end -->\n                            <!-- divider start -->\n                            <div class=\"inner-divider-half\"><\/div>\n                            <!-- divider end -->\n                            <div class=\"post-spacing-3\">\n                                <!-- section title start -->\n                                <h1 class=\"main-title main-title-all main-title-all-left\">\n                                    <a href=\"\"><\/a>\n                                <\/h1>\n                                <!-- section title end -->\n                                <!-- divider start -->\n                                <div class=\"inner-divider-half\"><\/div>\n                                <!-- divider end -->\n                                <div class=\"testimonial testimonial-dark\">\n                                    <div class=\"inner\">\n                                        <div class=\"quote\">\n                                            <blockquote class=\"quote-inner\">\n                                           Dimensions: 75 x 30 x 105 cm<br>\nMaterials: Bronze sculpture, lost wax technique, in vacuum, fire patina, enamel on copper and glaze 835 \u00b0C, agate geode, gilded elements. \n                                            <\/blockquote>\n                                        <\/div>\n                                    <\/div>\n                                <\/div>\n                                <div class=\"inner-divider-half\"><\/div>\n                                <div class=\"section-txt section-txt-dark\">\n                                    <p>\nThe purpose of this work is to preserve the blood of Saint Pope John Paul II and to commemorate his visit to Wroc\u0142aw Cathedral during the 46th Eucharistic Congress. This work allows us to notice the presence of the Holy Father John Paul II, even though the intention is not to show his entire figure or his face. However, thanks to the outline of the White Shepherd, he becomes very clear and recognisable.\n<br \/><br \/>\nThe hands of Peter's Polish successor, already showing the beginnings of degeneration, with a golden fisherman's ring, clasp a decorated monstrance, bringing Christ in the Eucharist to the fore. This monstrance, which is a sculptural paraphrase of the radiant monstrance actually used by John Paul II during the adoration of the Blessed Sacrament on 31 May 1997 in Wroc\u0142aw Cathedral, is intended to be a reference to the Tradition of the Church, and in particular to the tradition of the Archdiocese of Wroc\u0142aw. Therefore, it is not meant to be a copy of the original, but an artistic expression, a means which, thanks to recognisable elements referring to the exhibit from the cathedral treasury (1672), combines with contemporary forms developed by the artist.<br \/><br \/>\n\nThe reference to the radiant monstrance not only transports us to a specific place and time, namely 31 May 1997, but also helps to fully express the idea of the continuity of time in the Church. Tradition and the present are present at the same moment. <br \/>The Church is the Living Mystical Body of Christ, the same - though different, eternally lasting. In this Church, the same Christ is always present.<br \/><br \/>\n\nThe figure of St. John Paul II remains in the background of the monstrance. Christ is always in front of him, because John Paul II wanted Christ to always be in the first place. The brightest point of the composition is therefore the symbol of the precious Host. The figure of the Pope \u2018lives\u2019 by its light. The light emanating from the monstrance illuminates the figure, which is literally sustained by flames and filled with a breeze.<br \/>\nThis action of the Spirit, who \u201cblows where he wills\u201d (cf. Jn 3:8), is represented in this sculpture in the form of tongues of fire and elements and fabrics clearly moving in the breeze. This gentle \u2018breath\u2019 frees the small sculptural forms from the rigid composition of the liturgical vessel, breaking the glazed and rigid geometric rays around the monstrance, directing them as if by a vortex of mysterious force upwards to God the Father. These fragments of rigid elements are transformed into natural, soft forms that fill the space, rising from the bright Host, made of precious geode agate stone \u2013 the brightest point of the composition, right up to the stained glass windows of Wroc\u0142aw Cathedral. Other delicate, gilded, soft forms settle around the Host, completing the ring. <br \/>Looking at the Host against the light, we see the delicate inscription Eucharistia et libertas \u2013 Eucharist and freedom, which is the motto of the 46th International Eucharistic Congress. <br \/>\nThe symbolically represented stained glass windows allow us to immediately recognise the interior of Wroc\u0142aw Cathedral. They are not made of glass.<br \/>\nHere, they are made of copper and subjected to precise glazing, similar to the monstrance. Light passes through the empty spaces. The monstrance depicted in the sculpture is raised above a base that is part of the altar, which is also the place where the relics are kept.\n<br \/><br \/>\n<p>New Life: November 2022 \u2014 Issue Topic: \"Relic chasuble of the blood of St. John Paul II\" \u2014 author: Ma\u0142gorzata Maria Winnik<\/p>\n\n<a href=\"https:\/\/drive.google.com\/file\/d\/1qXjBKOzCwf-5eZE-73tj6nVRyUC66k4j\/view?usp=sharing\" target=\"_blank\" style=\"align-items:center;gap:6px;padding:8px 12px;background:#f5f5f5;border-radius:6px;text-decoration:none;color:#202124\">\n  <img decoding=\"async\" src=\"https:\/\/www.google.com\/s2\/favicons?sz=32&amp;domain=drive.google.com\" style=\"width:20px;height:20px\">\n  <span>Download PDF from Google Drive<\/span>\n<\/a>\n\n                                    <\/p>\n                                <\/div>\n                                <!-- divider start -->\n                                <div class=\"inner-divider-half\"><\/div>\n                                <!-- divider end -->\n                                <!-- button start -->\n                                <div class=\"button-the-wrapper button-the-wrapper-all\">\n                                    <a class=\"button-the\" href=\"\"><\/a>\n                                <\/div>\n                                <!-- button end -->\n                            <\/div>\n                        <\/div>\n                        <!-- col end -->\n                    <\/div>\n                    <!-- row end -->\n                    <!-- divider start -->\n                    <div class=\"inner-divider\"><\/div>\n                    <!-- divider end -->\n                <\/div>\n            <\/section>\n            <!-- section end -->\n            <!-- section start -->\n            <section class=\"bg-2\">\n                <div class=\"container-fluid inner-spacer-2\">\n                    <!-- row start -->\n                    <div class=\"row\">\n                        <!-- col start -->\n                        <div class=\"col-lg-12\">\n                            <!-- showcase start -->\n                            <div class=\"extra-margin-justify\">\n                                <div class=\"works-justify-gallery popup-photo-gallery\">\n                                    <a href=\"http:\/\/margheritawinnik.art\/wp-content\/uploads\/2025\/11\/1763414857425.jpg\" title=\"IMG Description\">\n                                    <img decoding=\"async\" alt=\"Img\" src=\"http:\/\/margheritawinnik.art\/wp-content\/uploads\/2025\/11\/1763414857425.jpg\"\/>\n                                    <\/a>\n\n                                    <a href=\"http:\/\/margheritawinnik.art\/wp-content\/uploads\/2025\/11\/1763414857433-e1763415357796.jpg\" title=\"IMG Description\">\n                                    <img decoding=\"async\" alt=\"Img\" src=\"http:\/\/margheritawinnik.art\/wp-content\/uploads\/2025\/11\/1763414857433-e1763415357796.jpg\"\/>\n                                    <\/a>\n\n                                    <a href=\"http:\/\/margheritawinnik.art\/wp-content\/uploads\/2025\/11\/1763414069969-e1763414229235.jpg\" title=\"IMG Description\">\n                                    <img decoding=\"async\" alt=\"Img\" src=\"http:\/\/margheritawinnik.art\/wp-content\/uploads\/2025\/11\/1763414069969-e1763414229235.jpg\"\/>\n                                    <\/a>\n\n                                    <a href=\"http:\/\/margheritawinnik.art\/wp-content\/uploads\/2025\/11\/1763496009047.jpg\" title=\"IMG Description\">\n                                    <img decoding=\"async\" alt=\"Img\" src=\"http:\/\/margheritawinnik.art\/wp-content\/uploads\/2025\/11\/1763496009047.jpg\"\/>\n                                    <\/a>\n                                <\/div>\n                            <\/div>\n                            <!-- showcase end -->\n                        <\/div>\n                        <!-- col end -->\n                    <\/div>\n                    <!-- row end -->\n                <\/div>\n            <\/section>\n            <!-- section end -->\n\n        \t\n            <!-- project end -->\n            <!-- section start -->\n            <section class=\"bg-3\">\n                <div class=\"container inner-spacer\">\n                    <!-- divider start -->\n                    <div class=\"inner-divider\"><\/div>\n                    <!-- divider end -->\n                    \n                <\/div>\n            <\/section>\n            <!-- section end -->\n\t\t\t\n\t\t\t\t\t\t\t\t<\/div>\n\t\t\t\t<\/div>\n\t\t\t\t<div class=\"elementor-element elementor-element-5c38501 elementor-align-center elementor-widget elementor-widget-button\" data-id=\"5c38501\" data-element_type=\"widget\" data-widget_type=\"button.default\">\n\t\t\t\t<div class=\"elementor-widget-container\">\n\t\t\t\t\t\t\t\t\t<div class=\"elementor-button-wrapper\">\n\t\t\t\t\t<a class=\"elementor-button elementor-button-link elementor-size-sm\" href=\"\/en\/kontakt\/\">\n\t\t\t\t\t\t<span class=\"elementor-button-content-wrapper\">\n\t\t\t\t\t\t\t\t\t<span class=\"elementor-button-text\">Contact me<\/span>\n\t\t\t\t\t<\/span>\n\t\t\t\t\t<\/a>\n\t\t\t\t<\/div>\n\t\t\t\t\t\t\t\t<\/div>\n\t\t\t\t<\/div>\n\t\t\t\t\t<\/div>\n\t\t<\/div>\n\t\t\t\t\t<\/div>\n\t\t<\/section>\n\t\t\t\t<\/div>","protected":false},"excerpt":{"rendered":"<p>RELIKWIARZ KRWI \u015aWI\u0118TEGO JANA PAW\u0141A II Katedra \u015aw. Jana Chrzciciela we Wroc\u0142awiu , Polska Nowe \u017bycie: Listopad 2022 Temat Numeru: Relikwiarz krwi \u015bw. Jana Paw\u0142a II Ma\u0142gorzata Maria Winnik \u015aci\u0105gnij PDF Wymiary: 75 x 30 x 105cm Materia\u0142y: Rze\u017aba w br\u0105zie, technika wosku traconego, in vacuum, patyna ogniowa, emalia na mied\u017a i szkliwo 835 st. [&hellip;]<\/p>","protected":false},"author":1,"featured_media":775,"parent":0,"menu_order":0,"comment_status":"closed","ping_status":"closed","template":"page-templates\/pages.php","meta":{"inline_featured_image":false,"footnotes":""},"class_list":["post-562","page","type-page","status-publish","has-post-thumbnail","hentry"],"_links":{"self":[{"href":"https:\/\/margheritawinnik.art\/en\/wp-json\/wp\/v2\/pages\/562","targetHints":{"allow":["GET"]}}],"collection":[{"href":"https:\/\/margheritawinnik.art\/en\/wp-json\/wp\/v2\/pages"}],"about":[{"href":"https:\/\/margheritawinnik.art\/en\/wp-json\/wp\/v2\/types\/page"}],"author":[{"embeddable":true,"href":"https:\/\/margheritawinnik.art\/en\/wp-json\/wp\/v2\/users\/1"}],"replies":[{"embeddable":true,"href":"https:\/\/margheritawinnik.art\/en\/wp-json\/wp\/v2\/comments?post=562"}],"version-history":[{"count":17,"href":"https:\/\/margheritawinnik.art\/en\/wp-json\/wp\/v2\/pages\/562\/revisions"}],"predecessor-version":[{"id":1128,"href":"https:\/\/margheritawinnik.art\/en\/wp-json\/wp\/v2\/pages\/562\/revisions\/1128"}],"wp:featuredmedia":[{"embeddable":true,"href":"https:\/\/margheritawinnik.art\/en\/wp-json\/wp\/v2\/media\/775"}],"wp:attachment":[{"href":"https:\/\/margheritawinnik.art\/en\/wp-json\/wp\/v2\/media?parent=562"}],"curies":[{"name":"wp","href":"https:\/\/api.w.org\/{rel}","templated":true}]}}