{"id":663,"date":"2025-11-15T15:01:24","date_gmt":"2025-11-15T14:01:24","guid":{"rendered":"http:\/\/margheritawinnik.art\/?page_id=663"},"modified":"2025-12-15T00:02:59","modified_gmt":"2025-12-14T23:02:59","slug":"inspiracje","status":"publish","type":"page","link":"https:\/\/margheritawinnik.art\/en\/inspiracje\/","title":{"rendered":"INSPIRATIONS"},"content":{"rendered":"<div data-elementor-type=\"wp-page\" data-elementor-id=\"663\" class=\"elementor elementor-663\" data-elementor-post-type=\"page\">\n\t\t\t\t\t\t<section class=\"elementor-section elementor-top-section elementor-element elementor-element-ff5be6e elementor-section-full_width elementor-section-height-default elementor-section-height-default\" data-id=\"ff5be6e\" data-element_type=\"section\">\n\t\t\t\t\t\t<div class=\"elementor-container elementor-column-gap-no\">\n\t\t\t\t\t<div class=\"elementor-column elementor-col-100 elementor-top-column elementor-element elementor-element-c0b19fe\" data-id=\"c0b19fe\" data-element_type=\"column\">\n\t\t\t<div class=\"elementor-widget-wrap elementor-element-populated\">\n\t\t\t\t\t\t<div class=\"elementor-element elementor-element-9be8214 elementor-align-left elementor-widget elementor-widget-bdevs-breadcrumb\" data-id=\"9be8214\" data-element_type=\"widget\" data-widget_type=\"bdevs-breadcrumb.default\">\n\t\t\t\t<div class=\"elementor-widget-container\">\n\t\t\t\t\t\n\t\t<section class=\"bg-3\">\n            <div class=\"container inner-spacer\">\n                <!-- divider start -->\n                <div class=\"inner-divider\"><\/div>\n                <!-- divider end -->\n                <!-- row start -->\n                <div class=\"row\">\n                    <!-- col start -->\n                    <div class=\"col-lg-12\">\n                        <!-- section title start -->\n                        <h1 class=\"main-title main-title-dark\">\n                            <span>Art, drawing on the spirit, <\/span><br>speaks to the heart \n                        <\/h1>\n                        <!-- section title end -->\n                        <!-- divider start -->\n                        <div class=\"inner-divider-half\"><\/div>\n                        <!-- divider end -->\n                        <!-- section subtitle start -->\n                        <h1 class=\"section-header section-header-dark\">\n                            It is in creating and loving that I find confirmation that I was created in God's image. \n                        <\/h1>\n                        <!-- section subtitle end -->\n                    <\/div>\n                    <!-- col end -->\n                <\/div>\n                <!-- row end -->\n                <!-- divider start -->\n                <div class=\"inner-divider\"><\/div>\n                <!-- divider end -->\n            <\/div>\n        <\/section>\n        <!-- section end -->\n        <!-- section start -->\n        <div class=\"home-page\" id=\"home\">\n            <!-- hero bg start -->\n            <div class=\"hero-fullscreen\">\n                <!-- parallax start -->\n                <div class=\"parallax-window\" data-image-src=\"http:\/\/margheritawinnik.art\/wp-content\/uploads\/2025\/11\/Image00005-2023-06-23T17_25_43.869.jpg\" data-parallax=\"scroll\"><\/div>\n                <!-- parallax end -->\n            <\/div>\n            <!-- hero bg end -->\n        <\/div>\n        <!-- page wrapper start -->\n        <div class=\"page-wrapper\">\n\t\t\t\n\t\t\t\n\t\t\t\n\t\t\t\n\t\t\t\t\t\t\t\t<\/div>\n\t\t\t\t<\/div>\n\t\t\t\t\t<\/div>\n\t\t<\/div>\n\t\t\t\t\t<\/div>\n\t\t<\/section>\n\t\t\t\t<section class=\"elementor-section elementor-top-section elementor-element elementor-element-66c0670 elementor-section-full_width elementor-section-height-default elementor-section-height-default\" data-id=\"66c0670\" data-element_type=\"section\">\n\t\t\t\t\t\t<div class=\"elementor-container elementor-column-gap-no\">\n\t\t\t\t\t<div class=\"elementor-column elementor-col-100 elementor-top-column elementor-element elementor-element-d218ad0\" data-id=\"d218ad0\" data-element_type=\"column\">\n\t\t\t<div class=\"elementor-widget-wrap elementor-element-populated\">\n\t\t\t\t\t\t<div class=\"elementor-element elementor-element-cd434c9 elementor-arrows-position-inside elementor-pagination-position-outside elementor-widget elementor-widget-image-carousel\" data-id=\"cd434c9\" data-element_type=\"widget\" data-settings=\"{&quot;navigation&quot;:&quot;both&quot;,&quot;autoplay&quot;:&quot;yes&quot;,&quot;pause_on_hover&quot;:&quot;yes&quot;,&quot;pause_on_interaction&quot;:&quot;yes&quot;,&quot;autoplay_speed&quot;:5000,&quot;infinite&quot;:&quot;yes&quot;,&quot;speed&quot;:500}\" data-widget_type=\"image-carousel.default\">\n\t\t\t\t<div class=\"elementor-widget-container\">\n\t\t\t\t\t\t\t<div class=\"elementor-image-carousel-wrapper swiper\" role=\"region\" aria-roledescription=\"carousel\" aria-label=\"Karuzela obrazk\u00f3w\" dir=\"ltr\">\n\t\t\t<div class=\"elementor-image-carousel swiper-wrapper\" aria-live=\"off\">\n\t\t\t\t\t\t\t\t<div class=\"swiper-slide\" role=\"group\" aria-roledescription=\"slide\" aria-label=\"1 z 7\"><figure class=\"swiper-slide-inner\"><img decoding=\"async\" class=\"swiper-slide-image\" src=\"http:\/\/margheritawinnik.art\/wp-content\/uploads\/2022\/05\/2-5.jpg\" alt=\"\" \/><\/figure><\/div><div class=\"swiper-slide\" role=\"group\" aria-roledescription=\"slide\" aria-label=\"2 z 7\"><figure class=\"swiper-slide-inner\"><img decoding=\"async\" class=\"swiper-slide-image\" src=\"http:\/\/margheritawinnik.art\/wp-content\/uploads\/2022\/05\/1-6.jpg\" alt=\"\" \/><\/figure><\/div><div class=\"swiper-slide\" role=\"group\" aria-roledescription=\"slide\" aria-label=\"3 z 7\"><figure class=\"swiper-slide-inner\"><img decoding=\"async\" class=\"swiper-slide-image\" src=\"http:\/\/margheritawinnik.art\/wp-content\/uploads\/2022\/05\/2-4.jpg\" alt=\"\" \/><\/figure><\/div><div class=\"swiper-slide\" role=\"group\" aria-roledescription=\"slide\" aria-label=\"4 z 7\"><figure class=\"swiper-slide-inner\"><img decoding=\"async\" class=\"swiper-slide-image\" src=\"http:\/\/margheritawinnik.art\/wp-content\/uploads\/2022\/05\/1-5.jpg\" alt=\"\" \/><\/figure><\/div><div class=\"swiper-slide\" role=\"group\" aria-roledescription=\"slide\" aria-label=\"5 z 7\"><figure class=\"swiper-slide-inner\"><img decoding=\"async\" class=\"swiper-slide-image\" src=\"http:\/\/margheritawinnik.art\/wp-content\/uploads\/2022\/06\/7-8.jpg\" alt=\"\" \/><\/figure><\/div><div class=\"swiper-slide\" role=\"group\" aria-roledescription=\"slide\" aria-label=\"6 z 7\"><figure class=\"swiper-slide-inner\"><img decoding=\"async\" class=\"swiper-slide-image\" src=\"http:\/\/margheritawinnik.art\/wp-content\/uploads\/2022\/06\/7-7.jpg\" alt=\"\" \/><\/figure><\/div><div class=\"swiper-slide\" role=\"group\" aria-roledescription=\"slide\" aria-label=\"7 z 7\"><figure class=\"swiper-slide-inner\"><img decoding=\"async\" class=\"swiper-slide-image\" src=\"http:\/\/margheritawinnik.art\/wp-content\/uploads\/2022\/06\/7-6.jpg\" alt=\"\" \/><\/figure><\/div>\t\t\t<\/div>\n\t\t\t\t\t\t\t\t\t\t\t\t<div class=\"elementor-swiper-button elementor-swiper-button-prev\" role=\"button\" tabindex=\"0\">\n\t\t\t\t\t\t<i aria-hidden=\"true\" class=\"eicon-chevron-left\"><\/i>\t\t\t\t\t<\/div>\n\t\t\t\t\t<div class=\"elementor-swiper-button elementor-swiper-button-next\" role=\"button\" tabindex=\"0\">\n\t\t\t\t\t\t<i aria-hidden=\"true\" class=\"eicon-chevron-right\"><\/i>\t\t\t\t\t<\/div>\n\t\t\t\t\n\t\t\t\t\t\t\t\t\t<div class=\"swiper-pagination\"><\/div>\n\t\t\t\t\t\t\t\t\t<\/div>\n\t\t\t\t\t\t<\/div>\n\t\t\t\t<\/div>\n\t\t\t\t<div class=\"elementor-element elementor-element-8c59a6e elementor-align-left elementor-widget elementor-widget-bdevs-Features\" data-id=\"8c59a6e\" data-element_type=\"widget\" data-widget_type=\"bdevs-Features.default\">\n\t\t\t\t<div class=\"elementor-widget-container\">\n\t\t\t\t\t\r\n\t\t<section class=\"bg-2\">\r\n            <div class=\"container inner-spacer\">\r\n                <!-- divider start -->\r\n                <div class=\"inner-divider\"><\/div>\r\n                <!-- divider end -->\r\n\r\n                                <!-- row start -->\r\n                <div class=\"row\">\r\n                    <!-- col start -->\r\n                    <div class=\"col-lg-12\">\r\n                        <!-- section title start -->\r\n                        <h2 class=\"section-heading section-heading-dark\">\r\n                            INSPIRATIONS                        <\/h2>\r\n                        <!-- section title end -->\r\n                    <\/div>\r\n                    <!-- col end -->\r\n                <\/div>\r\n                <!-- row end -->\r\n                <!-- divider start -->\r\n                <div class=\"inner-divider-half\"><\/div>\r\n                <!-- divider end -->\r\n            \t\r\n            \t                <!-- row start -->\r\n                <div class=\"row\">\r\n                    <!-- col start -->\r\n                    <div class=\"col-lg-12\">\r\n                        <!-- section subtitle start -->\r\n                        <h1 class=\"section-header section-header-dark\">\r\n                            <span style=\"font-size:1.1em\"> I want to believe that it is God who shapes my thoughts and feelings, and I let Him guide me, through the joy and hardship of the sculpting process, to create a work that evokes His beauty, the inexhaustible source of my inspiration. <br \/>\n<br \/>\nMy desire is to create something more than a serialised object of artistic craftsmanship. A thought, surrounded by prayer for days, months or years, transforms into a sculpture over time. Thus, in the pursuit of reflection on True Beauty, the ideas for my works are born. The mysteries contemplated take the form of empty spaces and fullness. \n<br \/>\nI timidly approach the lives of the Saints to show them as different, yet so similar, original, each fully themselves. Working on a piece is my prayer. Creation is a private encounter with God; moments of tears, thanksgiving, delight, contemplation and silence, in order to remain in truth and intuition. <br \/>\n<br \/>\nConstant questions, trials, decisions, fatigue, failures, fear, falls, resolutions, changes \u2013 it is a continuous process of conversion. Each stage of work is another stage of prayer, often accompanied by the Eucharist. It is the acceptance of the hardships of everyday life, the pulsating life and the mystery of lived life. <br \/>\n<br \/>\nI entrust the entire creative development of the model and the risky process of casting to God, so that everything may come to fruition according to His will. It is a daily prayer that He may guide my hands to His glory. <br \/>\n<br \/>\nJust as the forms of the sculpture emerge transformed from the flames, rich in experience they did not have before, so I, the artist, am no longer who I was before after each encounter. Only the seal \u2013 my signature \u2013 remains the same. Now my life is different... until the next sculpture.<\/span>                        <\/h1>\r\n                        <!-- section subtitle end -->\r\n                    <\/div>\r\n                    <!-- col end -->\r\n                <\/div>\r\n                <!-- row end -->\r\n                <!-- divider start -->\r\n                <div class=\"inner-divider\"><\/div>\r\n                <!-- divider end -->\r\n            \t            \t\r\n                <!-- row start -->\r\n                <div class=\"row\">\r\n                    <!-- col start -->\r\n                    <div class=\"col-lg-12\">\r\n                        <!-- panel wrapper start -->\r\n                        <div class=\"panel-wrapper\">\r\n                            <div class=\"panel-group\" id=\"accordion\" role=\"tablist\" aria-multiselectable=\"true\">\r\n\r\n                            \t\t\t\t\t\t\t\t\t\t\t                                    <div class=\"panel panel-default\">\r\n                                        <div class=\"panel-heading\" id=\"headingOne\" role=\"tab\">\r\n                                            <h4 class=\"panel-title\">\r\n                                                <a role=\"button\" data-toggle=\"collapse\" data-parent=\"#accordion\" href=\"#collapseOne\" aria-expanded=\"true\" aria-controls=\"collapseOne\">\r\n                                                    <!-- section title start -->\r\n                                                    <span class=\"panel-title\">\r\n                                                    FAITH                                                    \r\n                                                    <\/span>\r\n                                                    <!-- section title end -->\r\n                                                    <i class=\"pull-left ion ion-plus\"><\/i>                                                \r\n                                                <\/a>\r\n                                            <\/h4>\r\n                                        <\/div>\r\n                                        <div class=\"panel-collapse collapse in\" id=\"collapseOne\" role=\"tabpanel\" aria-labelledby=\"headingOne\">\r\n                                            <!-- section txt start -->\r\n                                            <div class=\"panel-body\">\r\n                                                <p>Faith is a relationship, a bond, an encounter with God \u2013 a Person. It is the conviction that He loved me first, without my merit, just as I am. Faith is the certainty that God desires my happiness and the awareness that He has placed the desire for happiness in my heart, leading me to a free choice: to become a wife, a mother, a friend, an artist. <br \/><br \/>\nWe find happiness by discovering the world within ourselves and encountering Him there, to give true meaning to what is happening outside. Only deep within ourselves, in the presence of God, can we feel complete happiness. Faith allows us to see our often black-and-white lives in all their beauty.\n<\/p>\r\n                                            <\/div>\r\n                                            <!-- section txt end -->\r\n                                        <\/div>\r\n                                    <\/div>\r\n                                \t                                    \t\t\t\t\t\t\t\t\t                                \t<div class=\"panel panel-default\">\r\n                                        <div class=\"panel-heading\" id=\"headingTwo\" role=\"tab\">\r\n                                            <h4 class=\"panel-title\">\r\n                                                <a class=\"collapsed\" role=\"button\" data-toggle=\"collapse\" data-parent=\"#accordion\" href=\"#collapseTwo\" aria-expanded=\"false\" aria-controls=\"collapseTwo\">\r\n                                                    <!-- section title start -->\r\n                                                    <span class=\"panel-title\">\r\n                                                    SILENCE                                                   \r\n                                                    <\/span>\r\n                                                    <!-- section title end -->\r\n                                                    <i class=\"pull-left ion ion-plus\"><\/i>                                                \r\n                                                <\/a>\r\n                                            <\/h4>\r\n                                        <\/div>\r\n                                        <div class=\"panel-collapse collapse\" id=\"collapseTwo\" role=\"tabpanel\" aria-labelledby=\"headingTwo\">\r\n                                            <!-- section txt start -->\r\n                                            <div class=\"panel-body\">\r\n                                                <p>Empty space plays a key role in my sculptures. I have a precise concept of emptiness: it is an experience leading to fullness, a narrow door that feeds the materiality of visual language and saturates the practical experience of reality. I often remove what is unnecessary to reveal what is necessary. <br \/><br \/>\nIn a work of art, this apparent absence has a special meaning. Emptiness creates space for the life of form, just as silence does in my life. In order to perceive the form of a sculpture, in addition to light, we must observe darkness; in order to emphasise fullness, the role of emptiness is necessary. <br \/><br \/>\nDiscovering silence allows us to descend into ourselves, to remove everything that clutters, burdens and is unnecessary, leaving room for Him to enter. This darkness, this emptiness, this silence becomes inhabited. Mystical places, full of silence, allow us to enter deep within ourselves, into contemplation of Creation, just as many saints built their lives.\n<\/p>\r\n                                            <\/div>\r\n                                            <!-- section txt end -->\r\n                                        <\/div>\r\n                                    <\/div>\r\n                                \t                                    \t\t\t\t\t\t\t\t\t                                \t<div class=\"panel panel-default\">\r\n                                        <div class=\"panel-heading\" id=\"headingThree\" role=\"tab\">\r\n                                            <h4 class=\"panel-title\">\r\n                                                <a class=\"collapsed\" role=\"button\" data-toggle=\"collapse\" data-parent=\"#accordion\" href=\"#collapseThree\" aria-expanded=\"false\" aria-controls=\"collapseThree\">\r\n                                                    <!-- section title start -->\r\n                                                    <span class=\"panel-title\">\r\n                                                    NATURE                                                   \r\n                                                    <\/span>\r\n                                                    <!-- section title end -->\r\n                                                    <i class=\"pull-left ion ion-plus\"><\/i>                                                \r\n                                                <\/a>\r\n                                            <\/h4>\r\n                                        <\/div>\r\n                                        <div class=\"panel-collapse collapse\" id=\"collapseThree\" role=\"tabpanel\" aria-labelledby=\"headingThree\">\r\n                                            <!-- section txt start -->\r\n                                            <div class=\"panel-body\">\r\n                                                <p>There are wonderful places in nature, pristine, quiet, like natural temples \u2013 which help us discover ourselves and create. Nature, with its wonderful rhythm of life, inspires me immensely. The echo of nature can be heard in each of my works. <br \/><br \/>\nIn these places, I collect roots, plants, leaves, bark and thorns to translate them into the language of sculpture. I seek a relationship between myself and the world, trying to transcend apparent reality. Reality is always greater than what I understand about it. <br \/><br \/>\nFascinated by matter, I experiment with its resistance to gesture in order to recreate in art the diverse impulses of nature, which generates life through its eternal rebirth. My research focuses on traces and imprints, on hidden signs that require listening and silence. Imprints are a \u2018desire\u2019 for individuality. Like reflections of nature, they are created in layers of matter. Reliefs, absorbing delicate light, reveal and describe the landscape of my soul.<\/p>\r\n                                            <\/div>\r\n                                            <!-- section txt end -->\r\n                                        <\/div>\r\n                                    <\/div>\r\n                                \t                                                                <\/div>\r\n                        <\/div>\r\n                        <!-- panel wrapper end -->\r\n                    <\/div>\r\n                    <!-- col end -->\r\n                <\/div>\r\n                <!-- row end -->\r\n                <!-- divider start -->\r\n                <div class=\"inner-divider\"><\/div>\r\n                <!-- divider end -->\r\n            <\/div>\r\n        <\/section>\r\n\t\t\t\t\t<\/div>\n\t\t\t\t<\/div>\n\t\t\t\t<div class=\"elementor-element elementor-element-cdfdaf4 elementor--h-position-center elementor--v-position-middle elementor-arrows-position-inside elementor-pagination-position-inside elementor-widget elementor-widget-slides\" data-id=\"cdfdaf4\" data-element_type=\"widget\" data-settings=\"{&quot;navigation&quot;:&quot;both&quot;,&quot;autoplay&quot;:&quot;yes&quot;,&quot;pause_on_hover&quot;:&quot;yes&quot;,&quot;pause_on_interaction&quot;:&quot;yes&quot;,&quot;autoplay_speed&quot;:5000,&quot;infinite&quot;:&quot;yes&quot;,&quot;transition&quot;:&quot;slide&quot;,&quot;transition_speed&quot;:500}\" data-widget_type=\"slides.default\">\n\t\t\t\t<div class=\"elementor-widget-container\">\n\t\t\t\t\t\t\t\t\t<div class=\"elementor-swiper\">\r\n\t\t\t\t\t<div class=\"elementor-slides-wrapper elementor-main-swiper swiper\" role=\"region\" aria-roledescription=\"carousel\" aria-label=\"Slides\" dir=\"ltr\" data-animation=\"fadeInUp\">\r\n\t\t\t\t<div class=\"swiper-wrapper elementor-slides\">\r\n\t\t\t\t\t\t\t\t\t\t<div class=\"elementor-repeater-item-8fbcceb swiper-slide\" role=\"group\" aria-roledescription=\"slide\"><div class=\"swiper-slide-bg\" role=\"img\"><\/div><a class=\"swiper-slide-inner\" href=\"https:\/\/www.seekingbeauty.show\"><div class=\"swiper-slide-contents\"><div class=\"elementor-slide-heading\">The film below is extremely important to me.<\/div><div class=\"elementor-slide-description\">It is not only a valuable experience in my creative work, but also my perspective on art, light, and spirituality. I encourage you to watch it as a personal invitation to a part of my world of beauty. <\/div><div  class=\"elementor-button elementor-slide-button elementor-size-sm\">Watch<\/div><\/div><\/a><\/div>\t\t\t\t<\/div>\r\n\t\t\t\t\t\t\t<\/div>\r\n\t\t\t\t<\/div>\r\n\t\t\t\t\t\t\t\t<\/div>\n\t\t\t\t<\/div>\n\t\t\t\t\t<\/div>\n\t\t<\/div>\n\t\t\t\t\t<\/div>\n\t\t<\/section>\n\t\t\t\t<section class=\"elementor-section elementor-top-section elementor-element elementor-element-a34257f elementor-section-full_width elementor-section-height-default elementor-section-height-default\" data-id=\"a34257f\" data-element_type=\"section\">\n\t\t\t\t\t\t<div class=\"elementor-container elementor-column-gap-no\">\n\t\t\t\t\t<div class=\"elementor-column elementor-col-100 elementor-top-column elementor-element elementor-element-7b0e5a3\" data-id=\"7b0e5a3\" data-element_type=\"column\">\n\t\t\t<div class=\"elementor-widget-wrap\">\n\t\t\t\t\t\t\t<\/div>\n\t\t<\/div>\n\t\t\t\t\t<\/div>\n\t\t<\/section>\n\t\t\t\t<\/div>","protected":false},"excerpt":{"rendered":"<p>Sztuka czerpi\u0105c z ducha, przemawia do serc To w tworzeniu i kochaniu znajduj\u0119 potwierdzenie, \u017ce zosta\u0142am stworzona na podobie\u0144stwo Boga. INSPIRACJE Chc\u0119 wierzy\u0107, \u017ce to Pan kszta\u0142tuje moje my\u015bli i uczucia, i daj\u0119 Mu si\u0119 prowadzi\u0107, przez rado\u015b\u0107 i trud procesu rze\u017abiarskiego, do stworzenia dzie\u0142a, kt\u00f3re przywo\u0142a Jego pi\u0119kno, niewyczerpane \u017ar\u00f3d\u0142o mojej inspiracji. Moim pragnieniem [&hellip;]<\/p>","protected":false},"author":1,"featured_media":0,"parent":0,"menu_order":0,"comment_status":"closed","ping_status":"closed","template":"page-templates\/pages.php","meta":{"inline_featured_image":false,"footnotes":""},"class_list":["post-663","page","type-page","status-publish","hentry"],"_links":{"self":[{"href":"https:\/\/margheritawinnik.art\/en\/wp-json\/wp\/v2\/pages\/663","targetHints":{"allow":["GET"]}}],"collection":[{"href":"https:\/\/margheritawinnik.art\/en\/wp-json\/wp\/v2\/pages"}],"about":[{"href":"https:\/\/margheritawinnik.art\/en\/wp-json\/wp\/v2\/types\/page"}],"author":[{"embeddable":true,"href":"https:\/\/margheritawinnik.art\/en\/wp-json\/wp\/v2\/users\/1"}],"replies":[{"embeddable":true,"href":"https:\/\/margheritawinnik.art\/en\/wp-json\/wp\/v2\/comments?post=663"}],"version-history":[{"count":34,"href":"https:\/\/margheritawinnik.art\/en\/wp-json\/wp\/v2\/pages\/663\/revisions"}],"predecessor-version":[{"id":1254,"href":"https:\/\/margheritawinnik.art\/en\/wp-json\/wp\/v2\/pages\/663\/revisions\/1254"}],"wp:attachment":[{"href":"https:\/\/margheritawinnik.art\/en\/wp-json\/wp\/v2\/media?parent=663"}],"curies":[{"name":"wp","href":"https:\/\/api.w.org\/{rel}","templated":true}]}}