{"id":664,"date":"2025-11-15T15:05:51","date_gmt":"2025-11-15T14:05:51","guid":{"rendered":"http:\/\/margheritawinnik.art\/?page_id=664"},"modified":"2025-12-14T23:15:10","modified_gmt":"2025-12-14T22:15:10","slug":"materia","status":"publish","type":"page","link":"https:\/\/margheritawinnik.art\/en\/materia\/","title":{"rendered":"MATTER"},"content":{"rendered":"<div data-elementor-type=\"wp-page\" data-elementor-id=\"664\" class=\"elementor elementor-664\" data-elementor-post-type=\"page\">\n\t\t\t\t\t\t<section class=\"elementor-section elementor-top-section elementor-element elementor-element-ff5be6e elementor-section-full_width elementor-section-height-default elementor-section-height-default\" data-id=\"ff5be6e\" data-element_type=\"section\">\n\t\t\t\t\t\t<div class=\"elementor-container elementor-column-gap-no\">\n\t\t\t\t\t<div class=\"elementor-column elementor-col-100 elementor-top-column elementor-element elementor-element-c0b19fe\" data-id=\"c0b19fe\" data-element_type=\"column\">\n\t\t\t<div class=\"elementor-widget-wrap elementor-element-populated\">\n\t\t\t\t\t\t<div class=\"elementor-element elementor-element-9be8214 elementor-align-left elementor-widget elementor-widget-bdevs-breadcrumb\" data-id=\"9be8214\" data-element_type=\"widget\" data-widget_type=\"bdevs-breadcrumb.default\">\n\t\t\t\t<div class=\"elementor-widget-container\">\n\t\t\t\t\t\n\t\t<section class=\"bg-3\">\n            <div class=\"container inner-spacer\">\n                <!-- divider start -->\n                <div class=\"inner-divider\"><\/div>\n                <!-- divider end -->\n                <!-- row start -->\n                <div class=\"row\">\n                    <!-- col start -->\n                    <div class=\"col-lg-12\">\n                        <!-- section title start -->\n                        <h1 class=\"main-title main-title-dark\">\n                            <span>Matter transforms itself <\/span><br>\nto tell the invisible   \n                        <\/h1>\n                        <!-- section title end -->\n                        <!-- divider start -->\n                        <div class=\"inner-divider-half\"><\/div>\n                        <!-- divider end -->\n                        <!-- section subtitle start -->\n                        <h1 class=\"section-header section-header-dark\">\n                             \n                        <\/h1>\n                        <!-- section subtitle end -->\n                    <\/div>\n                    <!-- col end -->\n                <\/div>\n                <!-- row end -->\n                <!-- divider start -->\n                <div class=\"inner-divider\"><\/div>\n                <!-- divider end -->\n            <\/div>\n        <\/section>\n        <!-- section end -->\n        <!-- section start -->\n        <div class=\"home-page\" id=\"home\">\n            <!-- hero bg start -->\n            <div class=\"hero-fullscreen\">\n                <!-- parallax start -->\n                <div class=\"parallax-window\" data-image-src=\"http:\/\/margheritawinnik.art\/wp-content\/uploads\/2025\/11\/1763414069969-e1763414229235.jpg\" data-parallax=\"scroll\"><\/div>\n                <!-- parallax end -->\n            <\/div>\n            <!-- hero bg end -->\n        <\/div>\n        <!-- page wrapper start -->\n        <div class=\"page-wrapper\">\n\t\t\t\n\t\t\t\n\t\t\t\n\t\t\t\n\t\t\t\t\t\t\t\t<\/div>\n\t\t\t\t<\/div>\n\t\t\t\t\t<\/div>\n\t\t<\/div>\n\t\t\t\t\t<\/div>\n\t\t<\/section>\n\t\t\t\t<section class=\"elementor-section elementor-top-section elementor-element elementor-element-66c0670 elementor-section-full_width elementor-section-height-default elementor-section-height-default\" data-id=\"66c0670\" data-element_type=\"section\">\n\t\t\t\t\t\t<div class=\"elementor-container elementor-column-gap-no\">\n\t\t\t\t\t<div class=\"elementor-column elementor-col-100 elementor-top-column elementor-element elementor-element-d218ad0\" data-id=\"d218ad0\" data-element_type=\"column\">\n\t\t\t<div class=\"elementor-widget-wrap elementor-element-populated\">\n\t\t\t\t\t\t<div class=\"elementor-element elementor-element-cd434c9 elementor-arrows-position-inside elementor-pagination-position-outside elementor-widget elementor-widget-image-carousel\" data-id=\"cd434c9\" data-element_type=\"widget\" data-settings=\"{&quot;navigation&quot;:&quot;both&quot;,&quot;autoplay&quot;:&quot;yes&quot;,&quot;pause_on_hover&quot;:&quot;yes&quot;,&quot;pause_on_interaction&quot;:&quot;yes&quot;,&quot;autoplay_speed&quot;:5000,&quot;infinite&quot;:&quot;yes&quot;,&quot;speed&quot;:500}\" data-widget_type=\"image-carousel.default\">\n\t\t\t\t<div class=\"elementor-widget-container\">\n\t\t\t\t\t\t\t<div class=\"elementor-image-carousel-wrapper swiper\" role=\"region\" aria-roledescription=\"carousel\" aria-label=\"Karuzela obrazk\u00f3w\" dir=\"ltr\">\n\t\t\t<div class=\"elementor-image-carousel swiper-wrapper\" aria-live=\"off\">\n\t\t\t\t\t\t\t\t<div class=\"swiper-slide\" role=\"group\" aria-roledescription=\"slide\" aria-label=\"1 z 7\"><figure class=\"swiper-slide-inner\"><img decoding=\"async\" class=\"swiper-slide-image\" src=\"http:\/\/margheritawinnik.art\/wp-content\/uploads\/2022\/05\/2-5.jpg\" alt=\"\" \/><\/figure><\/div><div class=\"swiper-slide\" role=\"group\" aria-roledescription=\"slide\" aria-label=\"2 z 7\"><figure class=\"swiper-slide-inner\"><img decoding=\"async\" class=\"swiper-slide-image\" src=\"http:\/\/margheritawinnik.art\/wp-content\/uploads\/2022\/05\/1-6.jpg\" alt=\"\" \/><\/figure><\/div><div class=\"swiper-slide\" role=\"group\" aria-roledescription=\"slide\" aria-label=\"3 z 7\"><figure class=\"swiper-slide-inner\"><img decoding=\"async\" class=\"swiper-slide-image\" src=\"http:\/\/margheritawinnik.art\/wp-content\/uploads\/2022\/05\/2-4.jpg\" alt=\"\" \/><\/figure><\/div><div class=\"swiper-slide\" role=\"group\" aria-roledescription=\"slide\" aria-label=\"4 z 7\"><figure class=\"swiper-slide-inner\"><img decoding=\"async\" class=\"swiper-slide-image\" src=\"http:\/\/margheritawinnik.art\/wp-content\/uploads\/2022\/05\/1-5.jpg\" alt=\"\" \/><\/figure><\/div><div class=\"swiper-slide\" role=\"group\" aria-roledescription=\"slide\" aria-label=\"5 z 7\"><figure class=\"swiper-slide-inner\"><img decoding=\"async\" class=\"swiper-slide-image\" src=\"http:\/\/margheritawinnik.art\/wp-content\/uploads\/2022\/06\/7-8.jpg\" alt=\"\" \/><\/figure><\/div><div class=\"swiper-slide\" role=\"group\" aria-roledescription=\"slide\" aria-label=\"6 z 7\"><figure class=\"swiper-slide-inner\"><img decoding=\"async\" class=\"swiper-slide-image\" src=\"http:\/\/margheritawinnik.art\/wp-content\/uploads\/2022\/06\/7-7.jpg\" alt=\"\" \/><\/figure><\/div><div class=\"swiper-slide\" role=\"group\" aria-roledescription=\"slide\" aria-label=\"7 z 7\"><figure class=\"swiper-slide-inner\"><img decoding=\"async\" class=\"swiper-slide-image\" src=\"http:\/\/margheritawinnik.art\/wp-content\/uploads\/2022\/06\/7-6.jpg\" alt=\"\" \/><\/figure><\/div>\t\t\t<\/div>\n\t\t\t\t\t\t\t\t\t\t\t\t<div class=\"elementor-swiper-button elementor-swiper-button-prev\" role=\"button\" tabindex=\"0\">\n\t\t\t\t\t\t<i aria-hidden=\"true\" class=\"eicon-chevron-left\"><\/i>\t\t\t\t\t<\/div>\n\t\t\t\t\t<div class=\"elementor-swiper-button elementor-swiper-button-next\" role=\"button\" tabindex=\"0\">\n\t\t\t\t\t\t<i aria-hidden=\"true\" class=\"eicon-chevron-right\"><\/i>\t\t\t\t\t<\/div>\n\t\t\t\t\n\t\t\t\t\t\t\t\t\t<div class=\"swiper-pagination\"><\/div>\n\t\t\t\t\t\t\t\t\t<\/div>\n\t\t\t\t\t\t<\/div>\n\t\t\t\t<\/div>\n\t\t\t\t<div class=\"elementor-element elementor-element-7cce2d9 elementor-align-left elementor-widget elementor-widget-bdevs-Features\" data-id=\"7cce2d9\" data-element_type=\"widget\" data-widget_type=\"bdevs-Features.default\">\n\t\t\t\t<div class=\"elementor-widget-container\">\n\t\t\t\t\t\r\n\t\t<section class=\"bg-2\">\r\n            <div class=\"container inner-spacer\">\r\n                <!-- divider start -->\r\n                <div class=\"inner-divider\"><\/div>\r\n                <!-- divider end -->\r\n\r\n                                <!-- row start -->\r\n                <div class=\"row\">\r\n                    <!-- col start -->\r\n                    <div class=\"col-lg-12\">\r\n                        <!-- section title start -->\r\n                        <h2 class=\"section-heading section-heading-dark\">\r\n                            MATTER\n                        <\/h2>\r\n                        <!-- section title end -->\r\n                    <\/div>\r\n                    <!-- col end -->\r\n                <\/div>\r\n                <!-- row end -->\r\n                <!-- divider start -->\r\n                <div class=\"inner-divider-half\"><\/div>\r\n                <!-- divider end -->\r\n            \t\r\n            \t                <!-- row start -->\r\n                <div class=\"row\">\r\n                    <!-- col start -->\r\n                    <div class=\"col-lg-12\">\r\n                        <!-- section subtitle start -->\r\n                        <h1 class=\"section-header section-header-dark\">\r\n                            <span style=\"font-size:0.9em\">in the process of creating my works \u2013 even before they become metal \u2013 chamotte, leaves, bark, fabric, wax... build a reality of emptiness and fullness, transparency and opacity, lightness and heaviness. My works are born in this dialogue \u2013 an evocation of primal desire, a deep sense of expectation that has accompanied humanity since the beginning, vibrating in the primal desire for life and the need for love. It is the discovery that we cannot give ourselves what we seek. We can only desire. <br \/><br \/>\nLife unfolds in my poetic universe, where ochre, sepia, brown, green and red are never sharp or dissonant \u2013 the colours of nature, the breath of the earth. I allow matter to speak, to reveal itself, to become a vehicle for the deeper meanings revealed in the work. Materials meet, transform; they solidify, create forms in space; they melt, evaporate and disperse in the air like thoughts that become breath. <br \/><br \/>\nrganic material is the medium par excellence \u2013 the centre of energy space. An all-encompassing reality which, when it burns, has no defined dimensions; when it burns, it loses all measure and boundaries.\n\nIt is the material of transformation: a refractory mixture hardens, liquid wax turns into bronze, polystyrene evaporates to be reborn as aluminium. Aluminium inhales black dust, becoming one with matter; fine as ash, sand symbolises the stage of maximum sublimation and is endowed with tragic, symbolic value. <br \/><br \/>\n<\/span>                        <\/h1>\r\n                        <!-- section subtitle end -->\r\n                    <\/div>\r\n                    <!-- col end -->\r\n                <\/div>\r\n                <!-- row end -->\r\n                <!-- divider start -->\r\n                <div class=\"inner-divider\"><\/div>\r\n                <!-- divider end -->\r\n            \t            \t\r\n                <!-- row start -->\r\n                <div class=\"row\">\r\n                    <!-- col start -->\r\n                    <div class=\"col-lg-12\">\r\n                        <!-- panel wrapper start -->\r\n                        <div class=\"panel-wrapper\">\r\n                            <div class=\"panel-group\" id=\"accordion\" role=\"tablist\" aria-multiselectable=\"true\">\r\n\r\n                            \t\t\t\t\t\t\t\t\t\t\t                                    <div class=\"panel panel-default\">\r\n                                        <div class=\"panel-heading\" id=\"headingOne\" role=\"tab\">\r\n                                            <h4 class=\"panel-title\">\r\n                                                <a role=\"button\" data-toggle=\"collapse\" data-parent=\"#accordion\" href=\"#collapseOne\" aria-expanded=\"true\" aria-controls=\"collapseOne\">\r\n                                                    <!-- section title start -->\r\n                                                    <span class=\"panel-title\">\r\n                                                    ABSTRACTION                                                    \r\n                                                    <\/span>\r\n                                                    <!-- section title end -->\r\n                                                    <i class=\"pull-left ion ion-plus\"><\/i>                                                \r\n                                                <\/a>\r\n                                            <\/h4>\r\n                                        <\/div>\r\n                                        <div class=\"panel-collapse collapse in\" id=\"collapseOne\" role=\"tabpanel\" aria-labelledby=\"headingOne\">\r\n                                            <!-- section txt start -->\r\n                                            <div class=\"panel-body\">\r\n                                                <p>I am fascinated by forms that contradict the status of an object. Sculptural abstraction plays an important role here. I create sculptures in which forms seem to be self-sufficient, in which there are no traces of the artist's hand or technical processes \u2013 no experience, no recognisable creative memory. <br \/><br \/>\nI always take into account the unexpected that the material offers. I accept its \u2018unpredictability\u2019, I respect the life of the material, I do not force it. Abstraction allows you not to say everything in order to say more. It reveals what cannot be said and what cannot be seen.<br \/><br \/>\nI often leave the material uncontrolled, creating space for devotion, space for trust in the Mystery \u2013 a place of openness to the breath of the Spirit. Thanks to abstraction and symbolism, I avoid idolatry, I do not enclose eternity, infinity and mystery in a solid form.\n<\/p>\r\n                                            <\/div>\r\n                                            <!-- section txt end -->\r\n                                        <\/div>\r\n                                    <\/div>\r\n                                \t                                    \t\t\t\t\t\t\t\t\t                                \t<div class=\"panel panel-default\">\r\n                                        <div class=\"panel-heading\" id=\"headingTwo\" role=\"tab\">\r\n                                            <h4 class=\"panel-title\">\r\n                                                <a class=\"collapsed\" role=\"button\" data-toggle=\"collapse\" data-parent=\"#accordion\" href=\"#collapseTwo\" aria-expanded=\"false\" aria-controls=\"collapseTwo\">\r\n                                                    <!-- section title start -->\r\n                                                    <span class=\"panel-title\">\r\n                                                    FIRE                                                   \r\n                                                    <\/span>\r\n                                                    <!-- section title end -->\r\n                                                    <i class=\"pull-left ion ion-plus\"><\/i>                                                \r\n                                                <\/a>\r\n                                            <\/h4>\r\n                                        <\/div>\r\n                                        <div class=\"panel-collapse collapse\" id=\"collapseTwo\" role=\"tabpanel\" aria-labelledby=\"headingTwo\">\r\n                                            <!-- section txt start -->\r\n                                            <div class=\"panel-body\">\r\n                                                <p>In the process of creating my works, fire becomes a place of encounter and exchange, not just a passage. With its embrace, it offers form the possibility of rebirth, a moment of catharsis \u2013 purification. I am fascinated by the relationship between form and decay in a shared space that allows them to be reconciled. <br \/><br \/>\nThe form dissolves and recreates itself. Fire enables the transformation of matter into a \u2018spirit\u2019 that fills the work, giving a personal interpretation of the invisible fragment. Each flame consumes wax and organic substances, becoming a sign of the end that gives rise to a new form.\n\nThe process of diffusion of materials fascinates me the most. Forms emerge from the altered flames, rich in an experience they did not have before. The mysterious power of fire changes their lives \u2013 the presence of absence, emptiness replacing fullness \u2013 becomes a pretext for prayer and meditation. <br \/><br \/>\nThe moment captured in the action of fire is eternity in flame. I notice a close connection between the theme of the works, the material and the lost wax technique. The transformation in fire symbolically reflects the spiritual process of man \u2013 an encounter with God's Love, which radically changes and gives birth to new life.\n<\/p>\r\n                                            <\/div>\r\n                                            <!-- section txt end -->\r\n                                        <\/div>\r\n                                    <\/div>\r\n                                \t                                    \t\t\t\t\t\t\t\t\t                                \t<div class=\"panel panel-default\">\r\n                                        <div class=\"panel-heading\" id=\"headingThree\" role=\"tab\">\r\n                                            <h4 class=\"panel-title\">\r\n                                                <a class=\"collapsed\" role=\"button\" data-toggle=\"collapse\" data-parent=\"#accordion\" href=\"#collapseThree\" aria-expanded=\"false\" aria-controls=\"collapseThree\">\r\n                                                    <!-- section title start -->\r\n                                                    <span class=\"panel-title\">\r\n                                                    TIME                                                   \r\n                                                    <\/span>\r\n                                                    <!-- section title end -->\r\n                                                    <i class=\"pull-left ion ion-plus\"><\/i>                                                \r\n                                                <\/a>\r\n                                            <\/h4>\r\n                                        <\/div>\r\n                                        <div class=\"panel-collapse collapse\" id=\"collapseThree\" role=\"tabpanel\" aria-labelledby=\"headingThree\">\r\n                                            <!-- section txt start -->\r\n                                            <div class=\"panel-body\">\r\n                                                <p>Creation requires patient and careful waiting until the technique gives shape to the work, until the form cools down. You can see how the fuelled flames tear apart and simultaneously feed the material. <br \/><br \/>\nTime is important. The time of waiting, sometimes anxious, when the layer is minimal. The form survives the trial by fire \u2013 the moment of birth. Time carries a message, a thought or a ritual celebrated in each work. <br \/><br \/>\nCreativity lives on a timeline, consuming its moments like a flame that burns moments to give birth to new life. My works have different \u2018gestation periods\u2019 \u2013 some are created quickly, others remain unfinished for months. Sometimes I work on several pieces at once, in different stages of evolution.\n<\/p>\r\n                                            <\/div>\r\n                                            <!-- section txt end -->\r\n                                        <\/div>\r\n                                    <\/div>\r\n                                \t                                                                <\/div>\r\n                        <\/div>\r\n                        <!-- panel wrapper end -->\r\n                    <\/div>\r\n                    <!-- col end -->\r\n                <\/div>\r\n                <!-- row end -->\r\n                <!-- divider start -->\r\n                <div class=\"inner-divider\"><\/div>\r\n                <!-- divider end -->\r\n            <\/div>\r\n        <\/section>\r\n\t\t\t\t\t<\/div>\n\t\t\t\t<\/div>\n\t\t\t\t<div class=\"elementor-element elementor-element-cdfdaf4 elementor--h-position-center elementor--v-position-middle elementor-arrows-position-inside elementor-pagination-position-inside elementor-widget elementor-widget-slides\" data-id=\"cdfdaf4\" data-element_type=\"widget\" data-settings=\"{&quot;navigation&quot;:&quot;both&quot;,&quot;autoplay&quot;:&quot;yes&quot;,&quot;pause_on_hover&quot;:&quot;yes&quot;,&quot;pause_on_interaction&quot;:&quot;yes&quot;,&quot;autoplay_speed&quot;:5000,&quot;infinite&quot;:&quot;yes&quot;,&quot;transition&quot;:&quot;slide&quot;,&quot;transition_speed&quot;:500}\" data-widget_type=\"slides.default\">\n\t\t\t\t<div class=\"elementor-widget-container\">\n\t\t\t\t\t\t\t\t\t<div class=\"elementor-swiper\">\r\n\t\t\t\t\t<div class=\"elementor-slides-wrapper elementor-main-swiper swiper\" role=\"region\" aria-roledescription=\"carousel\" aria-label=\"Slides\" dir=\"ltr\" data-animation=\"fadeInUp\">\r\n\t\t\t\t<div class=\"swiper-wrapper elementor-slides\">\r\n\t\t\t\t\t\t\t\t\t\t<div class=\"elementor-repeater-item-8fbcceb swiper-slide\" role=\"group\" aria-roledescription=\"slide\"><div class=\"swiper-slide-bg\" role=\"img\"><\/div><a class=\"swiper-slide-inner\" href=\"https:\/\/www.seekingbeauty.show\"><div class=\"swiper-slide-contents\"><div class=\"elementor-slide-heading\">The film below is extremely important to me.<\/div><div class=\"elementor-slide-description\">It is not only a valuable experience in my creative work, but also my perspective on art, light, and spirituality. I encourage you to watch it as a personal invitation to a part of my world of beauty. <\/div><div  class=\"elementor-button elementor-slide-button elementor-size-sm\">Watch<\/div><\/div><\/a><\/div>\t\t\t\t<\/div>\r\n\t\t\t\t\t\t\t<\/div>\r\n\t\t\t\t<\/div>\r\n\t\t\t\t\t\t\t\t<\/div>\n\t\t\t\t<\/div>\n\t\t\t\t\t<\/div>\n\t\t<\/div>\n\t\t\t\t\t<\/div>\n\t\t<\/section>\n\t\t\t\t<section class=\"elementor-section elementor-top-section elementor-element elementor-element-a34257f elementor-section-full_width elementor-section-height-default elementor-section-height-default\" data-id=\"a34257f\" data-element_type=\"section\">\n\t\t\t\t\t\t<div class=\"elementor-container elementor-column-gap-no\">\n\t\t\t\t\t<div class=\"elementor-column elementor-col-100 elementor-top-column elementor-element elementor-element-7b0e5a3\" data-id=\"7b0e5a3\" data-element_type=\"column\">\n\t\t\t<div class=\"elementor-widget-wrap\">\n\t\t\t\t\t\t\t<\/div>\n\t\t<\/div>\n\t\t\t\t\t<\/div>\n\t\t<\/section>\n\t\t\t\t<\/div>","protected":false},"excerpt":{"rendered":"<p>Materia przemienia si\u0119, aby opowiedzie\u0107 niewidzialne MATERIA W procesie tworzenia moich prac \u2013 jeszcze zanim stan\u0105 si\u0119 metalem \u2013 szamot, li\u015bcie, kora, tkanina, wosk\u2026 buduj\u0105 rzeczywisto\u015b\u0107 pustki i pe\u0142ni, przezroczysto\u015bci i nieprzezroczysto\u015bci, lekko\u015bci i ci\u0119\u017caru. W tym dialogu rodz\u0105 si\u0119 moje dzie\u0142a \u2013 przywo\u0142anie pra\u017c\u0105dzy, pierwotnego pragnienia; g\u0142\u0119bokiego sensu oczekiwania, kt\u00f3ry towarzyszy ludzko\u015bci od pocz\u0105tku, [&hellip;]<\/p>","protected":false},"author":1,"featured_media":0,"parent":0,"menu_order":0,"comment_status":"closed","ping_status":"closed","template":"page-templates\/pages.php","meta":{"inline_featured_image":false,"footnotes":""},"class_list":["post-664","page","type-page","status-publish","hentry"],"_links":{"self":[{"href":"https:\/\/margheritawinnik.art\/en\/wp-json\/wp\/v2\/pages\/664","targetHints":{"allow":["GET"]}}],"collection":[{"href":"https:\/\/margheritawinnik.art\/en\/wp-json\/wp\/v2\/pages"}],"about":[{"href":"https:\/\/margheritawinnik.art\/en\/wp-json\/wp\/v2\/types\/page"}],"author":[{"embeddable":true,"href":"https:\/\/margheritawinnik.art\/en\/wp-json\/wp\/v2\/users\/1"}],"replies":[{"embeddable":true,"href":"https:\/\/margheritawinnik.art\/en\/wp-json\/wp\/v2\/comments?post=664"}],"version-history":[{"count":22,"href":"https:\/\/margheritawinnik.art\/en\/wp-json\/wp\/v2\/pages\/664\/revisions"}],"predecessor-version":[{"id":1239,"href":"https:\/\/margheritawinnik.art\/en\/wp-json\/wp\/v2\/pages\/664\/revisions\/1239"}],"wp:attachment":[{"href":"https:\/\/margheritawinnik.art\/en\/wp-json\/wp\/v2\/media?parent=664"}],"curies":[{"name":"wp","href":"https:\/\/api.w.org\/{rel}","templated":true}]}}