{"id":78,"date":"2022-06-02T03:39:42","date_gmt":"2022-06-02T03:39:42","guid":{"rendered":"https:\/\/shtheme.com\/demosd\/deppex\/?page_id=78"},"modified":"2025-11-28T11:55:50","modified_gmt":"2025-11-28T10:55:50","slug":"kontakt","status":"publish","type":"page","link":"https:\/\/margheritawinnik.art\/en\/kontakt\/","title":{"rendered":"Contact"},"content":{"rendered":"<div data-elementor-type=\"wp-page\" data-elementor-id=\"78\" class=\"elementor elementor-78\" data-elementor-post-type=\"page\">\n\t\t\t\t\t\t<section class=\"elementor-section elementor-top-section elementor-element elementor-element-eb42836 elementor-section-full_width elementor-section-height-default elementor-section-height-default\" data-id=\"eb42836\" data-element_type=\"section\">\n\t\t\t\t\t\t<div class=\"elementor-container elementor-column-gap-no\">\n\t\t\t\t\t<div class=\"elementor-column elementor-col-100 elementor-top-column elementor-element elementor-element-15a0a1c\" data-id=\"15a0a1c\" data-element_type=\"column\">\n\t\t\t<div class=\"elementor-widget-wrap elementor-element-populated\">\n\t\t\t\t\t\t<div class=\"elementor-element elementor-element-d5e0325 elementor-align-left elementor-widget elementor-widget-bdevs-breadcrumb\" data-id=\"d5e0325\" data-element_type=\"widget\" data-widget_type=\"bdevs-breadcrumb.default\">\n\t\t\t\t<div class=\"elementor-widget-container\">\n\t\t\t\t\t\n\t\t<section class=\"bg-3\">\n            <div class=\"container inner-spacer\">\n                <!-- divider start -->\n                <div class=\"inner-divider\"><\/div>\n                <!-- divider end -->\n                <!-- row start -->\n                <div class=\"row\">\n                    <!-- col start -->\n                    <div class=\"col-lg-12\">\n                        <!-- section title start -->\n                        <h1 class=\"main-title main-title-dark\">\n                            <span>contact<\/span><br>\n                   \n                        <\/h1>\n                        <!-- section title end -->\n                        <!-- divider start -->\n                        <div class=\"inner-divider-half\"><\/div>\n                        <!-- divider end -->\n                        <!-- section subtitle start -->\n                        <h1 class=\"section-header section-header-dark\">\n                            Feel free to contact me. Let's create a space for beauty and inspiration together. \n                        <\/h1>\n                        <!-- section subtitle end -->\n                    <\/div>\n                    <!-- col end -->\n                <\/div>\n                <!-- row end -->\n                <!-- divider start -->\n                <div class=\"inner-divider\"><\/div>\n                <!-- divider end -->\n            <\/div>\n        <\/section>\n        <!-- section end -->\n        <!-- section start -->\n        <div class=\"home-page\" id=\"home\">\n            <!-- hero bg start -->\n            <div class=\"hero-fullscreen\">\n                <!-- parallax start -->\n                <div class=\"parallax-window\" data-image-src=\"http:\/\/margheritawinnik.art\/wp-content\/uploads\/2025\/11\/IMG_8447-scaled.jpg\" data-parallax=\"scroll\"><\/div>\n                <!-- parallax end -->\n            <\/div>\n            <!-- hero bg end -->\n        <\/div>\n        <!-- page wrapper start -->\n        <div class=\"page-wrapper\">\n\t\t\t\n\t\t\t\n\t\t\t\n\t\t\t\n\t\t\t\t\t\t\t\t<\/div>\n\t\t\t\t<\/div>\n\t\t\t\t\t<\/div>\n\t\t<\/div>\n\t\t\t\t\t<\/div>\n\t\t<\/section>\n\t\t\t\t<section class=\"elementor-section elementor-top-section elementor-element elementor-element-adfc8b2 elementor-section-full_width elementor-section-height-default elementor-section-height-default\" data-id=\"adfc8b2\" data-element_type=\"section\">\n\t\t\t\t\t\t<div class=\"elementor-container elementor-column-gap-no\">\n\t\t\t\t\t<div class=\"elementor-column elementor-col-100 elementor-top-column elementor-element elementor-element-902c31b\" data-id=\"902c31b\" data-element_type=\"column\">\n\t\t\t<div class=\"elementor-widget-wrap\">\n\t\t\t\t\t\t\t<\/div>\n\t\t<\/div>\n\t\t\t\t\t<\/div>\n\t\t<\/section>\n\t\t\t\t<section class=\"elementor-section elementor-top-section elementor-element elementor-element-5848412 elementor-section-full_width elementor-section-content-top elementor-section-height-default elementor-section-height-default\" data-id=\"5848412\" data-element_type=\"section\">\n\t\t\t\t\t\t<div class=\"elementor-container elementor-column-gap-no\">\n\t\t\t\t\t<div class=\"elementor-column elementor-col-100 elementor-top-column elementor-element elementor-element-1a48a81\" data-id=\"1a48a81\" data-element_type=\"column\">\n\t\t\t<div class=\"elementor-widget-wrap elementor-element-populated\">\n\t\t\t\t\t\t<div class=\"elementor-element elementor-element-36298a4 elementor-align-left elementor-widget elementor-widget-bdevs-form\" data-id=\"36298a4\" data-element_type=\"widget\" data-widget_type=\"bdevs-form.default\">\n\t\t\t\t<div class=\"elementor-widget-container\">\n\t\t\t\t\t\r\n\t\t<section class=\"bg-3\">\r\n            <div class=\"container inner-spacer\">\r\n                <!-- divider start -->\r\n                <div class=\"inner-divider\"><\/div>\r\n                <!-- divider end -->\r\n                                <!-- row start -->\r\n                <div class=\"row\">\r\n                    <!-- col start -->\r\n                    <div class=\"col-lg-12\">\r\n                        <!-- section title start -->\r\n                        <h2 class=\"section-heading section-heading-dark\">\r\n                                                    <\/h2>\r\n                        <!-- section title end -->\r\n                    <\/div>\r\n                    <!-- col end -->\r\n                <\/div>\r\n                <!-- row end -->\r\n                <!-- divider start -->\r\n                <div class=\"inner-divider-half\"><\/div>\r\n                <!-- divider end -->\r\n            \t                <!-- row start -->\r\n                <div class=\"row\">\r\n                    <!-- col start -->\r\n                    <div>\r\n                    \t                        <!-- section subtitle start -->\r\n                        <h1 class=\"section-header section-header-3 section-header-dark\">\r\n                            The contact form allows you to send a message quickly and conveniently. <br \/>\nI promise that every message will reach me personally.  \r\n                        <\/h1>\r\n                        <!-- section subtitle end -->\r\n                                                <!-- divider start -->\r\n                        <div class=\"inner-divider-half\"><\/div>\r\n                        <!-- divider end -->\r\n                        <!-- contact form start -->\r\n                        <div id=\"contact-form\">\r\n                            \n<div class=\"wpcf7 no-js\" id=\"wpcf7-f8-o1\" lang=\"pl-PL\" dir=\"ltr\" data-wpcf7-id=\"8\">\n<div class=\"screen-reader-response\"><p role=\"status\" aria-live=\"polite\" aria-atomic=\"true\"><\/p> <ul><\/ul><\/div>\n<form action=\"\/en\/wp-json\/wp\/v2\/pages\/78#wpcf7-f8-o1\" method=\"post\" class=\"wpcf7-form init\" aria-label=\"Formularz kontaktowy\" novalidate=\"novalidate\" data-status=\"init\" data-trp-original-action=\"\/en\/wp-json\/wp\/v2\/pages\/78#wpcf7-f8-o1\">\n<fieldset class=\"hidden-fields-container\"><input type=\"hidden\" name=\"_wpcf7\" value=\"8\" \/><input type=\"hidden\" name=\"_wpcf7_version\" value=\"6.1.4\" \/><input type=\"hidden\" name=\"_wpcf7_locale\" value=\"pl_PL\" \/><input type=\"hidden\" name=\"_wpcf7_unit_tag\" value=\"wpcf7-f8-o1\" \/><input type=\"hidden\" name=\"_wpcf7_container_post\" value=\"0\" \/><input type=\"hidden\" name=\"_wpcf7_posted_data_hash\" value=\"\" \/>\n<\/fieldset>\n<p><label> Name and Surname<br \/>\n<span class=\"wpcf7-form-control-wrap\" data-name=\"your-name\"><input size=\"40\" maxlength=\"400\" class=\"wpcf7-form-control wpcf7-text wpcf7-validates-as-required\" autocomplete=\"name\" aria-required=\"true\" aria-invalid=\"false\" value=\"\" type=\"text\" name=\"your-name\" \/><\/span> <\/label>\n<\/p>\n<p><label> E-mail<br \/>\n<span class=\"wpcf7-form-control-wrap\" data-name=\"your-email\"><input size=\"40\" maxlength=\"400\" class=\"wpcf7-form-control wpcf7-email wpcf7-validates-as-required wpcf7-text wpcf7-validates-as-email\" autocomplete=\"email\" aria-required=\"true\" aria-invalid=\"false\" value=\"\" type=\"email\" name=\"your-email\" \/><\/span> <\/label>\n<\/p>\n<p><label> Topic<br \/>\n<span class=\"wpcf7-form-control-wrap\" data-name=\"your-subject\"><input size=\"40\" maxlength=\"400\" class=\"wpcf7-form-control wpcf7-text wpcf7-validates-as-required\" aria-required=\"true\" aria-invalid=\"false\" value=\"\" type=\"text\" name=\"your-subject\" \/><\/span> <\/label>\n<\/p>\n<p><label> Message<br \/>\n<span class=\"wpcf7-form-control-wrap\" data-name=\"your-message\"><textarea cols=\"40\" rows=\"10\" maxlength=\"2000\" class=\"wpcf7-form-control wpcf7-textarea\" aria-invalid=\"false\" name=\"your-message\"><\/textarea><\/span> <\/label>\n<\/p>\n<p><input class=\"wpcf7-form-control wpcf7-submit has-spinner\" type=\"submit\" value=\"Send\" \/>\n<\/p><div class=\"wpcf7-response-output\" aria-hidden=\"true\"><\/div>\n<input type=\"hidden\" name=\"trp-form-language\" value=\"en\"\/><\/form>\n<\/div>\n                        <\/div>\r\n                        <!-- contact form end -->\r\n                    <\/div>\r\n                    <!-- col end -->\r\n                <\/div>\r\n                <!-- row end -->\r\n                <!-- divider start -->\r\n                <div class=\"inner-divider\"><\/div>\r\n                <!-- divider end -->\r\n            <\/div>\r\n        <\/section>\r\n\t\t\t\t\t<\/div>\n\t\t\t\t<\/div>\n\t\t\t\t\t<\/div>\n\t\t<\/div>\n\t\t\t\t\t<\/div>\n\t\t<\/section>\n\t\t\t\t<section class=\"elementor-section elementor-top-section elementor-element elementor-element-25def12 elementor-section-full_width elementor-section-content-top elementor-section-height-default elementor-section-height-default\" data-id=\"25def12\" data-element_type=\"section\">\n\t\t\t\t\t\t<div class=\"elementor-container elementor-column-gap-no\">\n\t\t\t\t\t<div class=\"elementor-column elementor-col-100 elementor-top-column elementor-element elementor-element-789b3c5\" data-id=\"789b3c5\" data-element_type=\"column\">\n\t\t\t<div class=\"elementor-widget-wrap elementor-element-populated\">\n\t\t\t\t\t\t<div class=\"elementor-element elementor-element-aed685d elementor-align-left elementor-widget elementor-widget-bdevs-contact\" data-id=\"aed685d\" data-element_type=\"widget\" data-widget_type=\"bdevs-contact.default\">\n\t\t\t\t<div class=\"elementor-widget-container\">\n\t\t\t\t\t\n\t\t<section class=\"bg-2\">\n            <div class=\"container inner-spacer\">\n                <!-- divider start -->\n                <div class=\"inner-divider\"><\/div>\n                <!-- divider end -->\n\n                                <!-- row start -->\n                <div class=\"row\">\n                    <!-- col start -->\n                    <div class=\"col-lg-12\">\n                        <!-- section title start -->\n                        <h2 class=\"section-heading section-heading-dark\">\n                                                    <\/h2>\n                        <!-- section title end -->\n                    <\/div>\n                    <!-- col end -->\n                <\/div>\n                <!-- row end -->\n                <!-- divider start -->\n                <div class=\"inner-divider-half\"><\/div>\n                <!-- divider end -->\n            \t\n            \t                <!-- row start -->\n                <div class=\"row\">\n                    <!-- col start -->\n                    <div class=\"col-lg-12\">\n                        <!-- section subtitle start -->\n                        <h1 class=\"section-header section-header-dark\">\n                            If you would like to learn more about my work, discuss the possibility of collaboration, or ask a question, please feel free to contact me. Every message is important to me, and I treat it as an opportunity to connect. <br \/>\n<br \/>\nYour questions, reflections and suggestions are part of an inspiring dialogue for me, not only about art, but also about what is most alive in it: the emotions, sensitivity and passion that give it meaning.<br \/><br \/>\nE-mail: margheritawinnik@gmail.com<br \/><br \/>Company<br \/>Arte Sacra Contemporanea Scultura per Architettura di Margherita Winnik\n<br \/>\nFrosinone, Italy                        <\/h1>\n                        <!-- section subtitle end -->\n                    <\/div>\n                    <!-- col end -->\n                <\/div>\n                <!-- row end -->\n                <!-- divider start -->\n                <div class=\"inner-divider\"><\/div>\n                <!-- divider end -->\n            \t                <!-- row start -->\n                <div class=\"row\">\n                \t                    <!-- col start -->\n                    <div class=\"col-md-4 col-sm-12\">\n                        <!-- section subtitle start -->\n                        <h2 class=\"section-subheading section-subheading-dark\">\n                            <span><\/span>\n                        <\/h2>\n                        <!-- section subtitle end -->\n                        <!-- divider start -->\n                        <div class=\"inner-divider-50\"><\/div>\n                        <!-- divider end -->\n                        <!-- section TXT start -->\n                        <div class=\"section-txt-2\">\n                                                    <\/div>\n                        <!-- section TXT end -->\n                        <!-- divider start -->\n                        <div class=\"inner-divider-half mobile-visible\"><\/div>\n                        <!-- divider end -->\n                    <\/div>\n                    <!-- col end -->\n                                    <\/div>\n                <!-- row end -->\n                <!-- divider start -->\n                <div class=\"inner-divider\"><\/div>\n                <!-- divider end -->\n            <\/div>\n        <\/section>\n\t\t\t\t\t<\/div>\n\t\t\t\t<\/div>\n\t\t\t\t\t<\/div>\n\t\t<\/div>\n\t\t\t\t\t<\/div>\n\t\t<\/section>\n\t\t\t\t<\/div>","protected":false},"excerpt":{"rendered":"<p>kontakt Zapraszam do kontaktu. Tw\u00f3rzmy razem przestrze\u0144 dla pi\u0119kna i inspiracji. Formularz kontaktowy pozwala szybko i wygodnie przes\u0142a\u0107 wiadomo\u015b\u0107. Obiecuj\u0119, \u017ce ka\u017cda dotrze do mnie osobi\u015bcie. Je\u015bli pragniesz dowiedzie\u0107 si\u0119 wi\u0119cej o mojej tw\u00f3rczo\u015bci, om\u00f3wi\u0107 mo\u017cliwo\u015b\u0107 wsp\u00f3\u0142pracy lub zada\u0107 pytanie \u2013 zapraszam do kontaktu. Ka\u017cda wiadomo\u015b\u0107 jest dla mnie wa\u017cna i traktuj\u0119 j\u0105 jako przestrze\u0144 [&hellip;]<\/p>","protected":false},"author":1,"featured_media":0,"parent":0,"menu_order":0,"comment_status":"closed","ping_status":"closed","template":"page-templates\/pages.php","meta":{"inline_featured_image":false,"footnotes":""},"class_list":["post-78","page","type-page","status-publish","hentry"],"_links":{"self":[{"href":"https:\/\/margheritawinnik.art\/en\/wp-json\/wp\/v2\/pages\/78","targetHints":{"allow":["GET"]}}],"collection":[{"href":"https:\/\/margheritawinnik.art\/en\/wp-json\/wp\/v2\/pages"}],"about":[{"href":"https:\/\/margheritawinnik.art\/en\/wp-json\/wp\/v2\/types\/page"}],"author":[{"embeddable":true,"href":"https:\/\/margheritawinnik.art\/en\/wp-json\/wp\/v2\/users\/1"}],"replies":[{"embeddable":true,"href":"https:\/\/margheritawinnik.art\/en\/wp-json\/wp\/v2\/comments?post=78"}],"version-history":[{"count":28,"href":"https:\/\/margheritawinnik.art\/en\/wp-json\/wp\/v2\/pages\/78\/revisions"}],"predecessor-version":[{"id":1102,"href":"https:\/\/margheritawinnik.art\/en\/wp-json\/wp\/v2\/pages\/78\/revisions\/1102"}],"wp:attachment":[{"href":"https:\/\/margheritawinnik.art\/en\/wp-json\/wp\/v2\/media?parent=78"}],"curies":[{"name":"wp","href":"https:\/\/api.w.org\/{rel}","templated":true}]}}