{"id":446,"date":"2025-09-17T10:44:32","date_gmt":"2025-09-17T08:44:32","guid":{"rendered":"http:\/\/margheritawinnik.art\/?page_id=446"},"modified":"2025-12-15T20:30:32","modified_gmt":"2025-12-15T19:30:32","slug":"ogrody-wewnatrz","status":"publish","type":"page","link":"https:\/\/margheritawinnik.art\/it\/ogrody-wewnatrz\/","title":{"rendered":"Ogrody Wewn\u0105trz"},"content":{"rendered":"<div data-elementor-type=\"wp-page\" data-elementor-id=\"446\" class=\"elementor elementor-446\" data-elementor-post-type=\"page\">\n\t\t\t\t\t\t<section class=\"elementor-section elementor-top-section elementor-element elementor-element-4d225a6 elementor-section-full_width elementor-section-height-default elementor-section-height-default\" data-id=\"4d225a6\" data-element_type=\"section\">\n\t\t\t\t\t\t<div class=\"elementor-container elementor-column-gap-no\">\n\t\t\t\t\t<div class=\"elementor-column elementor-col-100 elementor-top-column elementor-element elementor-element-42d7374\" data-id=\"42d7374\" data-element_type=\"column\">\n\t\t\t<div class=\"elementor-widget-wrap\">\n\t\t\t\t\t\t\t<\/div>\n\t\t<\/div>\n\t\t\t\t\t<\/div>\n\t\t<\/section>\n\t\t\t\t<section class=\"elementor-section elementor-top-section elementor-element elementor-element-8b8c55a elementor-section-full_width elementor-section-height-default elementor-section-height-default\" data-id=\"8b8c55a\" data-element_type=\"section\">\n\t\t\t\t\t\t<div class=\"elementor-container elementor-column-gap-no\">\n\t\t\t\t\t<div class=\"elementor-column elementor-col-100 elementor-top-column elementor-element elementor-element-71a2f81\" data-id=\"71a2f81\" data-element_type=\"column\">\n\t\t\t<div class=\"elementor-widget-wrap elementor-element-populated\">\n\t\t\t\t\t\t<div class=\"elementor-element elementor-element-54e2c0b elementor-align-left elementor-widget elementor-widget-bdevs-breadcrumb\" data-id=\"54e2c0b\" data-element_type=\"widget\" data-widget_type=\"bdevs-breadcrumb.default\">\n\t\t\t\t<div class=\"elementor-widget-container\">\n\t\t\t\t\t\n\t\t<section class=\"bg-3\">\n            <div class=\"container inner-spacer\">\n                <!-- divider start -->\n                <div class=\"inner-divider\"><\/div>\n                <!-- divider end -->\n                <!-- row start -->\n                <div class=\"row\">\n                    <!-- col start -->\n                    <div class=\"col-lg-12\">\n                        <!-- section title start -->\n                        <h1 class=\"main-title main-title-dark\">\n                            <span>GIARDINI<\/span><br>\nD\u2019ENTRO \n                        <\/h1>\n                        <!-- section title end -->\n                        <!-- divider start -->\n                        <div class=\"inner-divider-half\"><\/div>\n                        <!-- divider end -->\n                        <!-- section subtitle start -->\n                        <h1 class=\"section-header section-header-dark\">\n                            Nel cuore della sofferenza fiorisce la speranza. \n                        <\/h1>\n                        <!-- section subtitle end -->\n                    <\/div>\n                    <!-- col end -->\n                <\/div>\n                <!-- row end -->\n                <!-- divider start -->\n                <div class=\"inner-divider\"><\/div>\n                <!-- divider end -->\n            <\/div>\n        <\/section>\n        <!-- section end -->\n        <!-- section start -->\n        <div class=\"home-page\" id=\"home\">\n            <!-- hero bg start -->\n            <div class=\"hero-fullscreen\">\n                <!-- parallax start -->\n                <div class=\"parallax-window\" data-image-src=\"https:\/\/margheritawinnik.art\/wp-content\/uploads\/2025\/12\/Zrzut-ekranu-2025-12-13-110452.png\" data-parallax=\"scroll\"><\/div>\n                <!-- parallax end -->\n            <\/div>\n            <!-- hero bg end -->\n        <\/div>\n        <!-- page wrapper start -->\n        <div class=\"page-wrapper\">\n\t\t\t\n\t\t\t\n\t\t\t\n\t\t\t\n\t\t\t\t\t\t\t\t<\/div>\n\t\t\t\t<\/div>\n\t\t\t\t<div class=\"elementor-element elementor-element-3d717d8 elementor-align-left elementor-widget elementor-widget-bdevs-project\" data-id=\"3d717d8\" data-element_type=\"widget\" id=\"praca-project\" data-widget_type=\"bdevs-project.default\">\n\t\t\t\t<div class=\"elementor-widget-container\">\n\t\t\t\t\t        <!-- page wrapper start -->\n        <div class=\"page-wrapper\">\n            <!-- section start -->\n            <section class=\"bg-2\">\n                <div class=\"container inner-spacer\">\n                    <!-- divider start -->\n                    <div class=\"inner-divider\"><\/div>\n                    <!-- divider end -->\n\n                    \t                <!-- row start -->\n\t                <div class=\"row\">\n\t                    <!-- col start -->\n\t                    <div class=\"col-lg-12\">\n\t                        <!-- section title start -->\n\t                        <h2 class=\"section-heading section-heading-dark\">\n\t                            \t                        <\/h2>\n\t                        <!-- section title end -->\n\t                    <\/div>\n\t                    <!-- col end -->\n\t                <\/div>\n\t                <!-- row end -->\n\t                <!-- divider start -->\n\t                <div class=\"inner-divider-half\"><\/div>\n\t                <!-- divider end -->\n\t            \t\n\t            \t\t                <!-- row start -->\n\t                <div class=\"row\">\n\t                    <!-- col start -->\n\t                    <div class=\"col-lg-12\">\n\t                        <!-- section subtitle start -->\n\t                        <h1 class=\"section-header section-header-dark\">\n\t                            \t                        <\/h1>\n\t                        <!-- section subtitle end -->\n\t                    <\/div>\n\t                    <!-- col end -->\n\t                <\/div>\n\t                <!-- row end -->\n\t                <!-- divider start -->\n\t                <div class=\"inner-divider\"><\/div>\n\t                <!-- divider end -->\n\t            \t                <\/div>\n            <\/section>\n            <!-- section end -->\n            <!-- project start -->\n\n            \n            <!-- section start -->\n            <section class=\"bg-3\">\n                <div class=\"container inner-spacer\">\n                    <!-- divider start -->\n                    <div class=\"inner-divider\"><\/div>\n                    <!-- divider end -->\n                    <!-- row start -->\n                    <div class=\"row\">\n                        <!-- col start -->\n                        <div class=\"col-lg-12\">\n                            <!-- section title start -->\n                            <div class=\"subtitle\"><\/div>\n                            <!-- section title end -->\n                            <!-- divider start -->\n                            <div class=\"inner-divider-half\"><\/div>\n                            <!-- divider end -->\n                            <div class=\"post-spacing-3\">\n                                <!-- section title start -->\n                                <h1 class=\"main-title main-title-all main-title-all-left\">\n                                    <a href=\"\"><\/a>\n                                <\/h1>\n                                <!-- section title end -->\n                                <!-- divider start -->\n                                <div class=\"inner-divider-half\"><\/div>\n                                <!-- divider end -->\n                                <div class=\"testimonial testimonial-dark\">\n                                    <div class=\"inner\">\n                                        <div class=\"quote\">\n                                            <blockquote class=\"quote-inner\">\n                                               Dimensioni: 70 \u00d7 90 \u00d7 45 cm <br \/>\nMateriali: bronzo (fusione a cera persa), patina a fuoco ( toni del rosso e del verde) lucidatura a oro, base in acciaio da 6 mm\n\n                                            <\/blockquote>\n                                        <\/div>\n                                    <\/div>\n                                <\/div>\n                                <div class=\"inner-divider-half\"><\/div>\n                                <div class=\"section-txt section-txt-dark\">\n                                    <p>\nI GIARDINI D\u2019ENTRO\u201d \u00e8 una scultura in cui Cristo \u00e8 raffigurato nel momento delle dolorose convulsioni, sfigurato e deformato, con ferite sul corpo e con le spine conficcate nella testa. La superficie strappata della pelle, le gocce di sudore mescolate al sangue, le ferite: tutto questo costituisce solo il punto di partenza per meditare sul significato della Passione di Cristo non come sofferenza, ma come gesto di immenso amore che offre all'uomo Speranza e Redenzione. Infatti le fessure che si allargano e le ferite che si aprono  lasciano intravedere le  forme fiorite e il verde del giardino, simbolo di vita, luce e nuovo inizio. Lo splendore dell'alba pasquale che vince l'oscurit\u00e0 del Venerd\u00ec Santo. La vita vince sulla morte: la promessa della Resurrezione!Il giardino sublime e fiorito del Cuore di Cristo si apre davanti ai nostri occhi. L'amore infinito e smisurato di Colui il cui volto \u00e8 stato sfigurato. Dal costato trafitto di Cristo sgorgano acqua e sangue, fonte di misericordia per l'uomo. L'ispirazione per la creazione della scultura \u00e8 venuta durante l'Eucaristia, quando il canto di ringraziamento nella lingua madre ha permesso di percepire: \u201cadesso in me fioriscono i Tuoi giardini , Ora in me c\u2019\u00e8 il il Tuo regno\u201d.\n\n  La scultura unisce realismo e astrazione: mezzo alle spine, nelle ferite e tra le fessure che si allargano  emane la luce e la vita. La luce naturale mutevole influenza la percezione dei colori e dei dettagli:con il cambio della luce cambia la percezione dell\u2019opera .Grazie alla ricca lavorazione della superficie immagine non \u00e8 mai la stessa\u2026 lo spettatore osserva la stessa scena della crocifissione, ma la vive sempre in modo diverso, a seconda del momento della sua vita. Come un  frammento del Vangelo , che sentito tante volte , a secondo del momento della nostra vita , ci parla sempre in modo diverso\u2026                                <!-- divider start -->\n                                <div class=\"inner-divider-half\"><\/div>\n                                <!-- divider end -->\n                                <!-- button start -->\n                                <div class=\"button-the-wrapper button-the-wrapper-all\">\n                                    <a class=\"button-the\" href=\"\"><\/a>\n                                <\/div>\n                                <!-- button end -->\n                            <\/div>\n                        <\/div>\n                        <!-- col end -->\n                    <\/div>\n                    <!-- row end -->\n                    <!-- divider start -->\n                    <div class=\"inner-divider\"><\/div>\n                    <!-- divider end -->\n                <\/div>\n            <\/section>\n            <!-- section end -->\n            <!-- section start -->\n            <section class=\"bg-2\">\n                <div class=\"container-fluid inner-spacer-2\">\n                    <!-- row start -->\n                    <div class=\"row\">\n                        <!-- col start -->\n                        <div class=\"col-lg-12\">\n                            <!-- showcase start -->\n                            <div class=\"extra-margin-justify\">\n                                <div class=\"works-justify-gallery popup-photo-gallery\">\n                                    <a href=\"https:\/\/margheritawinnik.art\/wp-content\/uploads\/2025\/11\/1763496009010.jpg\" title=\"IMG Description\">\n                                    <img decoding=\"async\" alt=\"Img\" src=\"https:\/\/margheritawinnik.art\/wp-content\/uploads\/2025\/11\/1763496009010.jpg\"\/>\n                                    <\/a>\n\n                                    <a href=\"http:\/\/margheritawinnik.art\/wp-content\/uploads\/2025\/11\/1763496009001.jpg\" title=\"IMG Description\">\n                                    <img decoding=\"async\" alt=\"Img\" src=\"http:\/\/margheritawinnik.art\/wp-content\/uploads\/2025\/11\/1763496009001.jpg\"\/>\n                                    <\/a>\n\n                                    <a href=\"http:\/\/margheritawinnik.art\/wp-content\/uploads\/2025\/11\/IMG_8447-scaled.jpg\" title=\"IMG Description\">\n                                    <img decoding=\"async\" alt=\"Img\" src=\"http:\/\/margheritawinnik.art\/wp-content\/uploads\/2025\/11\/IMG_8447-scaled.jpg\"\/>\n                                    <\/a>\n\n                                    <a href=\"http:\/\/margheritawinnik.art\/wp-content\/uploads\/2025\/11\/IMG_8492-scaled.jpg\" title=\"IMG Description\">\n                                    <img decoding=\"async\" alt=\"Img\" src=\"http:\/\/margheritawinnik.art\/wp-content\/uploads\/2025\/11\/IMG_8492-scaled.jpg\"\/>\n                                    <\/a>\n                                <\/div>\n                            <\/div>\n                            <!-- showcase end -->\n                        <\/div>\n                        <!-- col end -->\n                    <\/div>\n                    <!-- row end -->\n                <\/div>\n            <\/section>\n            <!-- section end -->\n\n        \t\n            <!-- project end -->\n            <!-- section start -->\n            <section class=\"bg-3\">\n                <div class=\"container inner-spacer\">\n                    <!-- divider start -->\n                    <div class=\"inner-divider\"><\/div>\n                    <!-- divider end -->\n                    \n                <\/div>\n            <\/section>\n            <!-- section end -->\n\t\t\t\n\t\t\t\t\t\t\t\t<\/div>\n\t\t\t\t<\/div>\n\t\t\t\t<div class=\"elementor-element elementor-element-2c6bf48 elementor-widget elementor-widget-image\" data-id=\"2c6bf48\" data-element_type=\"widget\" data-widget_type=\"image.default\">\n\t\t\t\t<div class=\"elementor-widget-container\">\n\t\t\t\t\t\t\t\t\t\t\t\t\t\t\t<img fetchpriority=\"high\" decoding=\"async\" width=\"659\" height=\"625\" src=\"https:\/\/margheritawinnik.art\/wp-content\/uploads\/2025\/12\/Zrzut-ekranu-2025-12-13-110452.png\" class=\"attachment-large size-large wp-image-1218\" alt=\"\" srcset=\"https:\/\/margheritawinnik.art\/wp-content\/uploads\/2025\/12\/Zrzut-ekranu-2025-12-13-110452.png 659w, https:\/\/margheritawinnik.art\/wp-content\/uploads\/2025\/12\/Zrzut-ekranu-2025-12-13-110452-300x285.png 300w, https:\/\/margheritawinnik.art\/wp-content\/uploads\/2025\/12\/Zrzut-ekranu-2025-12-13-110452-13x12.png 13w\" sizes=\"(max-width: 659px) 100vw, 659px\" \/>\t\t\t\t\t\t\t\t\t\t\t\t\t\t\t<\/div>\n\t\t\t\t<\/div>\n\t\t\t\t<div class=\"elementor-element elementor-element-5c38501 elementor-align-center elementor-widget elementor-widget-button\" data-id=\"5c38501\" data-element_type=\"widget\" data-widget_type=\"button.default\">\n\t\t\t\t<div class=\"elementor-widget-container\">\n\t\t\t\t\t\t\t\t\t<div class=\"elementor-button-wrapper\">\n\t\t\t\t\t<a class=\"elementor-button elementor-button-link elementor-size-sm\" href=\"\/it\/kontakt\/\">\n\t\t\t\t\t\t<span class=\"elementor-button-content-wrapper\">\n\t\t\t\t\t\t\t\t\t<span class=\"elementor-button-text\">contattami<\/span>\n\t\t\t\t\t<\/span>\n\t\t\t\t\t<\/a>\n\t\t\t\t<\/div>\n\t\t\t\t\t\t\t\t<\/div>\n\t\t\t\t<\/div>\n\t\t\t\t\t<\/div>\n\t\t<\/div>\n\t\t\t\t\t<\/div>\n\t\t<\/section>\n\t\t\t\t<section class=\"elementor-section elementor-top-section elementor-element elementor-element-f356230 elementor-section-boxed elementor-section-height-default elementor-section-height-default\" data-id=\"f356230\" data-element_type=\"section\">\n\t\t\t\t\t\t<div class=\"elementor-container elementor-column-gap-default\">\n\t\t\t\t\t<div class=\"elementor-column elementor-col-100 elementor-top-column elementor-element elementor-element-934a75f\" data-id=\"934a75f\" data-element_type=\"column\">\n\t\t\t<div class=\"elementor-widget-wrap\">\n\t\t\t\t\t\t\t<\/div>\n\t\t<\/div>\n\t\t\t\t\t<\/div>\n\t\t<\/section>\n\t\t\t\t<\/div>","protected":false},"excerpt":{"rendered":"<p>OGRODY WEWN\u0104TRZ W sercu cierpienia kwitnie nadzieja. Wymiary: 70 \u00d7 90 \u00d7 45 cm Materia\u0142y: br\u0105z (odlew traconego wosku), patyna ogniowa w odcieniach czerwieni i zieleni, polerowanie na z\u0142oto, stalowa podstawa 6 mm \u201eOGRODY WEWNATRZ \u201d to rze\u017aba, w kt\u00f3rej Chrystus ukazany jest w chwili bolesnych konwulsji, zeszpecony i zniekszta\u0142cony, z ranami na ciele i [&hellip;]<\/p>","protected":false},"author":1,"featured_media":722,"parent":0,"menu_order":0,"comment_status":"closed","ping_status":"closed","template":"page-templates\/pages.php","meta":{"inline_featured_image":false,"footnotes":""},"class_list":["post-446","page","type-page","status-publish","has-post-thumbnail","hentry"],"_links":{"self":[{"href":"https:\/\/margheritawinnik.art\/it\/wp-json\/wp\/v2\/pages\/446","targetHints":{"allow":["GET"]}}],"collection":[{"href":"https:\/\/margheritawinnik.art\/it\/wp-json\/wp\/v2\/pages"}],"about":[{"href":"https:\/\/margheritawinnik.art\/it\/wp-json\/wp\/v2\/types\/page"}],"author":[{"embeddable":true,"href":"https:\/\/margheritawinnik.art\/it\/wp-json\/wp\/v2\/users\/1"}],"replies":[{"embeddable":true,"href":"https:\/\/margheritawinnik.art\/it\/wp-json\/wp\/v2\/comments?post=446"}],"version-history":[{"count":50,"href":"https:\/\/margheritawinnik.art\/it\/wp-json\/wp\/v2\/pages\/446\/revisions"}],"predecessor-version":[{"id":1294,"href":"https:\/\/margheritawinnik.art\/it\/wp-json\/wp\/v2\/pages\/446\/revisions\/1294"}],"wp:featuredmedia":[{"embeddable":true,"href":"https:\/\/margheritawinnik.art\/it\/wp-json\/wp\/v2\/media\/722"}],"wp:attachment":[{"href":"https:\/\/margheritawinnik.art\/it\/wp-json\/wp\/v2\/media?parent=446"}],"curies":[{"name":"wp","href":"https:\/\/api.w.org\/{rel}","templated":true}]}}