{"id":499,"date":"2025-09-17T12:40:28","date_gmt":"2025-09-17T10:40:28","guid":{"rendered":"http:\/\/margheritawinnik.art\/?page_id=499"},"modified":"2025-12-15T20:43:51","modified_gmt":"2025-12-15T19:43:51","slug":"dziela","status":"publish","type":"page","link":"https:\/\/margheritawinnik.art\/it\/dziela\/","title":{"rendered":"OPERE"},"content":{"rendered":"<div data-elementor-type=\"wp-page\" data-elementor-id=\"499\" class=\"elementor elementor-499\" data-elementor-post-type=\"page\">\n\t\t\t\t\t\t<section class=\"elementor-section elementor-top-section elementor-element elementor-element-4d225a6 elementor-section-full_width elementor-section-height-default elementor-section-height-default\" data-id=\"4d225a6\" data-element_type=\"section\">\n\t\t\t\t\t\t<div class=\"elementor-container elementor-column-gap-no\">\n\t\t\t\t\t<div class=\"elementor-column elementor-col-100 elementor-top-column elementor-element elementor-element-42d7374\" data-id=\"42d7374\" data-element_type=\"column\">\n\t\t\t<div class=\"elementor-widget-wrap elementor-element-populated\">\n\t\t\t\t\t\t<div class=\"elementor-element elementor-element-b213a06 elementor-align-left elementor-widget elementor-widget-bdevs-breadcrumb\" data-id=\"b213a06\" data-element_type=\"widget\" data-widget_type=\"bdevs-breadcrumb.default\">\n\t\t\t\t<div class=\"elementor-widget-container\">\n\t\t\t\t\t\n\t\t<section class=\"bg-3\">\n            <div class=\"container inner-spacer\">\n                <!-- divider start -->\n                <div class=\"inner-divider\"><\/div>\n                <!-- divider end -->\n                <!-- row start -->\n                <div class=\"row\">\n                    <!-- col start -->\n                    <div class=\"col-lg-12\">\n                        <!-- section title start -->\n                        <h1 class=\"main-title main-title-dark\">\n                            <span>Materia e spirito <\/span><br>\nsi incontrano in un unico gesto \n                        <\/h1>\n                        <!-- section title end -->\n                        <!-- divider start -->\n                        <div class=\"inner-divider-half\"><\/div>\n                        <!-- divider end -->\n                        <!-- section subtitle start -->\n                        <h1 class=\"section-header section-header-dark\">\n                            Le mie sculture contemporanee nascono all'ombra di un lungo e laborioso processo creativo. <br \/><\/br>Trasformo modelli in cera e fibre organiche in metallo utilizzando una sofisticata tecnica personale di fusione a cera persa, conferendo a ogni opera un carattere unico.\n La microfusione mi permette di creare forme sottili e irregolari che ricordano foglie, corteccia, crepe e fessure: tracce naturali di materia, che animano la superficie del metallo.<br \/><br \/>\nIl metallo, ossidato dal fuoco e sottoposto a patinatura o smaltatura, acquista nel tempo nuove sfumature, diventando un materiale vivo e mutevole.<br \/><br \/>\nOgni scultura \u00e8 una composizione attentamente studiata, che unisce realismo e astrazione, precisione esecutiva e linguaggio poetico della forma. Attraverso le mie opere desidero unire la fede alla bellezza dell'arte contemporanea,rimandando al Mistero.\nTutte le sculture si riferiscono alla dimensione spirituale della realt\u00e0: al Creatore, fonte di ispirazione e verit\u00e0. Non sono fini a se stesse, ma un mezzo attraverso il quale sperimentiamo l'armonia, l'amore e la trascendenza. \n                        <\/h1>\n                        <!-- section subtitle end -->\n                    <\/div>\n                    <!-- col end -->\n                <\/div>\n                <!-- row end -->\n                <!-- divider start -->\n                <div class=\"inner-divider\"><\/div>\n                <!-- divider end -->\n            <\/div>\n        <\/section>\n        <!-- section end -->\n        <!-- section start -->\n        <div class=\"home-page\" id=\"home\">\n            <!-- hero bg start -->\n            <div class=\"hero-fullscreen\">\n                <!-- parallax start -->\n                <div class=\"parallax-window\" data-image-src=\"https:\/\/margheritawinnik.art\/wp-content\/uploads\/2025\/11\/1763496008983.jpg\" data-parallax=\"scroll\"><\/div>\n                <!-- parallax end -->\n            <\/div>\n            <!-- hero bg end -->\n        <\/div>\n        <!-- page wrapper start -->\n        <div class=\"page-wrapper\">\n\t\t\t\n\t\t\t\n\t\t\t\n\t\t\t\n\t\t\t\t\t\t\t\t<\/div>\n\t\t\t\t<\/div>\n\t\t\t\t<div class=\"elementor-element elementor-element-3d717d8 passssss elementor-align-left elementor-widget elementor-widget-bdevs-project\" data-id=\"3d717d8\" data-element_type=\"widget\" data-widget_type=\"bdevs-project.default\">\n\t\t\t\t<div class=\"elementor-widget-container\">\n\t\t\t\t\t        <!-- page wrapper start -->\n        <div class=\"page-wrapper\">\n            <!-- section start -->\n            <section class=\"bg-2\">\n                <div class=\"container inner-spacer\">\n                    <!-- divider start -->\n                    <div class=\"inner-divider\"><\/div>\n                    <!-- divider end -->\n\n                    \t                <!-- row start -->\n\t                <div class=\"row\">\n\t                    <!-- col start -->\n\t                    <div class=\"col-lg-12\">\n\t                        <!-- section title start -->\n\t                        <h2 class=\"section-heading section-heading-dark\">\n\t                            \t                        <\/h2>\n\t                        <!-- section title end -->\n\t                    <\/div>\n\t                    <!-- col end -->\n\t                <\/div>\n\t                <!-- row end -->\n\t                <!-- divider start -->\n\t                <div class=\"inner-divider-half\"><\/div>\n\t                <!-- divider end -->\n\t            \t\n\t            \t\t                <!-- row start -->\n\t                <div class=\"row\">\n\t                    <!-- col start -->\n\t                    <div class=\"col-lg-12\">\n\t                        <!-- section subtitle start -->\n\t                        <h1 class=\"section-header section-header-dark\">\n\t                            \t                        <\/h1>\n\t                        <!-- section subtitle end -->\n\t                    <\/div>\n\t                    <!-- col end -->\n\t                <\/div>\n\t                <!-- row end -->\n\t                <!-- divider start -->\n\t                <div class=\"inner-divider\"><\/div>\n\t                <!-- divider end -->\n\t            \t                <\/div>\n            <\/section>\n            <!-- section end -->\n            <!-- project start -->\n\n            \n            <!-- section start -->\n            <section class=\"bg-3\">\n                <div class=\"container inner-spacer\">\n                    <!-- divider start -->\n                    <div class=\"inner-divider\"><\/div>\n                    <!-- divider end -->\n                    <!-- row start -->\n                    <div class=\"row\">\n                        <!-- col start -->\n                        <div class=\"col-lg-12\">\n                            <!-- section title start -->\n                            <div class=\"subtitle\"><\/div>\n                            <!-- section title end -->\n                            <!-- divider start -->\n                            <div class=\"inner-divider-half\"><\/div>\n                            <!-- divider end -->\n                            <div class=\"post-spacing-3\">\n                                <!-- section title start -->\n                                <h1 class=\"main-title main-title-all main-title-all-left\">\n                                    <a href=\"\/it\/ogrody-wewnatrz\/\"><span>GIARDINI<\/span><br>\nD\u2019ENTRO<\/a>\n                                <\/h1>\n                                <!-- section title end -->\n                                <!-- divider start -->\n                                <div class=\"inner-divider-half\"><\/div>\n                                <!-- divider end -->\n                                Dimensioni: 70 \u00d7 90 \u00d7 45 cm <br \/>\nMateriali: bronzo (fusione a cera persa), patina a fuoco ( toni del rosso e del verde) lucidatura a oro, base in acciaio da 6 mm\n\n<br> \n<br> \nCristo distorto nel momento delle dolorose convulsioni, il corpo sfigurato, le spine entrano profondamente nel capo fondendosi in esso , le ferite e il costato trafitto. Ma la scultura non vuole concentrarsi sulla sofferenza, ma sull'immenso amore che apre il cuore dell'uomo alla Speranza e alla Redenzione. Mezzo i segni evidenti delle frustate, nelle lacerazioni e dentro le  ferite aperte si intravedono forme fiorite e il verde del giardino: segno di vita e di luce, simbolo di un nuovo inizio.                                <!-- divider start -->\n                                <div class=\"inner-divider-half\"><\/div>\n                                <!-- divider end -->\n                                <!-- button start -->\n                                <div class=\"button-the-wrapper button-the-wrapper-all\">\n                                    <a class=\"button-the\" href=\"\/it\/ogrody-wewnatrz\/\">Guarda l\u2019opera<\/a>\n                                <\/div>\n                                <!-- button end -->\n                            <\/div>\n                        <\/div>\n                        <!-- col end -->\n                    <\/div>\n                    <!-- row end -->\n                    <!-- divider start -->\n                    <div class=\"inner-divider\"><\/div>\n                    <!-- divider end -->\n                <\/div>\n            <\/section>\n            <!-- section end -->\n            <!-- section start -->\n            <section class=\"bg-2\">\n                <div class=\"container-fluid inner-spacer-2\">\n                    <!-- row start -->\n                    <div class=\"row\">\n                        <!-- col start -->\n                        <div class=\"col-lg-12\">\n                            <!-- showcase start -->\n                            <div class=\"extra-margin-justify\">\n                                <div class=\"works-justify-gallery popup-photo-gallery\">\n                                    <a href=\"http:\/\/margheritawinnik.art\/wp-content\/uploads\/2025\/11\/mw1a.jpg\" title=\"IMG Description\">\n                                    <img decoding=\"async\" alt=\"Img\" src=\"http:\/\/margheritawinnik.art\/wp-content\/uploads\/2025\/11\/mw1a.jpg\"\/>\n                                    <\/a>\n\n                                    <a href=\"http:\/\/margheritawinnik.art\/wp-content\/uploads\/2025\/11\/1763496009010.jpg\" title=\"IMG Description\">\n                                    <img decoding=\"async\" alt=\"Img\" src=\"http:\/\/margheritawinnik.art\/wp-content\/uploads\/2025\/11\/1763496009010.jpg\"\/>\n                                    <\/a>\n\n                                    <a href=\"http:\/\/margheritawinnik.art\/wp-content\/uploads\/2025\/11\/1763496009001.jpg\" title=\"IMG Description\">\n                                    <img decoding=\"async\" alt=\"Img\" src=\"http:\/\/margheritawinnik.art\/wp-content\/uploads\/2025\/11\/1763496009001.jpg\"\/>\n                                    <\/a>\n\n                                    <a href=\"http:\/\/margheritawinnik.art\/wp-content\/uploads\/2025\/11\/1763496008946.jpg\" title=\"IMG Description\">\n                                    <img decoding=\"async\" alt=\"Img\" src=\"http:\/\/margheritawinnik.art\/wp-content\/uploads\/2025\/11\/1763496008946.jpg\"\/>\n                                    <\/a>\n                                <\/div>\n                            <\/div>\n                            <!-- showcase end -->\n                        <\/div>\n                        <!-- col end -->\n                    <\/div>\n                    <!-- row end -->\n                <\/div>\n            <\/section>\n            <!-- section end -->\n\n        \t\n            <!-- section start -->\n            <section class=\"bg-3\">\n                <div class=\"container inner-spacer\">\n                    <!-- divider start -->\n                    <div class=\"inner-divider\"><\/div>\n                    <!-- divider end -->\n                    <!-- row start -->\n                    <div class=\"row\">\n                        <!-- col start -->\n                        <div class=\"col-lg-12\">\n                            <!-- section title start -->\n                            <div class=\"subtitle\"><\/div>\n                            <!-- section title end -->\n                            <!-- divider start -->\n                            <div class=\"inner-divider-half\"><\/div>\n                            <!-- divider end -->\n                            <div class=\"post-spacing-3\">\n                                <!-- section title start -->\n                                <h1 class=\"main-title main-title-all main-title-all-left\">\n                                    <a href=\"\/it\/relikwiarz\/\"><span>RELIQUIARIO DEL SANGUE <\/span><br>\nDI SAN GIOVANNI PAOLO II <\/a>\n                                <\/h1>\n                                <!-- section title end -->\n                                <!-- divider start -->\n                                <div class=\"inner-divider-half\"><\/div>\n                                <!-- divider end -->\n                                Dimensioni: 705 \u00d7 30 \u00d7 105 cm <br \/>\nMateriali: bronzo (tecnica a cera persa, sottovuoto), patina a fuoco, smalto su rame, geode di agata, elementi dorati\n<br \/>\n<br \/>\nCustodia delle reliquie di Giovanni Paolo II e commemorazione artistica della sua visita durante il 46\u00b0 Congresso Eucaristico di Breslavia. La silhouette del Papa \u00e8 presente attraverso un contorno sottile ed elementi caratteristici: le mani con l'anello da pescatore dorato e il tessuto fluido dei paramenti papali.\nLa luce che emana dall'ostensorio rivela l'Eucaristia come centro della vita della Chiesa.\nL'opera unisce tradizione e modernit\u00e0, presenza sacra con il linguaggio della scultura contemporanea.                                <!-- divider start -->\n                                <div class=\"inner-divider-half\"><\/div>\n                                <!-- divider end -->\n                                <!-- button start -->\n                                <div class=\"button-the-wrapper button-the-wrapper-all\">\n                                    <a class=\"button-the\" href=\"\/it\/relikwiarz\/\">Guarda l\u2019opera<\/a>\n                                <\/div>\n                                <!-- button end -->\n                            <\/div>\n                        <\/div>\n                        <!-- col end -->\n                    <\/div>\n                    <!-- row end -->\n                    <!-- divider start -->\n                    <div class=\"inner-divider\"><\/div>\n                    <!-- divider end -->\n                <\/div>\n            <\/section>\n            <!-- section end -->\n            <!-- section start -->\n            <section class=\"bg-2\">\n                <div class=\"container-fluid inner-spacer-2\">\n                    <!-- row start -->\n                    <div class=\"row\">\n                        <!-- col start -->\n                        <div class=\"col-lg-12\">\n                            <!-- showcase start -->\n                            <div class=\"extra-margin-justify\">\n                                <div class=\"works-justify-gallery popup-photo-gallery\">\n                                    <a href=\"https:\/\/margheritawinnik.art\/wp-content\/uploads\/2025\/12\/0b1e0e72-318c-4862-8a1e-e406d083ee80.jpg\" title=\"IMG Description\">\n                                    <img decoding=\"async\" alt=\"Img\" src=\"https:\/\/margheritawinnik.art\/wp-content\/uploads\/2025\/12\/0b1e0e72-318c-4862-8a1e-e406d083ee80.jpg\"\/>\n                                    <\/a>\n\n                                    <a href=\"http:\/\/margheritawinnik.art\/wp-content\/uploads\/2025\/11\/1763496008877.jpg\" title=\"IMG Description\">\n                                    <img decoding=\"async\" alt=\"Img\" src=\"http:\/\/margheritawinnik.art\/wp-content\/uploads\/2025\/11\/1763496008877.jpg\"\/>\n                                    <\/a>\n\n                                    <a href=\"http:\/\/margheritawinnik.art\/wp-content\/uploads\/2025\/11\/1763414857425.jpg\" title=\"IMG Description\">\n                                    <img decoding=\"async\" alt=\"Img\" src=\"http:\/\/margheritawinnik.art\/wp-content\/uploads\/2025\/11\/1763414857425.jpg\"\/>\n                                    <\/a>\n\n                                    <a href=\"http:\/\/margheritawinnik.art\/wp-content\/uploads\/2025\/11\/1763412873275.jpg\" title=\"IMG Description\">\n                                    <img decoding=\"async\" alt=\"Img\" src=\"http:\/\/margheritawinnik.art\/wp-content\/uploads\/2025\/11\/1763412873275.jpg\"\/>\n                                    <\/a>\n                                <\/div>\n                            <\/div>\n                            <!-- showcase end -->\n                        <\/div>\n                        <!-- col end -->\n                    <\/div>\n                    <!-- row end -->\n                <\/div>\n            <\/section>\n            <!-- section end -->\n\n        \t\n            <!-- project end -->\n            <!-- section start -->\n            <section class=\"bg-3\">\n                <div class=\"container inner-spacer\">\n                    <!-- divider start -->\n                    <div class=\"inner-divider\"><\/div>\n                    <!-- divider end -->\n                    \n                <\/div>\n            <\/section>\n            <!-- section end -->\n\t\t\t\n\t\t\t\t\t\t\t\t<\/div>\n\t\t\t\t<\/div>\n\t\t\t\t\t<\/div>\n\t\t<\/div>\n\t\t\t\t\t<\/div>\n\t\t<\/section>\n\t\t\t\t<\/div>","protected":false},"excerpt":{"rendered":"<p>Materia i duch spotykaj\u0105 si\u0119 w jednym ge\u015bcie Moje wsp\u00f3\u0142czesne rze\u017aby powstaj\u0105 w cieniu d\u0142ugiego, precyzyjnego procesu tw\u00f3rczego. Modele z wosku i w\u0142\u00f3kien organicznych przekszta\u0142cam w metal za pomoc\u0105 wyrafinowanej, osobistej techniki odlewniczej traconego wosku, nadaj\u0105c ka\u017cdemu dzie\u0142u unikatowy charakter. Mikro odlewnictwo pozwala mi tworzy\u0107 cienkie, nieregularne formy przypominaj\u0105ce li\u015bcie, kor\u0119, p\u0119kni\u0119cia i szczeliny \u2013 [&hellip;]<\/p>","protected":false},"author":1,"featured_media":0,"parent":0,"menu_order":0,"comment_status":"closed","ping_status":"closed","template":"page-templates\/pages.php","meta":{"inline_featured_image":false,"footnotes":""},"class_list":["post-499","page","type-page","status-publish","hentry"],"_links":{"self":[{"href":"https:\/\/margheritawinnik.art\/it\/wp-json\/wp\/v2\/pages\/499","targetHints":{"allow":["GET"]}}],"collection":[{"href":"https:\/\/margheritawinnik.art\/it\/wp-json\/wp\/v2\/pages"}],"about":[{"href":"https:\/\/margheritawinnik.art\/it\/wp-json\/wp\/v2\/types\/page"}],"author":[{"embeddable":true,"href":"https:\/\/margheritawinnik.art\/it\/wp-json\/wp\/v2\/users\/1"}],"replies":[{"embeddable":true,"href":"https:\/\/margheritawinnik.art\/it\/wp-json\/wp\/v2\/comments?post=499"}],"version-history":[{"count":62,"href":"https:\/\/margheritawinnik.art\/it\/wp-json\/wp\/v2\/pages\/499\/revisions"}],"predecessor-version":[{"id":1301,"href":"https:\/\/margheritawinnik.art\/it\/wp-json\/wp\/v2\/pages\/499\/revisions\/1301"}],"wp:attachment":[{"href":"https:\/\/margheritawinnik.art\/it\/wp-json\/wp\/v2\/media?parent=499"}],"curies":[{"name":"wp","href":"https:\/\/api.w.org\/{rel}","templated":true}]}}