{"id":562,"date":"2025-09-23T18:37:57","date_gmt":"2025-09-23T16:37:57","guid":{"rendered":"http:\/\/margheritawinnik.art\/?page_id=562"},"modified":"2025-12-01T11:40:36","modified_gmt":"2025-12-01T10:40:36","slug":"relikwiarz","status":"publish","type":"page","link":"https:\/\/margheritawinnik.art\/it\/relikwiarz\/","title":{"rendered":"Relikwiarz"},"content":{"rendered":"<div data-elementor-type=\"wp-page\" data-elementor-id=\"562\" class=\"elementor elementor-562\" data-elementor-post-type=\"page\">\n\t\t\t\t\t\t<section class=\"elementor-section elementor-top-section elementor-element elementor-element-4d225a6 elementor-section-full_width elementor-section-height-default elementor-section-height-default\" data-id=\"4d225a6\" data-element_type=\"section\">\n\t\t\t\t\t\t<div class=\"elementor-container elementor-column-gap-no\">\n\t\t\t\t\t<div class=\"elementor-column elementor-col-100 elementor-top-column elementor-element elementor-element-42d7374\" data-id=\"42d7374\" data-element_type=\"column\">\n\t\t\t<div class=\"elementor-widget-wrap elementor-element-populated\">\n\t\t\t\t\t\t<div class=\"elementor-element elementor-element-54e2c0b elementor-align-left elementor-widget elementor-widget-bdevs-breadcrumb\" data-id=\"54e2c0b\" data-element_type=\"widget\" data-widget_type=\"bdevs-breadcrumb.default\">\n\t\t\t\t<div class=\"elementor-widget-container\">\n\t\t\t\t\t\n\t\t<section class=\"bg-3\">\n            <div class=\"container inner-spacer\">\n                <!-- divider start -->\n                <div class=\"inner-divider\"><\/div>\n                <!-- divider end -->\n                <!-- row start -->\n                <div class=\"row\">\n                    <!-- col start -->\n                    <div class=\"col-lg-12\">\n                        <!-- section title start -->\n                        <h1 class=\"main-title main-title-dark\">\n                            <span>RELIQUARIO DEL SANGUE<\/span><br>\n                         DI SAN GIOVANNI PAOLO II \n                        <\/h1>\n                        <!-- section title end -->\n                        <!-- divider start -->\n                        <div class=\"inner-divider-half\"><\/div>\n                        <!-- divider end -->\n                        <!-- section subtitle start -->\n                        <h1 class=\"section-header section-header-dark\">\n                            Cattedrale di San Giovanni Battista a Breslavia Polonia \n                        <\/h1>\n                        <!-- section subtitle end -->\n                    <\/div>\n                    <!-- col end -->\n                <\/div>\n                <!-- row end -->\n                <!-- divider start -->\n                <div class=\"inner-divider\"><\/div>\n                <!-- divider end -->\n            <\/div>\n        <\/section>\n        <!-- section end -->\n        <!-- section start -->\n        <div class=\"home-page\" id=\"home\">\n            <!-- hero bg start -->\n            <div class=\"hero-fullscreen\">\n                <!-- parallax start -->\n                <div class=\"parallax-window\" data-image-src=\"http:\/\/margheritawinnik.art\/wp-content\/uploads\/2025\/11\/1763412873275.jpg\" data-parallax=\"scroll\"><\/div>\n                <!-- parallax end -->\n            <\/div>\n            <!-- hero bg end -->\n        <\/div>\n        <!-- page wrapper start -->\n        <div class=\"page-wrapper\">\n\t\t\t\n\t\t\t\n\t\t\t\n\t\t\t\n\t\t\t\t\t\t\t\t<\/div>\n\t\t\t\t<\/div>\n\t\t\t\t\t<\/div>\n\t\t<\/div>\n\t\t\t\t\t<\/div>\n\t\t<\/section>\n\t\t\t\t<section class=\"elementor-section elementor-top-section elementor-element elementor-element-8b8c55a elementor-section-full_width elementor-section-height-default elementor-section-height-default\" data-id=\"8b8c55a\" data-element_type=\"section\">\n\t\t\t\t\t\t<div class=\"elementor-container elementor-column-gap-no\">\n\t\t\t\t\t<div class=\"elementor-column elementor-col-100 elementor-top-column elementor-element elementor-element-71a2f81\" data-id=\"71a2f81\" data-element_type=\"column\">\n\t\t\t<div class=\"elementor-widget-wrap elementor-element-populated\">\n\t\t\t\t\t\t<section class=\"elementor-section elementor-inner-section elementor-element elementor-element-c86b160 elementor-section-boxed elementor-section-height-default elementor-section-height-default\" data-id=\"c86b160\" data-element_type=\"section\">\n\t\t\t\t\t\t<div class=\"elementor-container elementor-column-gap-default\">\n\t\t\t\t\t<div class=\"elementor-column elementor-col-33 elementor-inner-column elementor-element elementor-element-3acb3f6\" data-id=\"3acb3f6\" data-element_type=\"column\">\n\t\t\t<div class=\"elementor-widget-wrap elementor-element-populated\">\n\t\t\t\t\t\t<div class=\"elementor-element elementor-element-0dabaf4 elementor-widget elementor-widget-image\" data-id=\"0dabaf4\" data-element_type=\"widget\" data-widget_type=\"image.default\">\n\t\t\t\t<div class=\"elementor-widget-container\">\n\t\t\t\t\t\t\t\t\t\t\t\t\t\t\t<img fetchpriority=\"high\" decoding=\"async\" width=\"216\" height=\"300\" src=\"https:\/\/margheritawinnik.art\/wp-content\/uploads\/2025\/11\/nw-216x300.jpg\" class=\"attachment-medium size-medium wp-image-928\" alt=\"\" srcset=\"https:\/\/margheritawinnik.art\/wp-content\/uploads\/2025\/11\/nw-216x300.jpg 216w, https:\/\/margheritawinnik.art\/wp-content\/uploads\/2025\/11\/nw.jpg 652w\" sizes=\"(max-width: 216px) 100vw, 216px\" \/>\t\t\t\t\t\t\t\t\t\t\t\t\t\t\t<\/div>\n\t\t\t\t<\/div>\n\t\t\t\t\t<\/div>\n\t\t<\/div>\n\t\t\t\t<div class=\"elementor-column elementor-col-66 elementor-inner-column elementor-element elementor-element-f791261\" data-id=\"f791261\" data-element_type=\"column\">\n\t\t\t<div class=\"elementor-widget-wrap elementor-element-populated\">\n\t\t\t\t\t\t<div class=\"elementor-element elementor-element-55ea342 elementor-widget elementor-widget-heading\" data-id=\"55ea342\" data-element_type=\"widget\" data-widget_type=\"heading.default\">\n\t\t\t\t<div class=\"elementor-widget-container\">\n\t\t\t\t\t<h1 class=\"elementor-heading-title elementor-size-default\">Nowe \u017bycie: Listopad 2022<\/h1>\t\t\t\t<\/div>\n\t\t\t\t<\/div>\n\t\t\t\t<div class=\"elementor-element elementor-element-a79baaf elementor-widget elementor-widget-heading\" data-id=\"a79baaf\" data-element_type=\"widget\" data-widget_type=\"heading.default\">\n\t\t\t\t<div class=\"elementor-widget-container\">\n\t\t\t\t\t<h4 class=\"elementor-heading-title elementor-size-default\">Temat Numeru:<\/h4>\t\t\t\t<\/div>\n\t\t\t\t<\/div>\n\t\t\t\t<div class=\"elementor-element elementor-element-7bbd580 elementor-widget elementor-widget-heading\" data-id=\"7bbd580\" data-element_type=\"widget\" data-widget_type=\"heading.default\">\n\t\t\t\t<div class=\"elementor-widget-container\">\n\t\t\t\t\t<h1 class=\"elementor-heading-title elementor-size-default\">Relikwiarz krwi \n\u015bw. Jana Paw\u0142a II<\/h1>\t\t\t\t<\/div>\n\t\t\t\t<\/div>\n\t\t\t\t<div class=\"elementor-element elementor-element-3305328 elementor-widget elementor-widget-heading\" data-id=\"3305328\" data-element_type=\"widget\" data-widget_type=\"heading.default\">\n\t\t\t\t<div class=\"elementor-widget-container\">\n\t\t\t\t\t<h5 class=\"elementor-heading-title elementor-size-default\">Ma\u0142gorzata Maria Winnik<\/h5>\t\t\t\t<\/div>\n\t\t\t\t<\/div>\n\t\t\t\t<div class=\"elementor-element elementor-element-d28af08 elementor-widget elementor-widget-button\" data-id=\"d28af08\" data-element_type=\"widget\" data-widget_type=\"button.default\">\n\t\t\t\t<div class=\"elementor-widget-container\">\n\t\t\t\t\t\t\t\t\t<div class=\"elementor-button-wrapper\">\n\t\t\t\t\t<a class=\"elementor-button elementor-button-link elementor-size-sm\" href=\"http:\/\/]\/wp-content\/uploads\/2025\/11\/NoweZycie.pdf\">\n\t\t\t\t\t\t<span class=\"elementor-button-content-wrapper\">\n\t\t\t\t\t\t\t\t\t<span class=\"elementor-button-text\">\u015aci\u0105gnij PDF<\/span>\n\t\t\t\t\t<\/span>\n\t\t\t\t\t<\/a>\n\t\t\t\t<\/div>\n\t\t\t\t\t\t\t\t<\/div>\n\t\t\t\t<\/div>\n\t\t\t\t\t<\/div>\n\t\t<\/div>\n\t\t\t\t\t<\/div>\n\t\t<\/section>\n\t\t\t\t<div class=\"elementor-element elementor-element-3d717d8 elementor-align-left elementor-widget elementor-widget-bdevs-project\" data-id=\"3d717d8\" data-element_type=\"widget\" id=\"praca-project\" data-widget_type=\"bdevs-project.default\">\n\t\t\t\t<div class=\"elementor-widget-container\">\n\t\t\t\t\t        <!-- page wrapper start -->\n        <div class=\"page-wrapper\">\n            <!-- section start -->\n            <section class=\"bg-2\">\n                <div class=\"container inner-spacer\">\n                    <!-- divider start -->\n                    <div class=\"inner-divider\"><\/div>\n                    <!-- divider end -->\n\n                    \t                <!-- row start -->\n\t                <div class=\"row\">\n\t                    <!-- col start -->\n\t                    <div class=\"col-lg-12\">\n\t                        <!-- section title start -->\n\t                        <h2 class=\"section-heading section-heading-dark\">\n\t                            \t                        <\/h2>\n\t                        <!-- section title end -->\n\t                    <\/div>\n\t                    <!-- col end -->\n\t                <\/div>\n\t                <!-- row end -->\n\t                <!-- divider start -->\n\t                <div class=\"inner-divider-half\"><\/div>\n\t                <!-- divider end -->\n\t            \t\n\t            \t\t                <!-- row start -->\n\t                <div class=\"row\">\n\t                    <!-- col start -->\n\t                    <div class=\"col-lg-12\">\n\t                        <!-- section subtitle start -->\n\t                        <h1 class=\"section-header section-header-dark\">\n\t                            \t                        <\/h1>\n\t                        <!-- section subtitle end -->\n\t                    <\/div>\n\t                    <!-- col end -->\n\t                <\/div>\n\t                <!-- row end -->\n\t                <!-- divider start -->\n\t                <div class=\"inner-divider\"><\/div>\n\t                <!-- divider end -->\n\t            \t                <\/div>\n            <\/section>\n            <!-- section end -->\n            <!-- project start -->\n\n            \n            <!-- section start -->\n            <section class=\"bg-3\">\n                <div class=\"container inner-spacer\">\n                    <!-- divider start -->\n                    <div class=\"inner-divider\"><\/div>\n                    <!-- divider end -->\n                    <!-- row start -->\n                    <div class=\"row\">\n                        <!-- col start -->\n                        <div class=\"col-lg-12\">\n                            <!-- section title start -->\n                            <div class=\"subtitle\"><\/div>\n                            <!-- section title end -->\n                            <!-- divider start -->\n                            <div class=\"inner-divider-half\"><\/div>\n                            <!-- divider end -->\n                            <div class=\"post-spacing-3\">\n                                <!-- section title start -->\n                                <h1 class=\"main-title main-title-all main-title-all-left\">\n                                    <a href=\"\"><\/a>\n                                <\/h1>\n                                <!-- section title end -->\n                                <!-- divider start -->\n                                <div class=\"inner-divider-half\"><\/div>\n                                <!-- divider end -->\n                                <div class=\"testimonial testimonial-dark\">\n                                    <div class=\"inner\">\n                                        <div class=\"quote\">\n                                            <blockquote class=\"quote-inner\">\n                                           Dimensioni: 75 x 30 x 105 cm<br>\nMateriali: scultura in bronzo, tecnica a cera persa, in vacuum, patina a fuoco, smalto su ramea  835 \u00b0C, geode di agata, elementi dorati. \n                                            <\/blockquote>\n                                        <\/div>\n                                    <\/div>\n                                <\/div>\n                                <div class=\"inner-divider-half\"><\/div>\n                                <div class=\"section-txt section-txt-dark\">\n                                    <p>\nLo scopo di quest'opera \u00e8 custodire il sangue di Papa Giovanni Paolo II e commemorare la sua visita alla Cattedrale di Breslavia durante il 46\u00b0 Congresso Eucaristico. Quest'opera permette di notare la presenza della figura di Papa Giovanni Paolo II, nonostante l'intenzione sia quella di non mostrare n\u00e9 la sua intera figura n\u00e9 il suo volto. Tuttavia, grazie al profilo del Pastore Bianco, egli diventa molto chiaro e riconoscibile.\n<br \/><br \/>\nLe mani del successore polacco di Pietro, che iniziano gi\u00e0 a mostrare i primi segni di degenerazione, con l'anello d'oro del pescatore, stringono l'ostensorio decorato, mettendo in primo piano Cristo Eucaristico. Questo ostensorio, che \u00e8 una parafrasi scultorea dell'ostensorio radiante effettivamente utilizzato da Giovanni Paolo II durante l'adorazione del Santissimo Sacramento il 31 maggio 1997 nella Cattedrale di Breslavia, vuole essere un richiamo alla Tradizione della Chiesa, e in particolare alla tradizione dell'Arcidiocesi di Breslavia. Non vuole quindi essere una copia dell'originale, ma un'espressione artistica, un mezzo che, grazie a elementi riconoscibili che rimandano al pezzo del tesoro cattedrale (1672) si fonde con le forme contemporanee elaborate dall'artista.<br \/><br \/>\n\nIl riferimento allo ostensorio radiante non solo ci trasporta in un luogo e in un tempo specifici, ovvero il 31 maggio 1997, ma aiuta anche a esprimere appieno il concetto di continuit\u00e0 temporale nella Chiesa. In un unico momento sono presenti la tradizione e il presente. <br \/>La Chiesa \u00e8 il Corpo Mistico Vivente di Cristo, lo stesso - sebbene diverso - che dura in eterno. In questa Chiesa lo stesso Cristo \u00e8 sempre presente.<br \/><br \/>\n\nLa figura di San Giovanni Paolo II rimane sullo sfondo dell'ostensorio. Davanti a lui c'\u00e8 sempre Cristo, perch\u00e9 Giovanni Paolo II voleva che Cristo fosse sempre al primo posto. Il punto pi\u00f9 luminoso della composizione \u00e8 quindi il simbolo della preziosa Ostia. La figura del Papa \u201cvive\u201d della sua luce. La luce che emana dall'ostensorio illumina la figura, che \u00e8 letteralmente sostenuta dalle fiamme e riempita dal soffio del vento.<br \/>\nL'azione dello Spirito, che \u00absoffia dove vuole\u00bb (cfr. Gv 3, 8), \u00e8 rappresentata in questa opera scultorea sotto forma di lingue di fuoco e di elementi e tessuti in movimento, sollevati dal soffio. Questo delicato \u00absoffio\u00bb libera le piccole forme scultoree dalla rigida composizione del vaso liturgico, spezzando i raggi smaltati e geometrici attorno all'ostensorio, dirigendo come un vortice di forza misteriosa verso l'alto, verso Dio Padre. Questi frammenti di elementi rigidi si trasformano in forme naturali e morbide che riempiono lo spazio, sollevandosi dalla chiara Ostia, realizzata in preziosa pietra di agata geode, il punto pi\u00f9 luminoso della composizione, fino alle vetrate della cattedrale di Breslavia.  Altre forme delicate, dorate e morbide si depositano intorno all'Ostia, completando l'anello. Guardando l'Ostia controluce, vediamo la delicata scritta Eucharistia et libertas \u2013 Eucaristia e libert\u00e0, che \u00e8 lo slogan del 46\u00b0 Congresso Eucaristico Internazionale. <br \/>Le vetrate simbolicamente rappresentate consentono di riconoscere immediatamente l'interno della Cattedrale di Breslavia. Non sono di vetro. <br \/>\nQui sono realizzate in rame e sottoposte a una precisa smaltatura, proprio come l'ostensorio. Attraverso gli spazi vuoti e liberi passa la luce.<br \/>\nL'ostensorio raffigurato nella scultura \u00e8 sollevato sopra una base che \u00e8 un frammento dell'altare, che \u00e8 anche il luogo in cui sono conservate le reliquie.\n<br \/><br \/>\n<p>Nuova vita: novembre 2022 \u2014 Tema del numero: \"Reliquiario del sangue di San Giovanni Paolo II\" \u2014 autore: Ma\u0142gorzata Maria Winnik<\/p>\n\n<a href=\"https:\/\/drive.google.com\/file\/d\/1qXjBKOzCwf-5eZE-73tj6nVRyUC66k4j\/view?usp=sharing\" target=\"_blank\" style=\"align-items:center;gap:6px;padding:8px 12px;background:#f5f5f5;border-radius:6px;text-decoration:none;color:#202124\">\n  <img decoding=\"async\" src=\"https:\/\/www.google.com\/s2\/favicons?sz=32&amp;domain=drive.google.com\" style=\"width:20px;height:20px\">\n  <span>Scarica il PDF da Google Drive<\/span>\n<\/a>\n\n                                    <\/p>\n                                <\/div>\n                                <!-- divider start -->\n                                <div class=\"inner-divider-half\"><\/div>\n                                <!-- divider end -->\n                                <!-- button start -->\n                                <div class=\"button-the-wrapper button-the-wrapper-all\">\n                                    <a class=\"button-the\" href=\"\"><\/a>\n                                <\/div>\n                                <!-- button end -->\n                            <\/div>\n                        <\/div>\n                        <!-- col end -->\n                    <\/div>\n                    <!-- row end -->\n                    <!-- divider start -->\n                    <div class=\"inner-divider\"><\/div>\n                    <!-- divider end -->\n                <\/div>\n            <\/section>\n            <!-- section end -->\n            <!-- section start -->\n            <section class=\"bg-2\">\n                <div class=\"container-fluid inner-spacer-2\">\n                    <!-- row start -->\n                    <div class=\"row\">\n                        <!-- col start -->\n                        <div class=\"col-lg-12\">\n                            <!-- showcase start -->\n                            <div class=\"extra-margin-justify\">\n                                <div class=\"works-justify-gallery popup-photo-gallery\">\n                                    <a href=\"http:\/\/margheritawinnik.art\/wp-content\/uploads\/2025\/11\/1763414857425.jpg\" title=\"IMG Description\">\n                                    <img decoding=\"async\" alt=\"Img\" src=\"http:\/\/margheritawinnik.art\/wp-content\/uploads\/2025\/11\/1763414857425.jpg\"\/>\n                                    <\/a>\n\n                                    <a href=\"http:\/\/margheritawinnik.art\/wp-content\/uploads\/2025\/11\/1763414857433-e1763415357796.jpg\" title=\"IMG Description\">\n                                    <img decoding=\"async\" alt=\"Img\" src=\"http:\/\/margheritawinnik.art\/wp-content\/uploads\/2025\/11\/1763414857433-e1763415357796.jpg\"\/>\n                                    <\/a>\n\n                                    <a href=\"http:\/\/margheritawinnik.art\/wp-content\/uploads\/2025\/11\/1763414069969-e1763414229235.jpg\" title=\"IMG Description\">\n                                    <img decoding=\"async\" alt=\"Img\" src=\"http:\/\/margheritawinnik.art\/wp-content\/uploads\/2025\/11\/1763414069969-e1763414229235.jpg\"\/>\n                                    <\/a>\n\n                                    <a href=\"http:\/\/margheritawinnik.art\/wp-content\/uploads\/2025\/11\/1763496009047.jpg\" title=\"IMG Description\">\n                                    <img decoding=\"async\" alt=\"Img\" src=\"http:\/\/margheritawinnik.art\/wp-content\/uploads\/2025\/11\/1763496009047.jpg\"\/>\n                                    <\/a>\n                                <\/div>\n                            <\/div>\n                            <!-- showcase end -->\n                        <\/div>\n                        <!-- col end -->\n                    <\/div>\n                    <!-- row end -->\n                <\/div>\n            <\/section>\n            <!-- section end -->\n\n        \t\n            <!-- project end -->\n            <!-- section start -->\n            <section class=\"bg-3\">\n                <div class=\"container inner-spacer\">\n                    <!-- divider start -->\n                    <div class=\"inner-divider\"><\/div>\n                    <!-- divider end -->\n                    \n                <\/div>\n            <\/section>\n            <!-- section end -->\n\t\t\t\n\t\t\t\t\t\t\t\t<\/div>\n\t\t\t\t<\/div>\n\t\t\t\t<div class=\"elementor-element elementor-element-5c38501 elementor-align-center elementor-widget elementor-widget-button\" data-id=\"5c38501\" data-element_type=\"widget\" data-widget_type=\"button.default\">\n\t\t\t\t<div class=\"elementor-widget-container\">\n\t\t\t\t\t\t\t\t\t<div class=\"elementor-button-wrapper\">\n\t\t\t\t\t<a class=\"elementor-button elementor-button-link elementor-size-sm\" href=\"\/it\/kontakt\/\">\n\t\t\t\t\t\t<span class=\"elementor-button-content-wrapper\">\n\t\t\t\t\t\t\t\t\t<span class=\"elementor-button-text\">contattami<\/span>\n\t\t\t\t\t<\/span>\n\t\t\t\t\t<\/a>\n\t\t\t\t<\/div>\n\t\t\t\t\t\t\t\t<\/div>\n\t\t\t\t<\/div>\n\t\t\t\t\t<\/div>\n\t\t<\/div>\n\t\t\t\t\t<\/div>\n\t\t<\/section>\n\t\t\t\t<\/div>","protected":false},"excerpt":{"rendered":"<p>RELIKWIARZ KRWI \u015aWI\u0118TEGO JANA PAW\u0141A II Katedra \u015aw. Jana Chrzciciela we Wroc\u0142awiu , Polska Nowe \u017bycie: Listopad 2022 Temat Numeru: Relikwiarz krwi \u015bw. Jana Paw\u0142a II Ma\u0142gorzata Maria Winnik \u015aci\u0105gnij PDF Wymiary: 75 x 30 x 105cm Materia\u0142y: Rze\u017aba w br\u0105zie, technika wosku traconego, in vacuum, patyna ogniowa, emalia na mied\u017a i szkliwo 835 st. [&hellip;]<\/p>","protected":false},"author":1,"featured_media":775,"parent":0,"menu_order":0,"comment_status":"closed","ping_status":"closed","template":"page-templates\/pages.php","meta":{"inline_featured_image":false,"footnotes":""},"class_list":["post-562","page","type-page","status-publish","has-post-thumbnail","hentry"],"_links":{"self":[{"href":"https:\/\/margheritawinnik.art\/it\/wp-json\/wp\/v2\/pages\/562","targetHints":{"allow":["GET"]}}],"collection":[{"href":"https:\/\/margheritawinnik.art\/it\/wp-json\/wp\/v2\/pages"}],"about":[{"href":"https:\/\/margheritawinnik.art\/it\/wp-json\/wp\/v2\/types\/page"}],"author":[{"embeddable":true,"href":"https:\/\/margheritawinnik.art\/it\/wp-json\/wp\/v2\/users\/1"}],"replies":[{"embeddable":true,"href":"https:\/\/margheritawinnik.art\/it\/wp-json\/wp\/v2\/comments?post=562"}],"version-history":[{"count":17,"href":"https:\/\/margheritawinnik.art\/it\/wp-json\/wp\/v2\/pages\/562\/revisions"}],"predecessor-version":[{"id":1128,"href":"https:\/\/margheritawinnik.art\/it\/wp-json\/wp\/v2\/pages\/562\/revisions\/1128"}],"wp:featuredmedia":[{"embeddable":true,"href":"https:\/\/margheritawinnik.art\/it\/wp-json\/wp\/v2\/media\/775"}],"wp:attachment":[{"href":"https:\/\/margheritawinnik.art\/it\/wp-json\/wp\/v2\/media?parent=562"}],"curies":[{"name":"wp","href":"https:\/\/api.w.org\/{rel}","templated":true}]}}