{"id":663,"date":"2025-11-15T15:01:24","date_gmt":"2025-11-15T14:01:24","guid":{"rendered":"http:\/\/margheritawinnik.art\/?page_id=663"},"modified":"2025-12-15T00:02:59","modified_gmt":"2025-12-14T23:02:59","slug":"inspiracje","status":"publish","type":"page","link":"https:\/\/margheritawinnik.art\/it\/inspiracje\/","title":{"rendered":"ISPIRAZIONE"},"content":{"rendered":"<div data-elementor-type=\"wp-page\" data-elementor-id=\"663\" class=\"elementor elementor-663\" data-elementor-post-type=\"page\">\n\t\t\t\t\t\t<section class=\"elementor-section elementor-top-section elementor-element elementor-element-ff5be6e elementor-section-full_width elementor-section-height-default elementor-section-height-default\" data-id=\"ff5be6e\" data-element_type=\"section\">\n\t\t\t\t\t\t<div class=\"elementor-container elementor-column-gap-no\">\n\t\t\t\t\t<div class=\"elementor-column elementor-col-100 elementor-top-column elementor-element elementor-element-c0b19fe\" data-id=\"c0b19fe\" data-element_type=\"column\">\n\t\t\t<div class=\"elementor-widget-wrap elementor-element-populated\">\n\t\t\t\t\t\t<div class=\"elementor-element elementor-element-9be8214 elementor-align-left elementor-widget elementor-widget-bdevs-breadcrumb\" data-id=\"9be8214\" data-element_type=\"widget\" data-widget_type=\"bdevs-breadcrumb.default\">\n\t\t\t\t<div class=\"elementor-widget-container\">\n\t\t\t\t\t\n\t\t<section class=\"bg-3\">\n            <div class=\"container inner-spacer\">\n                <!-- divider start -->\n                <div class=\"inner-divider\"><\/div>\n                <!-- divider end -->\n                <!-- row start -->\n                <div class=\"row\">\n                    <!-- col start -->\n                    <div class=\"col-lg-12\">\n                        <!-- section title start -->\n                        <h1 class=\"main-title main-title-dark\">\n                            <span>L'arte, attingendo dallo Spirito, <\/span><br>parla al cuore \n                        <\/h1>\n                        <!-- section title end -->\n                        <!-- divider start -->\n                        <div class=\"inner-divider-half\"><\/div>\n                        <!-- divider end -->\n                        <!-- section subtitle start -->\n                        <h1 class=\"section-header section-header-dark\">\n                            \u00c8 nel CREARE ED AMARE che trovo le conferme di essere stata creata alla somiglianza con Dio. \n                        <\/h1>\n                        <!-- section subtitle end -->\n                    <\/div>\n                    <!-- col end -->\n                <\/div>\n                <!-- row end -->\n                <!-- divider start -->\n                <div class=\"inner-divider\"><\/div>\n                <!-- divider end -->\n            <\/div>\n        <\/section>\n        <!-- section end -->\n        <!-- section start -->\n        <div class=\"home-page\" id=\"home\">\n            <!-- hero bg start -->\n            <div class=\"hero-fullscreen\">\n                <!-- parallax start -->\n                <div class=\"parallax-window\" data-image-src=\"http:\/\/margheritawinnik.art\/wp-content\/uploads\/2025\/11\/Image00005-2023-06-23T17_25_43.869.jpg\" data-parallax=\"scroll\"><\/div>\n                <!-- parallax end -->\n            <\/div>\n            <!-- hero bg end -->\n        <\/div>\n        <!-- page wrapper start -->\n        <div class=\"page-wrapper\">\n\t\t\t\n\t\t\t\n\t\t\t\n\t\t\t\n\t\t\t\t\t\t\t\t<\/div>\n\t\t\t\t<\/div>\n\t\t\t\t\t<\/div>\n\t\t<\/div>\n\t\t\t\t\t<\/div>\n\t\t<\/section>\n\t\t\t\t<section class=\"elementor-section elementor-top-section elementor-element elementor-element-66c0670 elementor-section-full_width elementor-section-height-default elementor-section-height-default\" data-id=\"66c0670\" data-element_type=\"section\">\n\t\t\t\t\t\t<div class=\"elementor-container elementor-column-gap-no\">\n\t\t\t\t\t<div class=\"elementor-column elementor-col-100 elementor-top-column elementor-element elementor-element-d218ad0\" data-id=\"d218ad0\" data-element_type=\"column\">\n\t\t\t<div class=\"elementor-widget-wrap elementor-element-populated\">\n\t\t\t\t\t\t<div class=\"elementor-element elementor-element-cd434c9 elementor-arrows-position-inside elementor-pagination-position-outside elementor-widget elementor-widget-image-carousel\" data-id=\"cd434c9\" data-element_type=\"widget\" data-settings=\"{&quot;navigation&quot;:&quot;both&quot;,&quot;autoplay&quot;:&quot;yes&quot;,&quot;pause_on_hover&quot;:&quot;yes&quot;,&quot;pause_on_interaction&quot;:&quot;yes&quot;,&quot;autoplay_speed&quot;:5000,&quot;infinite&quot;:&quot;yes&quot;,&quot;speed&quot;:500}\" data-widget_type=\"image-carousel.default\">\n\t\t\t\t<div class=\"elementor-widget-container\">\n\t\t\t\t\t\t\t<div class=\"elementor-image-carousel-wrapper swiper\" role=\"region\" aria-roledescription=\"carousel\" aria-label=\"Karuzela obrazk\u00f3w\" dir=\"ltr\">\n\t\t\t<div class=\"elementor-image-carousel swiper-wrapper\" aria-live=\"off\">\n\t\t\t\t\t\t\t\t<div class=\"swiper-slide\" role=\"group\" aria-roledescription=\"slide\" aria-label=\"1 z 7\"><figure class=\"swiper-slide-inner\"><img decoding=\"async\" class=\"swiper-slide-image\" src=\"http:\/\/margheritawinnik.art\/wp-content\/uploads\/2022\/05\/2-5.jpg\" alt=\"\" \/><\/figure><\/div><div class=\"swiper-slide\" role=\"group\" aria-roledescription=\"slide\" aria-label=\"2 z 7\"><figure class=\"swiper-slide-inner\"><img decoding=\"async\" class=\"swiper-slide-image\" src=\"http:\/\/margheritawinnik.art\/wp-content\/uploads\/2022\/05\/1-6.jpg\" alt=\"\" \/><\/figure><\/div><div class=\"swiper-slide\" role=\"group\" aria-roledescription=\"slide\" aria-label=\"3 z 7\"><figure class=\"swiper-slide-inner\"><img decoding=\"async\" class=\"swiper-slide-image\" src=\"http:\/\/margheritawinnik.art\/wp-content\/uploads\/2022\/05\/2-4.jpg\" alt=\"\" \/><\/figure><\/div><div class=\"swiper-slide\" role=\"group\" aria-roledescription=\"slide\" aria-label=\"4 z 7\"><figure class=\"swiper-slide-inner\"><img decoding=\"async\" class=\"swiper-slide-image\" src=\"http:\/\/margheritawinnik.art\/wp-content\/uploads\/2022\/05\/1-5.jpg\" alt=\"\" \/><\/figure><\/div><div class=\"swiper-slide\" role=\"group\" aria-roledescription=\"slide\" aria-label=\"5 z 7\"><figure class=\"swiper-slide-inner\"><img decoding=\"async\" class=\"swiper-slide-image\" src=\"http:\/\/margheritawinnik.art\/wp-content\/uploads\/2022\/06\/7-8.jpg\" alt=\"\" \/><\/figure><\/div><div class=\"swiper-slide\" role=\"group\" aria-roledescription=\"slide\" aria-label=\"6 z 7\"><figure class=\"swiper-slide-inner\"><img decoding=\"async\" class=\"swiper-slide-image\" src=\"http:\/\/margheritawinnik.art\/wp-content\/uploads\/2022\/06\/7-7.jpg\" alt=\"\" \/><\/figure><\/div><div class=\"swiper-slide\" role=\"group\" aria-roledescription=\"slide\" aria-label=\"7 z 7\"><figure class=\"swiper-slide-inner\"><img decoding=\"async\" class=\"swiper-slide-image\" src=\"http:\/\/margheritawinnik.art\/wp-content\/uploads\/2022\/06\/7-6.jpg\" alt=\"\" \/><\/figure><\/div>\t\t\t<\/div>\n\t\t\t\t\t\t\t\t\t\t\t\t<div class=\"elementor-swiper-button elementor-swiper-button-prev\" role=\"button\" tabindex=\"0\">\n\t\t\t\t\t\t<i aria-hidden=\"true\" class=\"eicon-chevron-left\"><\/i>\t\t\t\t\t<\/div>\n\t\t\t\t\t<div class=\"elementor-swiper-button elementor-swiper-button-next\" role=\"button\" tabindex=\"0\">\n\t\t\t\t\t\t<i aria-hidden=\"true\" class=\"eicon-chevron-right\"><\/i>\t\t\t\t\t<\/div>\n\t\t\t\t\n\t\t\t\t\t\t\t\t\t<div class=\"swiper-pagination\"><\/div>\n\t\t\t\t\t\t\t\t\t<\/div>\n\t\t\t\t\t\t<\/div>\n\t\t\t\t<\/div>\n\t\t\t\t<div class=\"elementor-element elementor-element-8c59a6e elementor-align-left elementor-widget elementor-widget-bdevs-Features\" data-id=\"8c59a6e\" data-element_type=\"widget\" data-widget_type=\"bdevs-Features.default\">\n\t\t\t\t<div class=\"elementor-widget-container\">\n\t\t\t\t\t\r\n\t\t<section class=\"bg-2\">\r\n            <div class=\"container inner-spacer\">\r\n                <!-- divider start -->\r\n                <div class=\"inner-divider\"><\/div>\r\n                <!-- divider end -->\r\n\r\n                                <!-- row start -->\r\n                <div class=\"row\">\r\n                    <!-- col start -->\r\n                    <div class=\"col-lg-12\">\r\n                        <!-- section title start -->\r\n                        <h2 class=\"section-heading section-heading-dark\">\r\n                            L\u2019ISPIRAZIONE                        <\/h2>\r\n                        <!-- section title end -->\r\n                    <\/div>\r\n                    <!-- col end -->\r\n                <\/div>\r\n                <!-- row end -->\r\n                <!-- divider start -->\r\n                <div class=\"inner-divider-half\"><\/div>\r\n                <!-- divider end -->\r\n            \t\r\n            \t                <!-- row start -->\r\n                <div class=\"row\">\r\n                    <!-- col start -->\r\n                    <div class=\"col-lg-12\">\r\n                        <!-- section subtitle start -->\r\n                        <h1 class=\"section-header section-header-dark\">\r\n                            <span style=\"font-size:1.1em\"> Voglio credere che sia il Signore a plasmare i miei pensieri e sentimenti, e mi lascio guidare da Lui, attraverso la gioia e la fatica del processo scultoreo, alla creazione di un'opera che evochi la Sua bellezza, fonte inesauribile della mia ispirazione. <br \/>\n<br \/>\nIl mio desiderio \u00e8 quello di creare qualcosa di pi\u00f9 di un oggetto artigianale di serie. Il pensiero, circondato dalla preghiera per giorni, mesi o anni, con il tempo si trasforma in una scultura. \u00c8 cos\u00ec che, nella ricerca della riflessione sulla Vera Bellezza, nascono le idee per le mie opere. I misteri contemplati assumono la forma di spazi vuoti e pieni. \n<br \/>\nMi avvicino timidamente alla vita dei Santi per mostrarli come diversi e allo stesso tempo cos\u00ec simili, originali, ognuno pienamente se stesso. Il lavoro sull'opera \u00e8 la mia preghiera.Tworzenie \u00e8 un incontro privato con Dio; momenti di lacrime, ringraziamenti, stupore, contemplazione e silenzio, per rimanere nella verit\u00e0 e nell'intuizione. <br \/>\n<br \/>\nDomande continue, tentativi, decisioni, stanchezza, fallimenti, paura, cadute, propositi, cambiamenti: \u00e8 un processo di conversione continuo. Ogni fase del lavoro \u00e8 una fase successiva della preghiera, spesso accompagnata dall'Eucaristia. \u00c8 l'accettazione delle difficolt\u00e0 quotidiane, della vita frenetica e del mistero della vita vissuta. e una vita che pulsa\u2026 <br \/>\n<br \/>\nAffido a Dio l'intero lavoro creativo del modello e il rischioso processo di fusione, affinch\u00e9 tutto si realizzi secondo la Sua volont\u00e0. \u00c8 una preghiera quotidiana affinch\u00e9 Egli guidi le mie mani verso la Sua gloria. <br \/>\n<br \/>\nProprio come le forme delle sculture emergono trasformate dalle fiamme, ricche di un'esperienza che prima non avevano, cos\u00ec anch'io, artista, dopo l\u2019esperienza dell\u2019ogni incontro non sono pi\u00f9 quello che ero prima. Solo il sigillo - la mia firma - rimane lo stesso. Ora la mia vita \u00e8 diversa... fino alla prossima scultura.<\/span>                        <\/h1>\r\n                        <!-- section subtitle end -->\r\n                    <\/div>\r\n                    <!-- col end -->\r\n                <\/div>\r\n                <!-- row end -->\r\n                <!-- divider start -->\r\n                <div class=\"inner-divider\"><\/div>\r\n                <!-- divider end -->\r\n            \t            \t\r\n                <!-- row start -->\r\n                <div class=\"row\">\r\n                    <!-- col start -->\r\n                    <div class=\"col-lg-12\">\r\n                        <!-- panel wrapper start -->\r\n                        <div class=\"panel-wrapper\">\r\n                            <div class=\"panel-group\" id=\"accordion\" role=\"tablist\" aria-multiselectable=\"true\">\r\n\r\n                            \t\t\t\t\t\t\t\t\t\t\t                                    <div class=\"panel panel-default\">\r\n                                        <div class=\"panel-heading\" id=\"headingOne\" role=\"tab\">\r\n                                            <h4 class=\"panel-title\">\r\n                                                <a role=\"button\" data-toggle=\"collapse\" data-parent=\"#accordion\" href=\"#collapseOne\" aria-expanded=\"true\" aria-controls=\"collapseOne\">\r\n                                                    <!-- section title start -->\r\n                                                    <span class=\"panel-title\">\r\n                                                    LA FEDE                                                    \r\n                                                    <\/span>\r\n                                                    <!-- section title end -->\r\n                                                    <i class=\"pull-left ion ion-plus\"><\/i>                                                \r\n                                                <\/a>\r\n                                            <\/h4>\r\n                                        <\/div>\r\n                                        <div class=\"panel-collapse collapse in\" id=\"collapseOne\" role=\"tabpanel\" aria-labelledby=\"headingOne\">\r\n                                            <!-- section txt start -->\r\n                                            <div class=\"panel-body\">\r\n                                                <p>La fede \u00e8 una relazione, un legame, un incontro con Dio \u2013 Persona. \u00c8 la convinzione che Lui mi abbia amato per primo, senza alcun merito da parte mia,gratuitamente cos\u00ec come sono. La fede \u00e8 la certezza che Dio desidera la mia felicit\u00e0 e la consapevolezza che ha posto il desiderio di felicit\u00e0 nel mio cuore, guidandomi verso una libera scelta: diventare moglie, madre, amica, artista. <br \/><br \/>\nTroviamo la felicit\u00e0 scoprendo il mondo dentro di noi e incontrando Lui l\u00ec, per dare un vero senso a ci\u00f2 che accade all'esterno. Solo nel profondo di noi stessi, alla presenza di Dio, possiamo provare la pienezza della felicit\u00e0. La fede ci permette di vedere la nostra vita, spesso in bianco e nero, in tutto il suo splendore.\n<\/p>\r\n                                            <\/div>\r\n                                            <!-- section txt end -->\r\n                                        <\/div>\r\n                                    <\/div>\r\n                                \t                                    \t\t\t\t\t\t\t\t\t                                \t<div class=\"panel panel-default\">\r\n                                        <div class=\"panel-heading\" id=\"headingTwo\" role=\"tab\">\r\n                                            <h4 class=\"panel-title\">\r\n                                                <a class=\"collapsed\" role=\"button\" data-toggle=\"collapse\" data-parent=\"#accordion\" href=\"#collapseTwo\" aria-expanded=\"false\" aria-controls=\"collapseTwo\">\r\n                                                    <!-- section title start -->\r\n                                                    <span class=\"panel-title\">\r\n                                                    IL SILENZIO                                                   \r\n                                                    <\/span>\r\n                                                    <!-- section title end -->\r\n                                                    <i class=\"pull-left ion ion-plus\"><\/i>                                                \r\n                                                <\/a>\r\n                                            <\/h4>\r\n                                        <\/div>\r\n                                        <div class=\"panel-collapse collapse\" id=\"collapseTwo\" role=\"tabpanel\" aria-labelledby=\"headingTwo\">\r\n                                            <!-- section txt start -->\r\n                                            <div class=\"panel-body\">\r\n                                                <p>Lo spazio vuoto gioca un ruolo fondamentale nelle mie sculture. Ho una concezione precisa del vuoto: \u00e8 un'esperienza che conduce alla pienezza, una porta stretta che alimenta la materialit\u00e0 del linguaggio plastico e satura l'esperienza pratica della realt\u00e0. Spesso rimuovo ci\u00f2 che \u00e8 superfluo per rivelare ci\u00f2 che \u00e8 necessario. <br \/><br \/>\nIn un'opera d'arte, questa apparente assenza ha un significato particolare. Il vuoto crea spazio per la vita della forma, proprio come  fa il silenzio nella mia vita. Per percepire la forma di una scultura, oltre alla luce, dobbiamo osservare l'oscurit\u00e0; per enfatizzare la pienezza, \u00e8 necessario il ruolo del vuoto. <br \/><br \/>\nLa scoperta del silenzio permette di scendere nel profondo di s\u00e9 stessi, di rimuovere tutto ci\u00f2 che ingombra, che appesantisce, che \u00e8 superfluo, lasciando spazio affinch\u00e9 Lui possa entrare. Cos\u00ec questa oscurit\u00e0, questo vuoto, questo silenzio diventano abitati. I luoghi mistici, pieni di silenzio, permettono di entrare nel profondo di s\u00e9 stessi, nella contemplazione del Creato. Su questo silenzio, molti santi hanno costruito la loro vita.\n<\/p>\r\n                                            <\/div>\r\n                                            <!-- section txt end -->\r\n                                        <\/div>\r\n                                    <\/div>\r\n                                \t                                    \t\t\t\t\t\t\t\t\t                                \t<div class=\"panel panel-default\">\r\n                                        <div class=\"panel-heading\" id=\"headingThree\" role=\"tab\">\r\n                                            <h4 class=\"panel-title\">\r\n                                                <a class=\"collapsed\" role=\"button\" data-toggle=\"collapse\" data-parent=\"#accordion\" href=\"#collapseThree\" aria-expanded=\"false\" aria-controls=\"collapseThree\">\r\n                                                    <!-- section title start -->\r\n                                                    <span class=\"panel-title\">\r\n                                                    LA  NATURA                                                   \r\n                                                    <\/span>\r\n                                                    <!-- section title end -->\r\n                                                    <i class=\"pull-left ion ion-plus\"><\/i>                                                \r\n                                                <\/a>\r\n                                            <\/h4>\r\n                                        <\/div>\r\n                                        <div class=\"panel-collapse collapse\" id=\"collapseThree\" role=\"tabpanel\" aria-labelledby=\"headingThree\">\r\n                                            <!-- section txt start -->\r\n                                            <div class=\"panel-body\">\r\n                                                <p>Ci sono luoghi meravigliosi nella natura, incontaminati, silenziosi, come templi naturali, che aiutano a scoprire se stessi e a creare. La natura, con il suo meraviglioso ritmo di vita, mi ispira immensamente. L'eco della natura risuona in ogni mia opera. <br \/><br \/>\nIn questi luoghi raccolgo le radici,le  piante, le foglie, corteccie e le spine per tradurle nel linguaggio della scultura. Cerco il rapporto tra me stessa e il mondo, cercando di superare la realt\u00e0 apparente. La realt\u00e0 \u00e8 sempre pi\u00f9 grande di ci\u00f2 che ne comprendo. <br \/><br \/>\nAffascinata dalla materia, sperimento la sua resistenza al gesto per ricreare nell'arte i vari impulsi della natura, che nella sua esistenza genera la vita con la sua eterna rinascita. La mia ricerca si concentra sulle tracce e sulle impronte, sui segni nascosti che richiedono ascolto e silenzio. Le impronte sono il \u201cdesiderio\u201d di individualit\u00e0. Come riflessi della natura, si formano in strati di materia. I rilievi, assorbendo la luce delicata, rivelano e descrivono il paesaggio della mia anima.<\/p>\r\n                                            <\/div>\r\n                                            <!-- section txt end -->\r\n                                        <\/div>\r\n                                    <\/div>\r\n                                \t                                                                <\/div>\r\n                        <\/div>\r\n                        <!-- panel wrapper end -->\r\n                    <\/div>\r\n                    <!-- col end -->\r\n                <\/div>\r\n                <!-- row end -->\r\n                <!-- divider start -->\r\n                <div class=\"inner-divider\"><\/div>\r\n                <!-- divider end -->\r\n            <\/div>\r\n        <\/section>\r\n\t\t\t\t\t<\/div>\n\t\t\t\t<\/div>\n\t\t\t\t<div class=\"elementor-element elementor-element-cdfdaf4 elementor--h-position-center elementor--v-position-middle elementor-arrows-position-inside elementor-pagination-position-inside elementor-widget elementor-widget-slides\" data-id=\"cdfdaf4\" data-element_type=\"widget\" data-settings=\"{&quot;navigation&quot;:&quot;both&quot;,&quot;autoplay&quot;:&quot;yes&quot;,&quot;pause_on_hover&quot;:&quot;yes&quot;,&quot;pause_on_interaction&quot;:&quot;yes&quot;,&quot;autoplay_speed&quot;:5000,&quot;infinite&quot;:&quot;yes&quot;,&quot;transition&quot;:&quot;slide&quot;,&quot;transition_speed&quot;:500}\" data-widget_type=\"slides.default\">\n\t\t\t\t<div class=\"elementor-widget-container\">\n\t\t\t\t\t\t\t\t\t<div class=\"elementor-swiper\">\r\n\t\t\t\t\t<div class=\"elementor-slides-wrapper elementor-main-swiper swiper\" role=\"region\" aria-roledescription=\"carousel\" aria-label=\"Slides\" dir=\"ltr\" data-animation=\"fadeInUp\">\r\n\t\t\t\t<div class=\"swiper-wrapper elementor-slides\">\r\n\t\t\t\t\t\t\t\t\t\t<div class=\"elementor-repeater-item-8fbcceb swiper-slide\" role=\"group\" aria-roledescription=\"slide\"><div class=\"swiper-slide-bg\" role=\"img\"><\/div><a class=\"swiper-slide-inner\" href=\"https:\/\/www.seekingbeauty.show\"><div class=\"swiper-slide-contents\"><div class=\"elementor-slide-heading\">Il filmato che troverete qui sotto \u00e8 per me importante.<\/div><div class=\"elementor-slide-description\">Non \u00e8 solo un'esperienza preziosa della mia creativit\u00e0, ma anche il mio modo di vedere l'arte, la luce e la spiritualit\u00e0. Vi invito a guardarlo come un invito personale a entrare in una parte del mio mondo di bellezza. <\/div><div  class=\"elementor-button elementor-slide-button elementor-size-sm\">Vedi<\/div><\/div><\/a><\/div>\t\t\t\t<\/div>\r\n\t\t\t\t\t\t\t<\/div>\r\n\t\t\t\t<\/div>\r\n\t\t\t\t\t\t\t\t<\/div>\n\t\t\t\t<\/div>\n\t\t\t\t\t<\/div>\n\t\t<\/div>\n\t\t\t\t\t<\/div>\n\t\t<\/section>\n\t\t\t\t<section class=\"elementor-section elementor-top-section elementor-element elementor-element-a34257f elementor-section-full_width elementor-section-height-default elementor-section-height-default\" data-id=\"a34257f\" data-element_type=\"section\">\n\t\t\t\t\t\t<div class=\"elementor-container elementor-column-gap-no\">\n\t\t\t\t\t<div class=\"elementor-column elementor-col-100 elementor-top-column elementor-element elementor-element-7b0e5a3\" data-id=\"7b0e5a3\" data-element_type=\"column\">\n\t\t\t<div class=\"elementor-widget-wrap\">\n\t\t\t\t\t\t\t<\/div>\n\t\t<\/div>\n\t\t\t\t\t<\/div>\n\t\t<\/section>\n\t\t\t\t<\/div>","protected":false},"excerpt":{"rendered":"<p>Sztuka czerpi\u0105c z ducha, przemawia do serc To w tworzeniu i kochaniu znajduj\u0119 potwierdzenie, \u017ce zosta\u0142am stworzona na podobie\u0144stwo Boga. INSPIRACJE Chc\u0119 wierzy\u0107, \u017ce to Pan kszta\u0142tuje moje my\u015bli i uczucia, i daj\u0119 Mu si\u0119 prowadzi\u0107, przez rado\u015b\u0107 i trud procesu rze\u017abiarskiego, do stworzenia dzie\u0142a, kt\u00f3re przywo\u0142a Jego pi\u0119kno, niewyczerpane \u017ar\u00f3d\u0142o mojej inspiracji. Moim pragnieniem [&hellip;]<\/p>","protected":false},"author":1,"featured_media":0,"parent":0,"menu_order":0,"comment_status":"closed","ping_status":"closed","template":"page-templates\/pages.php","meta":{"inline_featured_image":false,"footnotes":""},"class_list":["post-663","page","type-page","status-publish","hentry"],"_links":{"self":[{"href":"https:\/\/margheritawinnik.art\/it\/wp-json\/wp\/v2\/pages\/663","targetHints":{"allow":["GET"]}}],"collection":[{"href":"https:\/\/margheritawinnik.art\/it\/wp-json\/wp\/v2\/pages"}],"about":[{"href":"https:\/\/margheritawinnik.art\/it\/wp-json\/wp\/v2\/types\/page"}],"author":[{"embeddable":true,"href":"https:\/\/margheritawinnik.art\/it\/wp-json\/wp\/v2\/users\/1"}],"replies":[{"embeddable":true,"href":"https:\/\/margheritawinnik.art\/it\/wp-json\/wp\/v2\/comments?post=663"}],"version-history":[{"count":34,"href":"https:\/\/margheritawinnik.art\/it\/wp-json\/wp\/v2\/pages\/663\/revisions"}],"predecessor-version":[{"id":1254,"href":"https:\/\/margheritawinnik.art\/it\/wp-json\/wp\/v2\/pages\/663\/revisions\/1254"}],"wp:attachment":[{"href":"https:\/\/margheritawinnik.art\/it\/wp-json\/wp\/v2\/media?parent=663"}],"curies":[{"name":"wp","href":"https:\/\/api.w.org\/{rel}","templated":true}]}}