{"id":664,"date":"2025-11-15T15:05:51","date_gmt":"2025-11-15T14:05:51","guid":{"rendered":"http:\/\/margheritawinnik.art\/?page_id=664"},"modified":"2025-12-14T23:15:10","modified_gmt":"2025-12-14T22:15:10","slug":"materia","status":"publish","type":"page","link":"https:\/\/margheritawinnik.art\/it\/materia\/","title":{"rendered":"MATERIA"},"content":{"rendered":"<div data-elementor-type=\"wp-page\" data-elementor-id=\"664\" class=\"elementor elementor-664\" data-elementor-post-type=\"page\">\n\t\t\t\t\t\t<section class=\"elementor-section elementor-top-section elementor-element elementor-element-ff5be6e elementor-section-full_width elementor-section-height-default elementor-section-height-default\" data-id=\"ff5be6e\" data-element_type=\"section\">\n\t\t\t\t\t\t<div class=\"elementor-container elementor-column-gap-no\">\n\t\t\t\t\t<div class=\"elementor-column elementor-col-100 elementor-top-column elementor-element elementor-element-c0b19fe\" data-id=\"c0b19fe\" data-element_type=\"column\">\n\t\t\t<div class=\"elementor-widget-wrap elementor-element-populated\">\n\t\t\t\t\t\t<div class=\"elementor-element elementor-element-9be8214 elementor-align-left elementor-widget elementor-widget-bdevs-breadcrumb\" data-id=\"9be8214\" data-element_type=\"widget\" data-widget_type=\"bdevs-breadcrumb.default\">\n\t\t\t\t<div class=\"elementor-widget-container\">\n\t\t\t\t\t\n\t\t<section class=\"bg-3\">\n            <div class=\"container inner-spacer\">\n                <!-- divider start -->\n                <div class=\"inner-divider\"><\/div>\n                <!-- divider end -->\n                <!-- row start -->\n                <div class=\"row\">\n                    <!-- col start -->\n                    <div class=\"col-lg-12\">\n                        <!-- section title start -->\n                        <h1 class=\"main-title main-title-dark\">\n                            <span>La materia si trasforma <\/span><br>\nper raccontare l'invisibile   \n                        <\/h1>\n                        <!-- section title end -->\n                        <!-- divider start -->\n                        <div class=\"inner-divider-half\"><\/div>\n                        <!-- divider end -->\n                        <!-- section subtitle start -->\n                        <h1 class=\"section-header section-header-dark\">\n                             \n                        <\/h1>\n                        <!-- section subtitle end -->\n                    <\/div>\n                    <!-- col end -->\n                <\/div>\n                <!-- row end -->\n                <!-- divider start -->\n                <div class=\"inner-divider\"><\/div>\n                <!-- divider end -->\n            <\/div>\n        <\/section>\n        <!-- section end -->\n        <!-- section start -->\n        <div class=\"home-page\" id=\"home\">\n            <!-- hero bg start -->\n            <div class=\"hero-fullscreen\">\n                <!-- parallax start -->\n                <div class=\"parallax-window\" data-image-src=\"http:\/\/margheritawinnik.art\/wp-content\/uploads\/2025\/11\/1763414069969-e1763414229235.jpg\" data-parallax=\"scroll\"><\/div>\n                <!-- parallax end -->\n            <\/div>\n            <!-- hero bg end -->\n        <\/div>\n        <!-- page wrapper start -->\n        <div class=\"page-wrapper\">\n\t\t\t\n\t\t\t\n\t\t\t\n\t\t\t\n\t\t\t\t\t\t\t\t<\/div>\n\t\t\t\t<\/div>\n\t\t\t\t\t<\/div>\n\t\t<\/div>\n\t\t\t\t\t<\/div>\n\t\t<\/section>\n\t\t\t\t<section class=\"elementor-section elementor-top-section elementor-element elementor-element-66c0670 elementor-section-full_width elementor-section-height-default elementor-section-height-default\" data-id=\"66c0670\" data-element_type=\"section\">\n\t\t\t\t\t\t<div class=\"elementor-container elementor-column-gap-no\">\n\t\t\t\t\t<div class=\"elementor-column elementor-col-100 elementor-top-column elementor-element elementor-element-d218ad0\" data-id=\"d218ad0\" data-element_type=\"column\">\n\t\t\t<div class=\"elementor-widget-wrap elementor-element-populated\">\n\t\t\t\t\t\t<div class=\"elementor-element elementor-element-cd434c9 elementor-arrows-position-inside elementor-pagination-position-outside elementor-widget elementor-widget-image-carousel\" data-id=\"cd434c9\" data-element_type=\"widget\" data-settings=\"{&quot;navigation&quot;:&quot;both&quot;,&quot;autoplay&quot;:&quot;yes&quot;,&quot;pause_on_hover&quot;:&quot;yes&quot;,&quot;pause_on_interaction&quot;:&quot;yes&quot;,&quot;autoplay_speed&quot;:5000,&quot;infinite&quot;:&quot;yes&quot;,&quot;speed&quot;:500}\" data-widget_type=\"image-carousel.default\">\n\t\t\t\t<div class=\"elementor-widget-container\">\n\t\t\t\t\t\t\t<div class=\"elementor-image-carousel-wrapper swiper\" role=\"region\" aria-roledescription=\"carousel\" aria-label=\"Karuzela obrazk\u00f3w\" dir=\"ltr\">\n\t\t\t<div class=\"elementor-image-carousel swiper-wrapper\" aria-live=\"off\">\n\t\t\t\t\t\t\t\t<div class=\"swiper-slide\" role=\"group\" aria-roledescription=\"slide\" aria-label=\"1 z 7\"><figure class=\"swiper-slide-inner\"><img decoding=\"async\" class=\"swiper-slide-image\" src=\"http:\/\/margheritawinnik.art\/wp-content\/uploads\/2022\/05\/2-5.jpg\" alt=\"\" \/><\/figure><\/div><div class=\"swiper-slide\" role=\"group\" aria-roledescription=\"slide\" aria-label=\"2 z 7\"><figure class=\"swiper-slide-inner\"><img decoding=\"async\" class=\"swiper-slide-image\" src=\"http:\/\/margheritawinnik.art\/wp-content\/uploads\/2022\/05\/1-6.jpg\" alt=\"\" \/><\/figure><\/div><div class=\"swiper-slide\" role=\"group\" aria-roledescription=\"slide\" aria-label=\"3 z 7\"><figure class=\"swiper-slide-inner\"><img decoding=\"async\" class=\"swiper-slide-image\" src=\"http:\/\/margheritawinnik.art\/wp-content\/uploads\/2022\/05\/2-4.jpg\" alt=\"\" \/><\/figure><\/div><div class=\"swiper-slide\" role=\"group\" aria-roledescription=\"slide\" aria-label=\"4 z 7\"><figure class=\"swiper-slide-inner\"><img decoding=\"async\" class=\"swiper-slide-image\" src=\"http:\/\/margheritawinnik.art\/wp-content\/uploads\/2022\/05\/1-5.jpg\" alt=\"\" \/><\/figure><\/div><div class=\"swiper-slide\" role=\"group\" aria-roledescription=\"slide\" aria-label=\"5 z 7\"><figure class=\"swiper-slide-inner\"><img decoding=\"async\" class=\"swiper-slide-image\" src=\"http:\/\/margheritawinnik.art\/wp-content\/uploads\/2022\/06\/7-8.jpg\" alt=\"\" \/><\/figure><\/div><div class=\"swiper-slide\" role=\"group\" aria-roledescription=\"slide\" aria-label=\"6 z 7\"><figure class=\"swiper-slide-inner\"><img decoding=\"async\" class=\"swiper-slide-image\" src=\"http:\/\/margheritawinnik.art\/wp-content\/uploads\/2022\/06\/7-7.jpg\" alt=\"\" \/><\/figure><\/div><div class=\"swiper-slide\" role=\"group\" aria-roledescription=\"slide\" aria-label=\"7 z 7\"><figure class=\"swiper-slide-inner\"><img decoding=\"async\" class=\"swiper-slide-image\" src=\"http:\/\/margheritawinnik.art\/wp-content\/uploads\/2022\/06\/7-6.jpg\" alt=\"\" \/><\/figure><\/div>\t\t\t<\/div>\n\t\t\t\t\t\t\t\t\t\t\t\t<div class=\"elementor-swiper-button elementor-swiper-button-prev\" role=\"button\" tabindex=\"0\">\n\t\t\t\t\t\t<i aria-hidden=\"true\" class=\"eicon-chevron-left\"><\/i>\t\t\t\t\t<\/div>\n\t\t\t\t\t<div class=\"elementor-swiper-button elementor-swiper-button-next\" role=\"button\" tabindex=\"0\">\n\t\t\t\t\t\t<i aria-hidden=\"true\" class=\"eicon-chevron-right\"><\/i>\t\t\t\t\t<\/div>\n\t\t\t\t\n\t\t\t\t\t\t\t\t\t<div class=\"swiper-pagination\"><\/div>\n\t\t\t\t\t\t\t\t\t<\/div>\n\t\t\t\t\t\t<\/div>\n\t\t\t\t<\/div>\n\t\t\t\t<div class=\"elementor-element elementor-element-7cce2d9 elementor-align-left elementor-widget elementor-widget-bdevs-Features\" data-id=\"7cce2d9\" data-element_type=\"widget\" data-widget_type=\"bdevs-Features.default\">\n\t\t\t\t<div class=\"elementor-widget-container\">\n\t\t\t\t\t\r\n\t\t<section class=\"bg-2\">\r\n            <div class=\"container inner-spacer\">\r\n                <!-- divider start -->\r\n                <div class=\"inner-divider\"><\/div>\r\n                <!-- divider end -->\r\n\r\n                                <!-- row start -->\r\n                <div class=\"row\">\r\n                    <!-- col start -->\r\n                    <div class=\"col-lg-12\">\r\n                        <!-- section title start -->\r\n                        <h2 class=\"section-heading section-heading-dark\">\r\n                            LA  MATERIA\n                        <\/h2>\r\n                        <!-- section title end -->\r\n                    <\/div>\r\n                    <!-- col end -->\r\n                <\/div>\r\n                <!-- row end -->\r\n                <!-- divider start -->\r\n                <div class=\"inner-divider-half\"><\/div>\r\n                <!-- divider end -->\r\n            \t\r\n            \t                <!-- row start -->\r\n                <div class=\"row\">\r\n                    <!-- col start -->\r\n                    <div class=\"col-lg-12\">\r\n                        <!-- section subtitle start -->\r\n                        <h1 class=\"section-header section-header-dark\">\r\n                            <span style=\"font-size:0.9em\">Nel processo di creazione delle mie opere \u2013 ancora prima che diventino metallo \u2013l\u2019 argilla, le foglie,la corteccia, il tessuto,la cera... costruiscono la realt\u00e0 del vuoto e della pienezza, della trasparenza e dell'opacit\u00e0, della leggerezza e della pesantezza. Da questo dialogo nascono le mie opere: le evocazioni di un\u2019ascesa primordiale, al desiderio originario; al senso profondo dell'attesa che accompagna l'umanit\u00e0 sin dall'inizio, vibrante nel desiderio primordiale di vita e nel bisogno di amore. \u00c8 la scoperta che non possiamo darci da soli ci\u00f2 che cerchiamo. Possiamo solo desiderare. <br \/><br \/>\nLa vita si sviluppa nel mio universo poetico, dove l'ocra, il seppia, il marrone, il verde e il rosso non sono mai duri o dissonanti: sono i colori della natura, del respiro della terra. Lascio che la materia parli, si manifesti, affinch\u00e9 diventi veicolo di significati pi\u00f9 profondi rivelati nell'opera. I materiali si incontrano, si trasformano; si solidificano, creano forme nello spazio; si dissolvono, evaporano e si disperdono nell'aria come pensieri che diventano respiro. <br \/><br \/>\nIl materiale organico \u00e8 il mezzo per eccellenza, il centro dello spazio -energia. Una realt\u00e0 totalizzante che, quando brucia, non ha dimensioni definibili; quando arde, perde ogni misura e ogni confine. \n\n\u00c8 il materiale della trasformazione: la miscela refrattaria si indurisce, la cera liquida si trasforma in bronzo, il polistirolo evapora per rinascere come alluminio. L'alluminio inala la polvere nera, diventando un tutt'uno con la materia; la sabbia fine come cenere simboleggia la fase di massima sublimazione ed \u00e8 dotata di un tragico valore simbolico. <br \/><br \/>\n<\/span>                        <\/h1>\r\n                        <!-- section subtitle end -->\r\n                    <\/div>\r\n                    <!-- col end -->\r\n                <\/div>\r\n                <!-- row end -->\r\n                <!-- divider start -->\r\n                <div class=\"inner-divider\"><\/div>\r\n                <!-- divider end -->\r\n            \t            \t\r\n                <!-- row start -->\r\n                <div class=\"row\">\r\n                    <!-- col start -->\r\n                    <div class=\"col-lg-12\">\r\n                        <!-- panel wrapper start -->\r\n                        <div class=\"panel-wrapper\">\r\n                            <div class=\"panel-group\" id=\"accordion\" role=\"tablist\" aria-multiselectable=\"true\">\r\n\r\n                            \t\t\t\t\t\t\t\t\t\t\t                                    <div class=\"panel panel-default\">\r\n                                        <div class=\"panel-heading\" id=\"headingOne\" role=\"tab\">\r\n                                            <h4 class=\"panel-title\">\r\n                                                <a role=\"button\" data-toggle=\"collapse\" data-parent=\"#accordion\" href=\"#collapseOne\" aria-expanded=\"true\" aria-controls=\"collapseOne\">\r\n                                                    <!-- section title start -->\r\n                                                    <span class=\"panel-title\">\r\n                                                    l\u2019ASTRATTO                                                    \r\n                                                    <\/span>\r\n                                                    <!-- section title end -->\r\n                                                    <i class=\"pull-left ion ion-plus\"><\/i>                                                \r\n                                                <\/a>\r\n                                            <\/h4>\r\n                                        <\/div>\r\n                                        <div class=\"panel-collapse collapse in\" id=\"collapseOne\" role=\"tabpanel\" aria-labelledby=\"headingOne\">\r\n                                            <!-- section txt start -->\r\n                                            <div class=\"panel-body\">\r\n                                                <p>Sono affascinata dalle forme che negano lo status dell'oggetto. L'astrazione scultorea gioca qui un ruolo importante. Creo sculture in cui le forme sembrano essersi autogenerate , nelle quali non si vedono  le tracce dell'intervento della mano dell'artista n\u00e9 dei processi tecnici che conducono alla realizzazione - nessuna esperienza, nessuna memoria creativa riconoscibile. <br \/><br \/>\nPrendo sempre in considerazione l'imprevisto che la materia offre. Accetto la sua \u201cimprevedibilit\u00e0\u201d, rispetto la vita della materia, non la forzo. L'astrazione mi permette di non dovere dire tutto per dire di pi\u00f9. Trasmettere ci\u00f2 che non pu\u00f2 essere espresso e mostrare ci\u00f2 che non pu\u00f2 essere visto.<br \/><br \/>\nSpesso lascio la materia fuori dal mio controllo, creando uno spazio in cui abbandonarsi, uno spazio di fiducia nel Mistero \u2013 un luogo di apertura allo soffio dello Spirito. Grazie all'astrazione e al simbolismo scappo dall'idolatria, senza racchiudere l'eternit\u00e0, l'infinito e il mistero in una forma chiusa.\n<\/p>\r\n                                            <\/div>\r\n                                            <!-- section txt end -->\r\n                                        <\/div>\r\n                                    <\/div>\r\n                                \t                                    \t\t\t\t\t\t\t\t\t                                \t<div class=\"panel panel-default\">\r\n                                        <div class=\"panel-heading\" id=\"headingTwo\" role=\"tab\">\r\n                                            <h4 class=\"panel-title\">\r\n                                                <a class=\"collapsed\" role=\"button\" data-toggle=\"collapse\" data-parent=\"#accordion\" href=\"#collapseTwo\" aria-expanded=\"false\" aria-controls=\"collapseTwo\">\r\n                                                    <!-- section title start -->\r\n                                                    <span class=\"panel-title\">\r\n                                                    IL FUOCO                                                   \r\n                                                    <\/span>\r\n                                                    <!-- section title end -->\r\n                                                    <i class=\"pull-left ion ion-plus\"><\/i>                                                \r\n                                                <\/a>\r\n                                            <\/h4>\r\n                                        <\/div>\r\n                                        <div class=\"panel-collapse collapse\" id=\"collapseTwo\" role=\"tabpanel\" aria-labelledby=\"headingTwo\">\r\n                                            <!-- section txt start -->\r\n                                            <div class=\"panel-body\">\r\n                                                <p>Nel processo creativo delle mie opere, il fuoco diventa un luogo di incontro e scambio, non solo di transizione. Con il suo abbraccio offre alla forma la possibilit\u00e0 di rinascere, un momento di\u201d catarsis\u201d, di purificazione.. Mi affascina  il fatto di mettere in relazione la forma e il dissolvimento in uno spazio comune, che li renda conciliabili. <br \/><br \/>\nLa forma si dissolve e si ricrea. Il fuoco permette la trasformazione della materia in \u201cspirito\u201d, che riempie l'opera, dando un'interpretazione personale di un frammento dell\u2019invisibile. Ogni fiamma consuma la cera e le sostanze organiche, diventando un segno di un lento finire che d\u00e0 origine a una nuova forma.\n\nIl processo di diffusione dei materiali mi affascina particolarmente. Le forme emergono dalle fiamme trasformate, ricche di un'esperienza che prima non possedevano. Il potere misterioso del fuoco cambia la loro vita: la presenza dell'assenza, il vuoto che sostituisce la pienezza, diventa un pretesto per la preghiera e la meditazione. <br \/><br \/>\nUn istante catturato nell'azione del fuoco \u00e8 l'eternit\u00e0 nella fiamma. Noto una stretta relazione tra il tema delle opere, il materiale e la tecnica della cera persa. La trasformazione nel fuoco riflette simbolicamente il processo spirituale dell'uomo: l'incontro con l'Amore di Dio, che cambia radicalmente e fa nascere a una nuova vita.\n<\/p>\r\n                                            <\/div>\r\n                                            <!-- section txt end -->\r\n                                        <\/div>\r\n                                    <\/div>\r\n                                \t                                    \t\t\t\t\t\t\t\t\t                                \t<div class=\"panel panel-default\">\r\n                                        <div class=\"panel-heading\" id=\"headingThree\" role=\"tab\">\r\n                                            <h4 class=\"panel-title\">\r\n                                                <a class=\"collapsed\" role=\"button\" data-toggle=\"collapse\" data-parent=\"#accordion\" href=\"#collapseThree\" aria-expanded=\"false\" aria-controls=\"collapseThree\">\r\n                                                    <!-- section title start -->\r\n                                                    <span class=\"panel-title\">\r\n                                                    IL TEMPO                                                   \r\n                                                    <\/span>\r\n                                                    <!-- section title end -->\r\n                                                    <i class=\"pull-left ion ion-plus\"><\/i>                                                \r\n                                                <\/a>\r\n                                            <\/h4>\r\n                                        <\/div>\r\n                                        <div class=\"panel-collapse collapse\" id=\"collapseThree\" role=\"tabpanel\" aria-labelledby=\"headingThree\">\r\n                                            <!-- section txt start -->\r\n                                            <div class=\"panel-body\">\r\n                                                <p>La creazione richiede un'attesa paziente e attenta, finch\u00e9 la tecnica non d\u00e0 forma all'opera, finch\u00e9 la forma non si raffredda. Si vede come le fiamme alimentate lacerano e allo stesso tempo nutrono la materia. <br \/><br \/>\nIl tempo \u00e8 essenziale. Il tempo dell'attesa, a volte inquieto, quando lo strato \u00e8 minimo. La forma sopravvive alla prova del fuoco, il momento della nascita. Il tempo porta un messaggio, un pensiero lu <br \/><br \/>\nLa creativit\u00e0 vive sulla linea del tempo, assorbendone i momenti, come una fiamma che brucia gli istanti per dare vita a qualcosa di nuovo. Le mie opere hanno diversi \u201cperiodi di gestazione\u201d: alcune nascono rapidamente, altre rimangono incompiute per mesi. A volte lavoro su pi\u00f9 opere contemporaneamente, in diverse fasi di evoluzione.\n<\/p>\r\n                                            <\/div>\r\n                                            <!-- section txt end -->\r\n                                        <\/div>\r\n                                    <\/div>\r\n                                \t                                                                <\/div>\r\n                        <\/div>\r\n                        <!-- panel wrapper end -->\r\n                    <\/div>\r\n                    <!-- col end -->\r\n                <\/div>\r\n                <!-- row end -->\r\n                <!-- divider start -->\r\n                <div class=\"inner-divider\"><\/div>\r\n                <!-- divider end -->\r\n            <\/div>\r\n        <\/section>\r\n\t\t\t\t\t<\/div>\n\t\t\t\t<\/div>\n\t\t\t\t<div class=\"elementor-element elementor-element-cdfdaf4 elementor--h-position-center elementor--v-position-middle elementor-arrows-position-inside elementor-pagination-position-inside elementor-widget elementor-widget-slides\" data-id=\"cdfdaf4\" data-element_type=\"widget\" data-settings=\"{&quot;navigation&quot;:&quot;both&quot;,&quot;autoplay&quot;:&quot;yes&quot;,&quot;pause_on_hover&quot;:&quot;yes&quot;,&quot;pause_on_interaction&quot;:&quot;yes&quot;,&quot;autoplay_speed&quot;:5000,&quot;infinite&quot;:&quot;yes&quot;,&quot;transition&quot;:&quot;slide&quot;,&quot;transition_speed&quot;:500}\" data-widget_type=\"slides.default\">\n\t\t\t\t<div class=\"elementor-widget-container\">\n\t\t\t\t\t\t\t\t\t<div class=\"elementor-swiper\">\r\n\t\t\t\t\t<div class=\"elementor-slides-wrapper elementor-main-swiper swiper\" role=\"region\" aria-roledescription=\"carousel\" aria-label=\"Slides\" dir=\"ltr\" data-animation=\"fadeInUp\">\r\n\t\t\t\t<div class=\"swiper-wrapper elementor-slides\">\r\n\t\t\t\t\t\t\t\t\t\t<div class=\"elementor-repeater-item-8fbcceb swiper-slide\" role=\"group\" aria-roledescription=\"slide\"><div class=\"swiper-slide-bg\" role=\"img\"><\/div><a class=\"swiper-slide-inner\" href=\"https:\/\/www.seekingbeauty.show\"><div class=\"swiper-slide-contents\"><div class=\"elementor-slide-heading\">Il filmato che troverete qui sotto \u00e8 per me importante.<\/div><div class=\"elementor-slide-description\">Non \u00e8 solo un'esperienza preziosa della mia creativit\u00e0, ma anche il mio modo di vedere l'arte, la luce e la spiritualit\u00e0. Vi invito a guardarlo come un invito personale a entrare in una parte del mio mondo di bellezza. <\/div><div  class=\"elementor-button elementor-slide-button elementor-size-sm\">Vedi<\/div><\/div><\/a><\/div>\t\t\t\t<\/div>\r\n\t\t\t\t\t\t\t<\/div>\r\n\t\t\t\t<\/div>\r\n\t\t\t\t\t\t\t\t<\/div>\n\t\t\t\t<\/div>\n\t\t\t\t\t<\/div>\n\t\t<\/div>\n\t\t\t\t\t<\/div>\n\t\t<\/section>\n\t\t\t\t<section class=\"elementor-section elementor-top-section elementor-element elementor-element-a34257f elementor-section-full_width elementor-section-height-default elementor-section-height-default\" data-id=\"a34257f\" data-element_type=\"section\">\n\t\t\t\t\t\t<div class=\"elementor-container elementor-column-gap-no\">\n\t\t\t\t\t<div class=\"elementor-column elementor-col-100 elementor-top-column elementor-element elementor-element-7b0e5a3\" data-id=\"7b0e5a3\" data-element_type=\"column\">\n\t\t\t<div class=\"elementor-widget-wrap\">\n\t\t\t\t\t\t\t<\/div>\n\t\t<\/div>\n\t\t\t\t\t<\/div>\n\t\t<\/section>\n\t\t\t\t<\/div>","protected":false},"excerpt":{"rendered":"<p>Materia przemienia si\u0119, aby opowiedzie\u0107 niewidzialne MATERIA W procesie tworzenia moich prac \u2013 jeszcze zanim stan\u0105 si\u0119 metalem \u2013 szamot, li\u015bcie, kora, tkanina, wosk\u2026 buduj\u0105 rzeczywisto\u015b\u0107 pustki i pe\u0142ni, przezroczysto\u015bci i nieprzezroczysto\u015bci, lekko\u015bci i ci\u0119\u017caru. W tym dialogu rodz\u0105 si\u0119 moje dzie\u0142a \u2013 przywo\u0142anie pra\u017c\u0105dzy, pierwotnego pragnienia; g\u0142\u0119bokiego sensu oczekiwania, kt\u00f3ry towarzyszy ludzko\u015bci od pocz\u0105tku, [&hellip;]<\/p>","protected":false},"author":1,"featured_media":0,"parent":0,"menu_order":0,"comment_status":"closed","ping_status":"closed","template":"page-templates\/pages.php","meta":{"inline_featured_image":false,"footnotes":""},"class_list":["post-664","page","type-page","status-publish","hentry"],"_links":{"self":[{"href":"https:\/\/margheritawinnik.art\/it\/wp-json\/wp\/v2\/pages\/664","targetHints":{"allow":["GET"]}}],"collection":[{"href":"https:\/\/margheritawinnik.art\/it\/wp-json\/wp\/v2\/pages"}],"about":[{"href":"https:\/\/margheritawinnik.art\/it\/wp-json\/wp\/v2\/types\/page"}],"author":[{"embeddable":true,"href":"https:\/\/margheritawinnik.art\/it\/wp-json\/wp\/v2\/users\/1"}],"replies":[{"embeddable":true,"href":"https:\/\/margheritawinnik.art\/it\/wp-json\/wp\/v2\/comments?post=664"}],"version-history":[{"count":22,"href":"https:\/\/margheritawinnik.art\/it\/wp-json\/wp\/v2\/pages\/664\/revisions"}],"predecessor-version":[{"id":1239,"href":"https:\/\/margheritawinnik.art\/it\/wp-json\/wp\/v2\/pages\/664\/revisions\/1239"}],"wp:attachment":[{"href":"https:\/\/margheritawinnik.art\/it\/wp-json\/wp\/v2\/media?parent=664"}],"curies":[{"name":"wp","href":"https:\/\/api.w.org\/{rel}","templated":true}]}}