{"id":68,"date":"2022-06-02T03:09:04","date_gmt":"2022-06-02T03:09:04","guid":{"rendered":"https:\/\/shtheme.com\/demosd\/deppex\/?page_id=68"},"modified":"2025-12-16T10:25:12","modified_gmt":"2025-12-16T09:25:12","slug":"home-02-2","status":"publish","type":"page","link":"https:\/\/margheritawinnik.art\/it\/","title":{"rendered":"Mainpage"},"content":{"rendered":"<div data-elementor-type=\"wp-page\" data-elementor-id=\"68\" class=\"elementor elementor-68\" data-elementor-post-type=\"page\">\n\t\t\t\t\t\t<section class=\"elementor-section elementor-top-section elementor-element elementor-element-313630e elementor-section-full_width elementor-section-height-default elementor-section-height-default\" data-id=\"313630e\" data-element_type=\"section\">\n\t\t\t\t\t\t<div class=\"elementor-container elementor-column-gap-no\">\n\t\t\t\t\t<div class=\"elementor-column elementor-col-100 elementor-top-column elementor-element elementor-element-d339634\" data-id=\"d339634\" data-element_type=\"column\">\n\t\t\t<div class=\"elementor-widget-wrap elementor-element-populated\">\n\t\t\t\t\t\t<div class=\"elementor-element elementor-element-c1916a4 elementor-align-left elementor-widget elementor-widget-bdevs-slider-one\" data-id=\"c1916a4\" data-element_type=\"widget\" data-widget_type=\"bdevs-slider-one.default\">\n\t\t\t\t<div class=\"elementor-widget-container\">\n\t\t\t\t\t\t\t\n        <div class=\"hero-fullscreen\">\n            <div class=\"hero-fullscreen-FIX\">\n                <div class=\"hero-bg\">\n                    <!-- hero slider wrapper start -->\n                    <div class=\"swiper-container-wrapper\">\n                        <!-- swiper container start -->\n                        <div class=\"swiper-container\">\n                            <!-- swiper wrapper start -->\n                            <div class=\"swiper-wrapper\">\n\n                            \t\n                                <!-- swiper slider item start -->\n                                <div class=\"swiper-slide swiper-2\">\n                                    <div class=\"swiper-slide-inner\">\n                                    \t \n                                        <!-- swiper slider item IMG start -->\n                                        <div class=\"swiper-slide-inner-bg-2 bg-img-1 overlay overlay-dark\" style=\"background-image: url(http:\/\/margheritawinnik.art\/wp-content\/uploads\/2025\/11\/mw1a.jpg);\"><\/div>\n                                        <!-- swiper slider item IMG end -->\n                                                                                <!-- swiper slider item txt start -->\n                                        <div class=\"swiper-slide-inner-txt-2\">\n                                            <!-- section title start -->\n                                            <h1 class=\"main-title fadeIn-element\">\n                                                <span>Il silenzio\u2026<\/span><br>\nper creare <br> lo spazio\n                                            <\/h1>\n                                            <!-- section title end -->\n                                            <!-- divider start -->\n                                            <div class=\"inner-divider-ultra-half\"><\/div>\n                                            <!-- divider end -->\n                                            <!-- button start -->\n                                            <div class=\"button-the-wrapper button-the-wrapper-light fadeIn-element\">\n                                                <a class=\"button-the button-the-light\" href=\"\"><\/a>\n                                            <\/div>\n                                            <!-- button end -->\n                                        <\/div>\n                                        <!-- swiper slider item txt end -->\n                                    <\/div>\n                                <\/div>\n                                <!-- swiper slider item end -->\n\n                            \t\n                                <!-- swiper slider item start -->\n                                <div class=\"swiper-slide swiper-2\">\n                                    <div class=\"swiper-slide-inner\">\n                                    \t \n                                        <!-- swiper slider item IMG start -->\n                                        <div class=\"swiper-slide-inner-bg-2 bg-img-1 overlay overlay-dark\" style=\"background-image: url(http:\/\/margheritawinnik.art\/wp-content\/uploads\/2025\/11\/mw2a.jpg);\"><\/div>\n                                        <!-- swiper slider item IMG end -->\n                                                                                <!-- swiper slider item txt start -->\n                                        <div class=\"swiper-slide-inner-txt-2\">\n                                            <!-- section title start -->\n                                            <h1 class=\"main-title fadeIn-element\">\n                                                <span>Osservare <br> il mondo <\/span><br>\ncon gli occhi <br>del cuore                                            <\/h1>\n                                            <!-- section title end -->\n                                            <!-- divider start -->\n                                            <div class=\"inner-divider-ultra-half\"><\/div>\n                                            <!-- divider end -->\n                                            <!-- button start -->\n                                            <div class=\"button-the-wrapper button-the-wrapper-light fadeIn-element\">\n                                                <a class=\"button-the button-the-light\" href=\"\"><\/a>\n                                            <\/div>\n                                            <!-- button end -->\n                                        <\/div>\n                                        <!-- swiper slider item txt end -->\n                                    <\/div>\n                                <\/div>\n                                <!-- swiper slider item end -->\n\n                            \t\n                                <!-- swiper slider item start -->\n                                <div class=\"swiper-slide swiper-2\">\n                                    <div class=\"swiper-slide-inner\">\n                                    \t \n                                        <!-- swiper slider item IMG start -->\n                                        <div class=\"swiper-slide-inner-bg-2 bg-img-1 overlay overlay-dark\" style=\"background-image: url(http:\/\/margheritawinnik.art\/wp-content\/uploads\/2025\/11\/mw4a.jpg);\"><\/div>\n                                        <!-- swiper slider item IMG end -->\n                                                                                <!-- swiper slider item txt start -->\n                                        <div class=\"swiper-slide-inner-txt-2\">\n                                            <!-- section title start -->\n                                            <h1 class=\"main-title fadeIn-element\">\n                                                <span>Nel cuore della sofferenza <\/span><br>\nfiorisce <br> la speranza                                            <\/h1>\n                                            <!-- section title end -->\n                                            <!-- divider start -->\n                                            <div class=\"inner-divider-ultra-half\"><\/div>\n                                            <!-- divider end -->\n                                            <!-- button start -->\n                                            <div class=\"button-the-wrapper button-the-wrapper-light fadeIn-element\">\n                                                <a class=\"button-the button-the-light\" href=\"\"><\/a>\n                                            <\/div>\n                                            <!-- button end -->\n                                        <\/div>\n                                        <!-- swiper slider item txt end -->\n                                    <\/div>\n                                <\/div>\n                                <!-- swiper slider item end -->\n\n                            \t\n                                <!-- swiper slider item start -->\n                                <div class=\"swiper-slide swiper-2\">\n                                    <div class=\"swiper-slide-inner\">\n                                    \t \n                                        <!-- swiper slider item IMG start -->\n                                        <div class=\"swiper-slide-inner-bg-2 bg-img-1 overlay overlay-dark\" style=\"background-image: url(http:\/\/margheritawinnik.art\/wp-content\/uploads\/2025\/11\/mw3a.jpg);\"><\/div>\n                                        <!-- swiper slider item IMG end -->\n                                                                                <!-- swiper slider item txt start -->\n                                        <div class=\"swiper-slide-inner-txt-2\">\n                                            <!-- section title start -->\n                                            <h1 class=\"main-title fadeIn-element\">\n                                                <span>L'arte prende vita quando <\/span><br>\nincontra<br> lo sguardo                                            <\/h1>\n                                            <!-- section title end -->\n                                            <!-- divider start -->\n                                            <div class=\"inner-divider-ultra-half\"><\/div>\n                                            <!-- divider end -->\n                                            <!-- button start -->\n                                            <div class=\"button-the-wrapper button-the-wrapper-light fadeIn-element\">\n                                                <a class=\"button-the button-the-light\" href=\"\"><\/a>\n                                            <\/div>\n                                            <!-- button end -->\n                                        <\/div>\n                                        <!-- swiper slider item txt end -->\n                                    <\/div>\n                                <\/div>\n                                <!-- swiper slider item end -->\n\n                            \t\n\n                            <\/div>\n                            <!-- swiper wrapper end -->   \n                        <\/div>\n                        <!-- swiper container end -->\n                    <\/div>\n                    <!-- hero slider wrapper end -->\n                    <!-- social icons start -->\n                    <div class=\"social-icons-home\">\n                        <ul>\n                            <li class=\"fadeIn-element\">\n                                <a class=\"ion-social-twitter\" href=\"https:\/\/x.com\/winnik76748?t=cV2v47EpGfZTvwcWHHg6Yg&amp;s=08\"><span>Twitter<\/span><\/a>\n                            <\/li>\n                            <li class=\"fadeIn-element\">\n                                <a class=\"ion-social-facebook\" href=\"https:\/\/www.facebook.com\/artesacracontemporanea\"><span>Facebook<\/span><\/a>\n                            <\/li>\n                            <li class=\"fadeIn-element\">\n                                <a class=\"ion-social-instagram\" href=\"https:\/\/www.instagram.com\/margheritawinnik\"><span>Instagram<\/span><\/a>\n                            <\/li>\n                        <\/ul>\n                    <\/div>\n                    <!-- social icons end -->\n                    <!-- bottom credits start -->\n                    <div class=\"bottom-credits\">\n                        <div class=\"fadeIn-element\">\n                            &copy; All Rights Reserved                        <\/div>\n                    <\/div>\n                    <!-- bottom credits end -->\n                    <!-- swiper slider controls start -->\n                    <div class=\"hero-slider-bg-controls fadeIn-element\">\n                        <div class=\"swiper-slide-controls slide-prev\">\n                            <span>\n                                <svg class=\"circle-svg\" height=\"50\" width=\"50\">\n                                    <circle class=\"circle\" cx=\"25\" cy=\"25\" r=\"24\"><\/circle>\n                                <\/svg>\n                            <\/span>\n                            <div class=\"ion-ios-arrow-left\"><\/div>\n                        <\/div>\n                        <div class=\"swiper-slide-controls slide-next\">\n                            <span>\n                                <svg class=\"circle-svg\" height=\"50\" width=\"50\">\n                                    <circle class=\"circle\" cx=\"25\" cy=\"25\" r=\"24\"><\/circle>\n                                <\/svg>\n                            <\/span>\n                            <div class=\"ion-ios-arrow-right\"><\/div>\n                        <\/div>\n                    <\/div>\n                    <!-- swiper slider controls end -->\n                    <!-- swiper slider pagination start -->\n                    <div class=\"swiper-slide-pagination fadeIn-element\"><\/div>\n                    <!-- swiper slider pagination end -->\n                    <!-- swiper slider play-pause start -->\n                    <div class=\"swiper-slide-controls-play-pause-wrapper swiper-slide-controls-play-pause slider-on-off\">\n                        <div class=\"slider-on-off-switch fadeIn-element\">\n                            <i class=\"ion-ios-play\"><\/i>\n                        <\/div>\n                        <!-- swiper slider progress start -->\n                        <div class=\"slider-progress-bar fadeIn-element\">\n                            <span>\n                                <svg class=\"circle-svg\" height=\"50\" width=\"50\">\n                                    <circle class=\"circle\" cx=\"25\" cy=\"25\" r=\"24\"><\/circle>\n                                <\/svg>\n                            <\/span>\n                        <\/div>\n                        <!-- swiper slider progress end -->\n                    <\/div>\n                    <!-- swiper slider play-pause end -->\n                <\/div>\n            <\/div>\n        <\/div>\n\n\n\n\n        \t\t\t\t\t<\/div>\n\t\t\t\t<\/div>\n\t\t\t\t\t<\/div>\n\t\t<\/div>\n\t\t\t\t\t<\/div>\n\t\t<\/section>\n\t\t\t\t<\/div>","protected":false},"excerpt":{"rendered":"<p>CISZA, aby stworzy\u0107 przestrze\u0144 Obserwowa\u0107 \u015bwiat oczami serca W sercu cierpienia kwitnie nadzieja Sztuka o\u017cywa, gdy spotyka spojrzenia Twitter Facebook Instagram &copy; All Rights Reserved<\/p>","protected":false},"author":1,"featured_media":0,"parent":0,"menu_order":0,"comment_status":"closed","ping_status":"closed","template":"page-templates\/home-2.php","meta":{"inline_featured_image":false,"footnotes":""},"class_list":["post-68","page","type-page","status-publish","hentry"],"_links":{"self":[{"href":"https:\/\/margheritawinnik.art\/it\/wp-json\/wp\/v2\/pages\/68","targetHints":{"allow":["GET"]}}],"collection":[{"href":"https:\/\/margheritawinnik.art\/it\/wp-json\/wp\/v2\/pages"}],"about":[{"href":"https:\/\/margheritawinnik.art\/it\/wp-json\/wp\/v2\/types\/page"}],"author":[{"embeddable":true,"href":"https:\/\/margheritawinnik.art\/it\/wp-json\/wp\/v2\/users\/1"}],"replies":[{"embeddable":true,"href":"https:\/\/margheritawinnik.art\/it\/wp-json\/wp\/v2\/comments?post=68"}],"version-history":[{"count":57,"href":"https:\/\/margheritawinnik.art\/it\/wp-json\/wp\/v2\/pages\/68\/revisions"}],"predecessor-version":[{"id":1319,"href":"https:\/\/margheritawinnik.art\/it\/wp-json\/wp\/v2\/pages\/68\/revisions\/1319"}],"wp:attachment":[{"href":"https:\/\/margheritawinnik.art\/it\/wp-json\/wp\/v2\/media?parent=68"}],"curies":[{"name":"wp","href":"https:\/\/api.w.org\/{rel}","templated":true}]}}